{"id":3429,"date":"2020-12-24T16:28:21","date_gmt":"2020-12-24T19:28:21","guid":{"rendered":"https:\/\/www.appoloviracel.com.uy\/?post_type=product&#038;p=3429"},"modified":"2021-12-16T22:29:43","modified_gmt":"2021-12-17T01:29:43","slug":"auricular-edifier-intrauditivo-w200bt-se","status":"publish","type":"product","link":"https:\/\/www.appoloviracel.com.uy\/index.php\/product\/auricular-edifier-intrauditivo-w200bt-se\/","title":{"rendered":"Auricular Edifier \u00abW200BT SE\u00bb (Bluetooth)"},"content":{"rendered":"<h4>Caracter\u00edsticas y especificaciones:<\/h4>\n<ul>\n<li>Corta el ruido con audio de alto rendimiento<\/li>\n<li>Chipset Bluetooth 5.0 serie Qualcomm QCC para reproducci\u00f3n de audio de alta calidad<\/li>\n<li>Algoritmo Qualcomm\u00ae cVcTM 8.0 para una mejor reducci\u00f3n de ruido<\/li>\n<li>Se coordina con la aplicaci\u00f3n Edifier connect para ofrecer una funcionalidad adicional al usuario<\/li>\n<li>La clasificaci\u00f3n IPX4 con recubrimiento nano lo mantiene a prueba de salpicaduras y sudor<\/li>\n<li><strong>Bluetooth 5.0 con 7 horas de duraci\u00f3n de la bater\u00eda<\/strong><\/li>\n<li>El <strong>W200BT<\/strong> utiliza la \u00faltima tecnolog\u00eda Bluetooth para ofrecer una calidad de transmisi\u00f3n de vanguardia con una reproducci\u00f3n casi sin p\u00e9rdidas y una latencia reducida.<\/li>\n<li>Completamente cargado, obtienes 7 horas de m\u00fasica ininterrumpida, as\u00ed que no dudes en mantener tu lista de reproducci\u00f3n durante todo tu d\u00eda de trabajo.<\/li>\n<li>Tecnolog\u00eda Qualcomm cVc con micr\u00f3fono incorporado<\/li>\n<li>Su viaje puede ser ruidoso y agitado a veces con autos en la carretera, personas hablando en el autob\u00fas o tal vez solo un d\u00eda especialmente ventoso.<\/li>\n<li>El <strong>W200BT<\/strong> presenta la nueva tecnolog\u00eda cVc de Qualcomm que utiliza la p\u00e9rdida de paquetes y la ocultaci\u00f3n de errores de bits para suprimir el ruido ambiental y ofrecer la calidad de llamada m\u00e1s clara.<\/li>\n<\/ul>\n<p>&nbsp;<\/p>\n<p><strong>Edifier Connect<\/strong><\/p>\n<p>Con\u00e9ctese a nuestra aplicaci\u00f3n Edifier Connect y obtenga acceso a una gran cantidad de funciones, que incluyen cambiar la configuraci\u00f3n del ecualizador con preajustes integrados, monitorear la vida \u00fatil de la bater\u00eda y opciones de reproducci\u00f3n a trav\u00e9s de la aplicaci\u00f3n. Puede volver a emparejar o desconectar los auriculares de diferentes dispositivos e incluso configurarlo para que se apague autom\u00e1ticamente cuando no haya audiencia para preservar la duraci\u00f3n de la bater\u00eda.<\/p>\n<p>Tambi\u00e9n tiene una funci\u00f3n de asistente de voz, por lo que puede modificar la reproducci\u00f3n con manos libres.<\/p>\n<p><strong>Clasificaci\u00f3n IPX4 a prueba de salpicaduras<\/strong><\/p>\n<p>Ll\u00e9velo al gimnasio y sude una tormenta sin tener que preocuparse por da\u00f1ar sus auriculares. \u00bfLluvia repentina durante tu viaje? \u00a1No hay problema! El nano revestimiento avanzado del W200BT crea un revestimiento repelente al agua que permanece seco incluso durante fuertes lluvias.<\/p>\n<p><strong>Dise\u00f1o ligero de banda para el cuello en una variedad de colores.<\/strong><\/p>\n<p>Disponible en blanco, negro, plateado o rojo, seguramente habr\u00e1 un color que se adapte a tu estado de \u00e1nimo y combine con tu atuendo del d\u00eda. Su dise\u00f1o de banda para el cuello permite auriculares con plumas que apenas recordar\u00e1s que llevas puesto, incluso durante largas sesiones de audici\u00f3n. Tambi\u00e9n proporciona controles de reproducci\u00f3n convenientes y f\u00e1ciles de alcanzar.<\/p>\n<ul>\n<li>Driver: 10mm<\/li>\n<li>Unidad de graves: 10mm<\/li>\n<li>Respuesta de frecuencia: 20Hz &#8211; 20kHz<\/li>\n<li>Nivel de presi\u00f3n sonora (SPL): 94dB &#8211; 3dB<\/li>\n<li>Impedancia nominal: 16 Ohms<\/li>\n<li>Longitud del cable: 1.3m<\/li>\n<li>Conector: enchufe simple de cuatro etapas + 2 clavijas de dos etapas<\/li>\n<\/ul>\n<p>&nbsp;<\/p>\n<h5><strong>*Las im\u00e1genes son a modo ilustrativo.<\/strong><\/h5>\n","protected":false},"excerpt":{"rendered":"<h3><span style=\"color: #ff0000;\"><strong>\u00abArt\u00edculo Agotado\u00bb<\/strong><\/span><\/h3>\n<p><span style=\"color: #ff0000;\">\u00a0<\/span><\/p>\n","protected":false},"featured_media":3430,"comment_status":"open","ping_status":"closed","template":"","meta":[],"_links":{"self":[{"href":"https:\/\/www.appoloviracel.com.uy\/index.php\/wp-json\/wp\/v2\/product\/3429"}],"collection":[{"href":"https:\/\/www.appoloviracel.com.uy\/index.php\/wp-json\/wp\/v2\/product"}],"about":[{"href":"https:\/\/www.appoloviracel.com.uy\/index.php\/wp-json\/wp\/v2\/types\/product"}],"replies":[{"embeddable":true,"href":"https:\/\/www.appoloviracel.com.uy\/index.php\/wp-json\/wp\/v2\/comments?post=3429"}],"wp:featuredmedia":[{"embeddable":true,"href":"https:\/\/www.appoloviracel.com.uy\/index.php\/wp-json\/wp\/v2\/media\/3430"}],"wp:attachment":[{"href":"https:\/\/www.appoloviracel.com.uy\/index.php\/wp-json\/wp\/v2\/media?parent=3429"}],"curies":[{"name":"wp","href":"https:\/\/api.w.org\/{rel}","templated":true}]}}