{"id":33894,"date":"2023-03-16T00:41:34","date_gmt":"2023-03-16T03:41:34","guid":{"rendered":"https:\/\/www.appoloviracel.com.uy\/?post_type=product&#038;p=33894"},"modified":"2025-05-31T12:29:19","modified_gmt":"2025-05-31T15:29:19","slug":"power-bank-xiaomi-mi-3-ultra-compact-10-000mah","status":"publish","type":"product","link":"https:\/\/www.appoloviracel.com.uy\/index.php\/product\/power-bank-xiaomi-mi-3-ultra-compact-10-000mah\/","title":{"rendered":"Power Bank Xiaomi Mi \u00ab3 Ultra Compact\u00bb 10.000mAh"},"content":{"rendered":"<h4>Caracter\u00edsticas y especificaciones:<\/h4>\n<ul>\n<li>Dise\u00f1o compacto | Bater\u00eda con un n\u00facleo de alta calidad | Carga r\u00e1pida inteligente<\/li>\n<li>Alta capacidad de 10 000 mAh, suficiente para cargar tu smartphone por completo.<\/li>\n<li>La salida de alta potencia de 22,5 W reduce el tiempo de carga en un 54 %<\/li>\n<li>Los puertos USB-A y USB-C ofrecen una salida m\u00e1xima de un solo puerto de 22,5 W, lo que proporciona carga r\u00e1pida para dispositivos inteligentes.<\/li>\n<li>Adem\u00e1s de los dos puertos de salida USB-A, tambi\u00e9n cuenta con un puerto de salida USB-C.<\/li>\n<li>Los tres puertos se pueden utilizar simult\u00e1neamente para cargar tres dispositivos a la vez.<\/li>\n<li>Cuenta con dos puertos de entrada de alta potencia: USB-C y Micro-USB. El puerto USB-C es compatible con la carga r\u00e1pida bidireccional y cuenta con una capacidad de entrada m\u00e1xima de 22,5 W, lo que reduce el tiempo necesario para cargar la bater\u00eda externa.<\/li>\n<li>Toca el bot\u00f3n de comprobar la bater\u00eda dos veces para cambiar al modo de carga de baja corriente y cargar dispositivos de baja corriente, como Mi Bluetooth Headset, Mi Smart Band, etc.*Cubre f\u00e1cilmente tus necesidades diarias de carga de dispositivos de baja corriente.<\/li>\n<\/ul>\n<p>&nbsp;<\/p>\n<ul>\n<li>PUERTO DE ENTRADA: USB-C\/MICRO-USB<\/li>\n<li>TEMPERATURA DE FUNCIONAMIENTO: DE 5 &amp;DEG;C A 35 &amp;DEG;<\/li>\n<li>TASA DE CONVERSI\u00d3N DE LA BATER\u00cdA EXTERNA: 74 % (5 V\/3 A)<\/li>\n<li>TIPO DE BATER\u00cdA: BATER\u00cdA DE POL\u00cdMERO DE IONES DE LITIO<\/li>\n<li>PUERTO DE SALIDA: USB-A\/USB-C<\/li>\n<li>TIEMPO DE CARGA: APROXIMADAMENTE 3,5 HORAS<\/li>\n<li>CARGADOR PD DE 24 W O SUPERIOR<\/li>\n<li>CABLE DE C A C) APROXIMADAMENTE 6 HORAS (CARGADOR DE 5 V\/2 A, CABLE INCLUIDO)<\/li>\n<li>POTENCIA DE LA BATER\u00cdA: 37 WH, 3,7 V, 10 000 MAH<\/li>\n<li>PAR\u00c1METROS DE ENTRADA: USB-C 5 V=3 A, 9 V=2,5 A MICRO-USB 5 V=2 A, 9 V=2 A<\/li>\n<li>DIMENSIONES DEL PRODUCTO: 90 mm; 63,9 mm; 24,4 mm<\/li>\n<li>CAPACIDAD NOMINAL: 5500 MAH (5 V\/3 A)<\/li>\n<li>PAR\u00c1METROS DE SALIDA: 22,5 W M\u00c1X.<\/li>\n<li>VARIOS PUERTOS 5 V=3 A,USB-A; 5 V=2,4 A; 9 V=2,5 A M\u00c1X; 12 V=1,85 A M\u00c1X; USB-C:5 V=3 A, 9 V=2,5 A M\u00c1X.; 12 V=1,85 A M\u00c1X.<\/li>\n<\/ul>\n<h5><\/h5>\n<h5><strong>*Las im\u00e1genes son a modo ilustrativo.<\/strong><\/h5>\n","protected":false},"excerpt":{"rendered":"<h3><span style=\"color: #339966;\"><strong>$ 1.600<\/strong><\/span><\/h3>\n","protected":false},"featured_media":33895,"comment_status":"open","ping_status":"closed","template":"","meta":[],"_links":{"self":[{"href":"https:\/\/www.appoloviracel.com.uy\/index.php\/wp-json\/wp\/v2\/product\/33894"}],"collection":[{"href":"https:\/\/www.appoloviracel.com.uy\/index.php\/wp-json\/wp\/v2\/product"}],"about":[{"href":"https:\/\/www.appoloviracel.com.uy\/index.php\/wp-json\/wp\/v2\/types\/product"}],"replies":[{"embeddable":true,"href":"https:\/\/www.appoloviracel.com.uy\/index.php\/wp-json\/wp\/v2\/comments?post=33894"}],"wp:featuredmedia":[{"embeddable":true,"href":"https:\/\/www.appoloviracel.com.uy\/index.php\/wp-json\/wp\/v2\/media\/33895"}],"wp:attachment":[{"href":"https:\/\/www.appoloviracel.com.uy\/index.php\/wp-json\/wp\/v2\/media?parent=33894"}],"curies":[{"name":"wp","href":"https:\/\/api.w.org\/{rel}","templated":true}]}}