{"id":33405,"date":"2023-03-11T21:11:30","date_gmt":"2023-03-12T00:11:30","guid":{"rendered":"https:\/\/www.appoloviracel.com.uy\/?post_type=product&#038;p=33405"},"modified":"2023-10-15T22:10:56","modified_gmt":"2023-10-16T01:10:56","slug":"celular-samsung-galaxy-a04e-32gb-3gb","status":"publish","type":"product","link":"https:\/\/www.appoloviracel.com.uy\/index.php\/product\/celular-samsung-galaxy-a04e-32gb-3gb\/","title":{"rendered":"Celular Samsung \u00abGalaxy A04e\u00bb (64Gb-3Gb)"},"content":{"rendered":"<h4><strong>Caracter\u00edsticas y especificaciones<\/strong><\/h4>\n<ul>\n<li>Entre lo bueno y lo malo, el <strong>Samsung Galaxy A04e (SM-A042F\/DS 32GB)<\/strong> es un <strong>m\u00f3vil Android<\/strong> con procesador de 2.3GHz Octa-core que permite ejecutar juegos y aplicaciones pesadas.<\/li>\n<li>Una ventaja del Samsung Galaxy A04e (SM-A042F\/DS 32GB) es la capacidad de utilizar dos operadores m\u00f3vil, un terminal <strong>Doble-SIM<\/strong> con dos ranuras para tarjetas SIM.<\/li>\n<li>Buena conectividad de este terminal que incluye Bluetooth 5.0 + A2DP\/LE, WiFi 802.11 b\/g\/n (2.4GHz), pero carece de conexi\u00f3n NFC.<\/li>\n<li>Incluyendo la bater\u00eda, el m\u00f3vil Samsung Galaxy A04e (SM-A042F\/DS 32GB) tiene 188 gramos y es un terminal muy delgado con solamente 9,1mm<\/li>\n<li>Del tr\u00edo de Samsung Galaxy A04, <strong>el nuevo Samsung Galaxy A04e es el m\u00e1s b\u00e1sico<\/strong>. La hoja de especificaciones es pr\u00e1cticamente id\u00e9ntica a la del Galaxy A04, pero en este caso con una c\u00e1mara dual de 13 megap\u00edxeles, en lugar de ser de 50 megap\u00edxeles.<\/li>\n<\/ul>\n<p>&nbsp;<\/p>\n<ul>\n<li>Pantalla: LCD 6,5\u2033; HD+<\/li>\n<li>Dimensiones: 164,2 * 75,9 * 9,1 mm<\/li>\n<li>Peso: 188 gramos<\/li>\n<li>Procesador: Ocho n\u00facleos<\/li>\n<li>RAM: 3 GB<\/li>\n<li>Almacenamiento: 64 GB<\/li>\n<li>MicroSD: hasta 1 TB<\/li>\n<li>C\u00e1mara frontal: 5 MP f\/2.2<\/li>\n<li>C\u00e1mara trasera: 13 MP f\/2.2; 2 MP f\/2.4 bokeh<\/li>\n<li>Bater\u00eda: 5.000 mAh<\/li>\n<li>Sistema operativo: Android 12; One UI Core 4.1<\/li>\n<li>Conectividad: LTE; Wi-Fi b\/g\/n; Bluetooth 5.0<\/li>\n<li><strong>S<\/strong>e incluyen los siguientes accesorios: <strong>Cargador y Manual<\/strong><\/li>\n<li><strong>Garant\u00eda:<\/strong> 12 meses contra defecto de fabricaci\u00f3n<\/li>\n<\/ul>\n<h4><\/h4>\n<h4><span style=\"color: #ff0000;\"><strong>Contado efectivo: 10% de Descuento<\/strong><\/span><\/h4>\n<h5><strong>*Las im\u00e1genes son a modo ilustrativo.<\/strong><\/h5>\n","protected":false},"excerpt":{"rendered":"<h3><span style=\"color: #339966;\"><strong>U$S 155<\/strong><\/span><\/h3>\n","protected":false},"featured_media":28252,"comment_status":"open","ping_status":"closed","template":"","meta":[],"_links":{"self":[{"href":"https:\/\/www.appoloviracel.com.uy\/index.php\/wp-json\/wp\/v2\/product\/33405"}],"collection":[{"href":"https:\/\/www.appoloviracel.com.uy\/index.php\/wp-json\/wp\/v2\/product"}],"about":[{"href":"https:\/\/www.appoloviracel.com.uy\/index.php\/wp-json\/wp\/v2\/types\/product"}],"replies":[{"embeddable":true,"href":"https:\/\/www.appoloviracel.com.uy\/index.php\/wp-json\/wp\/v2\/comments?post=33405"}],"wp:featuredmedia":[{"embeddable":true,"href":"https:\/\/www.appoloviracel.com.uy\/index.php\/wp-json\/wp\/v2\/media\/28252"}],"wp:attachment":[{"href":"https:\/\/www.appoloviracel.com.uy\/index.php\/wp-json\/wp\/v2\/media?parent=33405"}],"curies":[{"name":"wp","href":"https:\/\/api.w.org\/{rel}","templated":true}]}}