{"id":3332,"date":"2020-12-20T14:46:57","date_gmt":"2020-12-20T17:46:57","guid":{"rendered":"https:\/\/www.appoloviracel.com.uy\/?post_type=product&#038;p=3332"},"modified":"2024-07-31T10:23:00","modified_gmt":"2024-07-31T13:23:00","slug":"usams-us-yd004-auricular-bluetooth-deportivo-bt-5-0","status":"publish","type":"product","link":"https:\/\/www.appoloviracel.com.uy\/index.php\/product\/usams-us-yd004-auricular-bluetooth-deportivo-bt-5-0\/","title":{"rendered":"Auricular USAMS \u00abUS-YD004\u00bb (Bluetooth Deportivo-BT5.0)"},"content":{"rendered":"<h4>Caracter\u00edsticas y especificaciones:<\/h4>\n<ul>\n<li><strong>USAMS US-YD004 S4<\/strong> Auriculares deportivos con Bluetooth<\/li>\n<li>Con agarre para la oreja suave, estable en uso<\/li>\n<li>BT 5.0, calidad de sonido clara, llamadas HD<\/li>\n<li>Bot\u00f3n convexo para cambio de funci\u00f3n libre<\/li>\n<li>Resistencia al sudor y anti-ca\u00edda, f\u00e1cil de usar<\/li>\n<li><strong>Tipo de producto<\/strong>: Auriculares Bluetooth Deportivos<\/li>\n<li><strong>Versi\u00f3n de Bluetooth<\/strong>: Bluetooth 5.0<\/li>\n<li><strong>Rango de respuesta de frecuencia:<\/strong> 20Hz-20000Hz<\/li>\n<li><strong>Rango de operaci\u00f3n:<\/strong> 10 metros<\/li>\n<li><strong>Di\u00e1metro del altavoz:<\/strong> 10 mm<\/li>\n<li><strong>Micr\u00f3fono:<\/strong> micr\u00f3fono incorporado de alta sensibilidad<\/li>\n<li><strong>Bater\u00eda de auriculares:<\/strong> 90 mAh Bater\u00eda recargable de ion de Litio<\/li>\n<li><strong>Tiempo de reproducci\u00f3n de m\u00fasica:<\/strong> 6 a 8 horas (el volumen de m\u00fasica afectar\u00e1 la duraci\u00f3n)<\/li>\n<\/ul>\n<p>&nbsp;<\/p>\n<h5><strong>*Las im\u00e1genes son a modo ilustrativo.<\/strong><\/h5>\n","protected":false},"excerpt":{"rendered":"<h3><span style=\"color: #ff0000;\">ARTICULO AGOTADO<\/span><\/h3>\n","protected":false},"featured_media":3333,"comment_status":"open","ping_status":"closed","template":"","meta":[],"_links":{"self":[{"href":"https:\/\/www.appoloviracel.com.uy\/index.php\/wp-json\/wp\/v2\/product\/3332"}],"collection":[{"href":"https:\/\/www.appoloviracel.com.uy\/index.php\/wp-json\/wp\/v2\/product"}],"about":[{"href":"https:\/\/www.appoloviracel.com.uy\/index.php\/wp-json\/wp\/v2\/types\/product"}],"replies":[{"embeddable":true,"href":"https:\/\/www.appoloviracel.com.uy\/index.php\/wp-json\/wp\/v2\/comments?post=3332"}],"wp:featuredmedia":[{"embeddable":true,"href":"https:\/\/www.appoloviracel.com.uy\/index.php\/wp-json\/wp\/v2\/media\/3333"}],"wp:attachment":[{"href":"https:\/\/www.appoloviracel.com.uy\/index.php\/wp-json\/wp\/v2\/media?parent=3332"}],"curies":[{"name":"wp","href":"https:\/\/api.w.org\/{rel}","templated":true}]}}