{"id":32425,"date":"2023-02-24T20:08:20","date_gmt":"2023-02-24T23:08:20","guid":{"rendered":"https:\/\/www.appoloviracel.com.uy\/?post_type=product&#038;p=32425"},"modified":"2024-09-20T16:55:49","modified_gmt":"2024-09-20T19:55:49","slug":"auricular-roca-m6-mini-tws-bluetooth","status":"publish","type":"product","link":"https:\/\/www.appoloviracel.com.uy\/index.php\/product\/auricular-roca-m6-mini-tws-bluetooth\/","title":{"rendered":"Auricular ROCA \u00abM6 Mini\u00bb TWS (Bluetooth)"},"content":{"rendered":"<h4>Caracter\u00edsticas y especificaciones:<\/h4>\n<ul>\n<li>El chip Bluetooth 5.0 brinda una transmisi\u00f3n estable y de alta velocidad, que tiene una fuerte capacidad de antiinterferencia. El Mini auricular Bluetooth de tama\u00f1o compacto es f\u00e1cil de llevar.<\/li>\n<li>El nivel de impermeabilidad IPX7 lo hace accesible en d\u00edas de lluvia. Con una bater\u00eda de gran capacidad, el auricular inal\u00e1mbrico puede funcionar durante mucho tiempo.<\/li>\n<li>Hecho de material ABS premium, el auricular Bluetooth es confiable y duradero.<\/li>\n<li>La longitud de la caja de carga es de 10 cm, el ancho es de 8cm y el espesor de 3,5 cm.<\/li>\n<li>Es adecuado para que utilice el auricular Bluetooth para escuchar m\u00fasica.<\/li>\n<li>Tama\u00f1o: 10cm * 8cm * 3,5 cm \/3,94 pulgadas * 3,15 pulgadas * 1,38 pulgadas<\/li>\n<li>Versi\u00f3n de Bluetooth: 5.0<\/li>\n<li>Distancia Bluetooth: 10m<\/li>\n<li>Emparejamiento autom\u00e1tico: S\u00ed<\/li>\n<li>Grado de Impermeabilidad: IPX7<\/li>\n<li>Capacidad de la bater\u00eda del compartimiento de carga: 4000mAh (incluido)<\/li>\n<li>Capacidad de la bater\u00eda de los auriculares: 50mAh (incluida)<\/li>\n<li>Versi\u00f3n de reducci\u00f3n de ruido: CVC8.0<\/li>\n<li><strong>Excelente calidad de fabricaci\u00f3n y sonido.<\/strong><\/li>\n<li><strong>Dise\u00f1o ergon\u00f3mico, c\u00f3modo de llevar, calidad de sonido perfecta.<\/strong><\/li>\n<li><strong>M\u00e1ximo confort y performance.<\/strong><\/li>\n<li><strong>Auriculares de alta calidad, con cancelaci\u00f3n de ruido para una mejor experiencia.<\/strong><\/li>\n<li><strong>Dise\u00f1ado para obtener una mejor ac\u00fastica y ajuste ergon\u00f3mico.<\/strong><\/li>\n<li><strong>Di\u00e1metro del Auricular: 10mm<\/strong><\/li>\n<li><strong>Impedancia: 30ohm<\/strong><\/li>\n<li><strong>Potencia: 100MW<\/strong><\/li>\n<\/ul>\n<p><strong>\u00a0<\/strong><\/p>\n<h5><strong>*Las im\u00e1genes son a modo ilustrativo.<\/strong><\/h5>\n","protected":false},"excerpt":{"rendered":"<h3><span style=\"color: #339966;\"><strong>$ 690<\/strong><\/span><\/h3>\n","protected":false},"featured_media":32426,"comment_status":"open","ping_status":"closed","template":"","meta":[],"_links":{"self":[{"href":"https:\/\/www.appoloviracel.com.uy\/index.php\/wp-json\/wp\/v2\/product\/32425"}],"collection":[{"href":"https:\/\/www.appoloviracel.com.uy\/index.php\/wp-json\/wp\/v2\/product"}],"about":[{"href":"https:\/\/www.appoloviracel.com.uy\/index.php\/wp-json\/wp\/v2\/types\/product"}],"replies":[{"embeddable":true,"href":"https:\/\/www.appoloviracel.com.uy\/index.php\/wp-json\/wp\/v2\/comments?post=32425"}],"wp:featuredmedia":[{"embeddable":true,"href":"https:\/\/www.appoloviracel.com.uy\/index.php\/wp-json\/wp\/v2\/media\/32426"}],"wp:attachment":[{"href":"https:\/\/www.appoloviracel.com.uy\/index.php\/wp-json\/wp\/v2\/media?parent=32425"}],"curies":[{"name":"wp","href":"https:\/\/api.w.org\/{rel}","templated":true}]}}