{"id":32157,"date":"2023-02-18T11:07:47","date_gmt":"2023-02-18T14:07:47","guid":{"rendered":"https:\/\/www.appoloviracel.com.uy\/?post_type=product&#038;p=32157"},"modified":"2024-10-12T09:48:22","modified_gmt":"2024-10-12T12:48:22","slug":"celular-xiaomi-redmi-note11pro-5g-256gb-8gb","status":"publish","type":"product","link":"https:\/\/www.appoloviracel.com.uy\/index.php\/product\/celular-xiaomi-redmi-note11pro-5g-256gb-8gb\/","title":{"rendered":"Celular Xiaomi \u00abRedmi Note11Pro +\u00bb 5G (256Gb-8Gb)"},"content":{"rendered":"<h4>Caracter\u00edsticas y especificaciones:<strong>\u00a0<\/strong><\/h4>\n<h5><span style=\"color: #ff0000;\"><strong>Apto para LTE de todas las compa\u00f1\u00edas.<\/strong><\/span><\/h5>\n<p>Da un paso delante de la mano de Xiaomi con el Redmi Note 11 Pro 5G. Velocidad, tecnolog\u00eda y un sorprendente set de tres c\u00e1maras que tienes que probar. Disfruta transmisiones en vivo y videojuegos sin pausa gracias a su procesador Snapdragon\u00ae 695 5G y a la tecnolog\u00eda de su pantalla AMOLED FHD+ DotDisplay de 6.67&#8242; a 120 Hz.<\/p>\n<p>Logra fotograf\u00edas excepcionales para tus redes sociales con su c\u00e1mara principal de 108 megapixeles, y con los lentes ultra gran angular y macro captura de forma extraordinaria tanto paisajes estremecedores como creaturas diminutas con m\u00e1ximo detalle (c\u00e1mara dorsal triple de 108MP con lentes ultrawide de 8MP y macro de 2MP, c\u00e1mara selfie de 16MP).<\/p>\n<h5><u>Pantalla:<\/u><\/h5>\n<ul>\n<li>Pantalla AMOLED FHD+ DotDisplay de 6,67&#8243;<\/li>\n<li>Tasa de refresco: Hasta 120 Hz<\/li>\n<li>Brillo m\u00e1ximo: 1200 nits (typ.)<\/li>\n<li>Resoluci\u00f3n: 2400 x 1080 (395\u00a0pixeles por pulgada)<\/li>\n<li>Sunlight Display<\/li>\n<li>Reading Mode 3.0<\/li>\n<\/ul>\n<h5><\/h5>\n<h5><u>Memoria:<\/u><\/h5>\n<ul>\n<li>ROM: 128GB<\/li>\n<li>RAM: 6GB<\/li>\n<li>Almacenamiento ampliable hasta 1TB<\/li>\n<\/ul>\n<h5><\/h5>\n<h5><u>Procesador:<\/u><\/h5>\n<ul>\n<li>Chip: Snapdragon 695<\/li>\n<li>CPU: 8 n\u00facleos, hasta 2,2\u00a0GHz<\/li>\n<li>GPU: Qualcomm\u00ae Adreno\u00a0619<\/li>\n<\/ul>\n<p>&nbsp;<\/p>\n<h5><u>C\u00e1mara trasera<\/u>:<\/h5>\n<ul>\n<li>C\u00e1mara gran angular de 108\u00a0MP (f\/1,9)<\/li>\n<li>C\u00e1mara ultra gran angular de 8\u00a0MP (f\/2,2)<\/li>\n<li>C\u00e1mara macro de 2\u00a0MP (f\/2,4)<\/li>\n<\/ul>\n<p>&nbsp;<\/p>\n<h5><u>Grabaci\u00f3n de v\u00eddeo de la c\u00e1mara trasera<\/u><\/h5>\n<ul>\n<li>1080p 1920\u00a0x\u00a01080 | 30\u00a0fps<\/li>\n<li>720p 1280\u00a0x\u00a0720 | 30\u00a0fps<\/li>\n<\/ul>\n<p>&nbsp;<\/p>\n<h5><u>C\u00e1mara frontal:<\/u><\/h5>\n<ul>\n<li>C\u00e1mara frontal de 16\u00a0MP (f\/2,4)<\/li>\n<\/ul>\n<p>&nbsp;<\/p>\n<h5><u>Bateria y carga:<\/u><\/h5>\n<ul>\n<li>5000 mAh (typ)<\/li>\n<li>Carga turbo de 67\u00a0W<\/li>\n<li>Cargador incluido de 67\u00a0W<\/li>\n<li>USB-C<\/li>\n<\/ul>\n<p>&nbsp;<\/p>\n<h5><u>Seguridad<\/u>:<\/h5>\n<ul>\n<li>Sensor de huella dactilar lateral<\/li>\n<li>Desbloqueo facial por IA<\/li>\n<\/ul>\n<p>&nbsp;<\/p>\n<h5><u>Redes y conectividad:<\/u><\/h5>\n<ul>\n<li>SIM 1 e h\u00edbrida (SIM o microSD)<\/li>\n<li>4G: LTE<\/li>\n<li>5G<\/li>\n<li>Bluetooth 5.1<\/li>\n<li>Protocolo de Wi-Fi: 802.11a\/b\/g\/n\/ac<\/li>\n<\/ul>\n<p>&nbsp;<\/p>\n<h5><u>Navegaci\u00f3n y posicionamiento<\/u>:<\/h5>\n<p>GPS L1 | Glonass G1 | BDS B1 | Galileo E1<\/p>\n<h5><u>Sensores<\/u>:<\/h5>\n<p>Sensor de proximidad | Sensor de luz ambiental | Aceler\u00f3metro | Br\u00fajula electr\u00f3nica | Emisor de infrarrojos | Giroscopio<\/p>\n<ul>\n<li>Se incluyen los siguientes accesorios: <strong>Cargador y Manual<\/strong><\/li>\n<li><strong>Garant\u00eda:<\/strong> 12 meses contra defecto de fabricaci\u00f3n<\/li>\n<\/ul>\n<h4><\/h4>\n<h4><span style=\"color: #ff0000;\"><strong>Contado efectivo: 10% de Descuento<\/strong><\/span><\/h4>\n<h5><strong>*Las im\u00e1genes son a modo ilustrativo.<\/strong><\/h5>\n","protected":false},"excerpt":{"rendered":"<h3><span style=\"color: #ff0000;\"><strong>AGOTADO<\/strong><\/span><\/h3>\n","protected":false},"featured_media":32158,"comment_status":"open","ping_status":"closed","template":"","meta":[],"_links":{"self":[{"href":"https:\/\/www.appoloviracel.com.uy\/index.php\/wp-json\/wp\/v2\/product\/32157"}],"collection":[{"href":"https:\/\/www.appoloviracel.com.uy\/index.php\/wp-json\/wp\/v2\/product"}],"about":[{"href":"https:\/\/www.appoloviracel.com.uy\/index.php\/wp-json\/wp\/v2\/types\/product"}],"replies":[{"embeddable":true,"href":"https:\/\/www.appoloviracel.com.uy\/index.php\/wp-json\/wp\/v2\/comments?post=32157"}],"wp:featuredmedia":[{"embeddable":true,"href":"https:\/\/www.appoloviracel.com.uy\/index.php\/wp-json\/wp\/v2\/media\/32158"}],"wp:attachment":[{"href":"https:\/\/www.appoloviracel.com.uy\/index.php\/wp-json\/wp\/v2\/media?parent=32157"}],"curies":[{"name":"wp","href":"https:\/\/api.w.org\/{rel}","templated":true}]}}