{"id":31549,"date":"2023-02-10T23:47:06","date_gmt":"2023-02-11T02:47:06","guid":{"rendered":"https:\/\/www.appoloviracel.com.uy\/?post_type=product&#038;p=31549"},"modified":"2023-03-31T23:02:33","modified_gmt":"2023-04-01T02:02:33","slug":"smartwatch-kieslect-l11-pro","status":"publish","type":"product","link":"https:\/\/www.appoloviracel.com.uy\/index.php\/product\/smartwatch-kieslect-l11-pro\/","title":{"rendered":"Smartwatch Kieslect \u00abL11 Pro\u00bb"},"content":{"rendered":"<h4>Caracter\u00edsticas y especificaciones:<\/h4>\n<p>El reloj inteligente Xiaomi IMILAB W11 es un reloj para aquellas que siempre est\u00e1n en movimiento. Con un dise\u00f1o muy tradicional, este reloj inteligente trae varias funciones a tu alcance. Tiene 13 modos deportivos, un puls\u00f3metro.<\/p>\n<ul>\n<li>Impermeable<\/li>\n<li>Bluetooth 5.0<\/li>\n<li>Tama\u00f1o de pantalla: 1.09\u00bb LCD TFT 240 * 240<\/li>\n<li><strong>Pantalla Semi-Amoled 2.5D FHD 1.3&#8243;<\/strong><\/li>\n<li><strong>Resoluci\u00f3n: 360 * 360<\/strong><\/li>\n<li><strong>Resistencia al agua: IP68<\/strong><\/li>\n<li><strong>Bater\u00eda: 330 mAh<\/strong><\/li>\n<li>Duraci\u00f3n de la bater\u00eda aprox. entre 15 y 20 d\u00edas<\/li>\n<li><strong>Tiempo de carga: 2.5 horas aprox.<\/strong><\/li>\n<li><strong>13 Modo deportivo.<\/strong><\/li>\n<li>Sensores: sensor de ritmo card\u00edaco \u00f3ptico din\u00e1mico ultrabajo y aceler\u00f3metro.<\/li>\n<li>Modo de entrenamiento: trotar, caminata r\u00e1pida, andar en bicicleta, escalar, correr en interiores, spinning, yoga, gimnasio, entrenamiento libre, baloncesto, f\u00fatbol y paseos en bote<\/li>\n<li>Notificaciones<\/li>\n<li>Mostrar \/ rechazar llamada<\/li>\n<li>Monitor de sue\u00f1o<\/li>\n<li>Monitor de pulso cardiaco<\/li>\n<li><strong>Monitor de ox\u00edgeno en sangre.<\/strong><\/li>\n<li><strong>Recordatorio menstrual femenino.<\/strong><\/li>\n<li>Pod\u00f3metro<\/li>\n<li>Control de la m\u00fasica<\/li>\n<li>Requisitos: Android 4.4 y superior, iOS 8.0 y superior<\/li>\n<li><strong>Garant\u00eda<\/strong>: 6 meses contra defecto de fabricaci\u00f3n<\/li>\n<\/ul>\n<h4><\/h4>\n<h4><span style=\"color: #ff0000;\"><strong>* La garant\u00eda no cubre falla que se pueda dar por un uso intensivo.<\/strong><\/span><\/h4>\n<h5><strong>\u00a0*Las im\u00e1genes son a modo ilustrativo.<\/strong><\/h5>\n","protected":false},"excerpt":{"rendered":"<h3><span style=\"color: #339966;\"><strong>U$S 79<\/strong><\/span><\/h3>\n","protected":false},"featured_media":31556,"comment_status":"open","ping_status":"closed","template":"","meta":[],"_links":{"self":[{"href":"https:\/\/www.appoloviracel.com.uy\/index.php\/wp-json\/wp\/v2\/product\/31549"}],"collection":[{"href":"https:\/\/www.appoloviracel.com.uy\/index.php\/wp-json\/wp\/v2\/product"}],"about":[{"href":"https:\/\/www.appoloviracel.com.uy\/index.php\/wp-json\/wp\/v2\/types\/product"}],"replies":[{"embeddable":true,"href":"https:\/\/www.appoloviracel.com.uy\/index.php\/wp-json\/wp\/v2\/comments?post=31549"}],"wp:featuredmedia":[{"embeddable":true,"href":"https:\/\/www.appoloviracel.com.uy\/index.php\/wp-json\/wp\/v2\/media\/31556"}],"wp:attachment":[{"href":"https:\/\/www.appoloviracel.com.uy\/index.php\/wp-json\/wp\/v2\/media?parent=31549"}],"curies":[{"name":"wp","href":"https:\/\/api.w.org\/{rel}","templated":true}]}}