{"id":3154,"date":"2020-12-15T11:32:34","date_gmt":"2020-12-15T14:32:34","guid":{"rendered":"https:\/\/www.appoloviracel.com.uy\/?post_type=product&#038;p=3154"},"modified":"2021-06-06T00:17:00","modified_gmt":"2021-06-06T03:17:00","slug":"iphone-6s-plus-a-64gb-2gb","status":"publish","type":"product","link":"https:\/\/www.appoloviracel.com.uy\/index.php\/product\/iphone-6s-plus-a-64gb-2gb\/","title":{"rendered":"Celular iPhone \u00ab6sPlus\u00bbA+ (32Gb-2Gb)"},"content":{"rendered":"<h4>Caracter\u00edsticas y especificaciones:<\/h4>\n<h4><span style=\"color: #ff0000;\"><strong>Equipo A+<\/strong><\/span><\/h4>\n<p>El <strong>Apple iPhone 6S Plus<\/strong> es la nueva generaci\u00f3n del iPhone 6 Plus, conservando la pantalla de 5.5 pulgadas y su dise\u00f1o exterior, pero agregando un procesador A9, c\u00e1mara principal de 12 megapixels, c\u00e1mara frontal de 5 megapixels, tecnolog\u00eda 3D Touch que permite la detecci\u00f3n de la presi\u00f3n ejercida en la pantalla para interactuar con iOS 9 y lector de huellas dactilares Touch ID de segunda generaci\u00f3n.<strong>\u00a0<\/strong><\/p>\n<ul>\n<li><strong>Dimensiones f\u00edsicas: <\/strong>158,2*77,9*7,3 mm<\/li>\n<li><strong>Peso:<\/strong> 192 gramos<\/li>\n<li><strong>Pantalla: <\/strong>IPS LCD 5,5 pulgadas<\/li>\n<li><strong>Resoluci\u00f3n: <\/strong>1920*1080 p\u00edxeles (401 ppp)<\/li>\n<li><strong>Procesador: <\/strong>Apple A9 (2 * 2,0 GHz, 64 bits), Coprocesador M9 con activaci\u00f3n por voz<\/li>\n<li><strong>Memoria: ROM de <\/strong>64Gb (no ampliable)<\/li>\n<li><strong>Memoria:\u00a0RAM<\/strong> de 2 GB<\/li>\n<li><strong>Versi\u00f3n software: <\/strong>iOS 9<\/li>\n<li><strong>Conectividad: <\/strong>LTE Cat 6, NFC, Bluetooth 4.2, Wi\u2011Fi<\/li>\n<li><strong>C\u00e1maras: <\/strong><strong>Posterior <\/strong>de 12 MP, 1,22 micrometros por pixel, apertura f\/2.2 &#8211;\u00a0 Grabaci\u00f3n 4K a 30 FPS, 1080p 60 FPS &#8211;\u00a0 <strong>Frontal<\/strong> de 5 MP con Retina flash<\/li>\n<li>Se incluyen los siguientes accesorios: <strong>Cargador, Auriculares y Manual<\/strong><\/li>\n<li><strong>Garant\u00eda:<\/strong> 6 meses contra defecto de fabricaci\u00f3n<\/li>\n<\/ul>\n<h4><\/h4>\n<h4><span style=\"color: #ff0000;\"><strong>Contado efectivo: 10% de Descuento<\/strong><\/span><\/h4>\n<h5><strong>*Las im\u00e1genes son a modo ilustrativo.<\/strong><\/h5>\n","protected":false},"excerpt":{"rendered":"<h3><span style=\"color: #339966;\"><strong>U$S 450<\/strong><\/span><\/h3>\n","protected":false},"featured_media":3155,"comment_status":"open","ping_status":"closed","template":"","meta":[],"_links":{"self":[{"href":"https:\/\/www.appoloviracel.com.uy\/index.php\/wp-json\/wp\/v2\/product\/3154"}],"collection":[{"href":"https:\/\/www.appoloviracel.com.uy\/index.php\/wp-json\/wp\/v2\/product"}],"about":[{"href":"https:\/\/www.appoloviracel.com.uy\/index.php\/wp-json\/wp\/v2\/types\/product"}],"replies":[{"embeddable":true,"href":"https:\/\/www.appoloviracel.com.uy\/index.php\/wp-json\/wp\/v2\/comments?post=3154"}],"wp:featuredmedia":[{"embeddable":true,"href":"https:\/\/www.appoloviracel.com.uy\/index.php\/wp-json\/wp\/v2\/media\/3155"}],"wp:attachment":[{"href":"https:\/\/www.appoloviracel.com.uy\/index.php\/wp-json\/wp\/v2\/media?parent=3154"}],"curies":[{"name":"wp","href":"https:\/\/api.w.org\/{rel}","templated":true}]}}