{"id":3129,"date":"2020-12-15T00:38:28","date_gmt":"2020-12-15T03:38:28","guid":{"rendered":"https:\/\/www.appoloviracel.com.uy\/?post_type=product&#038;p=3129"},"modified":"2021-06-06T00:33:47","modified_gmt":"2021-06-06T03:33:47","slug":"xiaomi-mi-10-lite-5g-128gb-6gb","status":"publish","type":"product","link":"https:\/\/www.appoloviracel.com.uy\/index.php\/product\/xiaomi-mi-10-lite-5g-128gb-6gb\/","title":{"rendered":"Celular Xiaomi \u00abMi 10Lite\u00bb 5G (128Gb-6Gb)"},"content":{"rendered":"<h4>Caracter\u00edsticas y especificaciones:<\/h4>\n<ul>\n<li><strong>Conectividad 5G.<\/strong><\/li>\n<li><strong>Pantalla: 6.57&#8243;, 1080 * 2400 pixels. Tipo: Gorilla Glass 5.<\/strong><\/li>\n<li><strong>Procesador: Snapdragon 765G 2.4GHz<\/strong><\/li>\n<li><strong>RAM: 6Gb<\/strong><\/li>\n<li><strong>Almacenamiento: 128Gb<\/strong><\/li>\n<li><strong>Expansi\u00f3n: sin microSD<\/strong><\/li>\n<li><strong>Sonido Hi-Fi.<\/strong><\/li>\n<li><strong>C\u00e1mara frontal de alta resoluci\u00f3n (16MP) <\/strong><\/li>\n<li><strong>C\u00e1mara: Cu\u00e1druple de alta resoluci\u00f3n:\u00a0 48MP+8MP +2MP+2MP<\/strong><\/li>\n<li><strong>Bater\u00eda: 4160 mAh<\/strong><\/li>\n<li><strong>OS: Android 10<\/strong><\/li>\n<li><strong>Perfil: 7.9 mm<\/strong><\/li>\n<li><strong>Lector de huellas embebido en pantalla.<\/strong><\/li>\n<li><strong>Carga r\u00e1pida (20W)<\/strong><\/li>\n<li><strong>Gran bater\u00eda (4160mAh)<\/strong><\/li>\n<li><strong>Peso: 192 g<\/strong><\/li>\n<li>Se incluyen los siguientes accesorios: <strong>Cargador y Manual <\/strong><\/li>\n<li><strong>Garant\u00eda:<\/strong> 12 meses contra defecto de fabricaci\u00f3n<\/li>\n<\/ul>\n<p>&nbsp;<\/p>\n<h4><span style=\"color: #ff0000;\"><strong>Contado efectivo: 10% de Descuento<\/strong><\/span><\/h4>\n<h5><strong>*Las im\u00e1genes son a modo ilustrativo.<\/strong><\/h5>\n","protected":false},"excerpt":{"rendered":"<h3><span style=\"color: #ff0000;\">\u00abArt\u00edculo Agotado\u00bb<\/span><\/h3>\n","protected":false},"featured_media":3130,"comment_status":"open","ping_status":"closed","template":"","meta":[],"_links":{"self":[{"href":"https:\/\/www.appoloviracel.com.uy\/index.php\/wp-json\/wp\/v2\/product\/3129"}],"collection":[{"href":"https:\/\/www.appoloviracel.com.uy\/index.php\/wp-json\/wp\/v2\/product"}],"about":[{"href":"https:\/\/www.appoloviracel.com.uy\/index.php\/wp-json\/wp\/v2\/types\/product"}],"replies":[{"embeddable":true,"href":"https:\/\/www.appoloviracel.com.uy\/index.php\/wp-json\/wp\/v2\/comments?post=3129"}],"wp:featuredmedia":[{"embeddable":true,"href":"https:\/\/www.appoloviracel.com.uy\/index.php\/wp-json\/wp\/v2\/media\/3130"}],"wp:attachment":[{"href":"https:\/\/www.appoloviracel.com.uy\/index.php\/wp-json\/wp\/v2\/media?parent=3129"}],"curies":[{"name":"wp","href":"https:\/\/api.w.org\/{rel}","templated":true}]}}