{"id":3113,"date":"2020-12-15T16:10:47","date_gmt":"2020-12-15T19:10:47","guid":{"rendered":"https:\/\/www.appoloviracel.com.uy\/?post_type=product&#038;p=3113"},"modified":"2025-08-26T11:42:11","modified_gmt":"2025-08-26T14:42:11","slug":"energizer-energy-e241s-4g-lite-512mb-512mb","status":"publish","type":"product","link":"https:\/\/www.appoloviracel.com.uy\/index.php\/product\/energizer-energy-e241s-4g-lite-512mb-512mb\/","title":{"rendered":"Celular Energizer \u00abEnergy E241s\u00bb 4GHz Lite (512Mb-512Mb)"},"content":{"rendered":"<h4>Caracter\u00edsticas y especificaciones:<\/h4>\n<p>\u00b7\u00a0<strong> Bater\u00eda<\/strong><\/p>\n<ul>\n<li>Bateria tipo: Ion Litio<\/li>\n<li>Capacidad bater\u00eda:1000 Amperios hora<\/li>\n<\/ul>\n<p>\u00b7\u00a0<strong> C\u00e1mara de fotos<\/strong><\/p>\n<ul>\n<li>Resoluci\u00f3n c\u00e1mara de fotos: 0.3 Megap\u00edxeles<\/li>\n<li>Resoluci\u00f3n c\u00e1mara de fotos secundaria: 0.3 Megap\u00edxeles<\/li>\n<li>Tipo de Flash: LED<\/li>\n<\/ul>\n<h4><\/h4>\n<h4>\u00b7\u00a0 C\u00e1mara de v\u00eddeo<\/h4>\n<ul>\n<li>Captura de v\u00eddeo: Si<\/li>\n<\/ul>\n<h4><\/h4>\n<h4>\u00b7\u00a0 Conexi\u00f3n<\/h4>\n<ul>\n<li>Conectividad: Bluetooth 2.1 EDR, Punto de acceso WiFi, Wi-Fi 802.11 b\/g\/n<\/li>\n<li>Conectividad datos: HSPA<\/li>\n<li>Conectores: Jack 3.5 mm para auriculares, Micro USB 2.0<\/li>\n<\/ul>\n<ul>\n<li id=\"wp-admin-bar-view\"><a class=\"ab-item\" href=\"https:\/\/www.appoloviracel.com.uy\/index.php\/product\/energizer-energy-e241s-4g-lite-512mb-512mb\/\">Ver producto<\/a><\/li>\n<\/ul>\n<h4>\u00b7\u00a0 Dise\u00f1o<\/h4>\n<ul>\n<li>Colores: Blanco, Carbono, Gris, Naranja, Negro, Rojo<\/li>\n<li>Dimensiones (alto): 125.3 Mil\u00edmetros<\/li>\n<li>Dimensiones (ancho): 54 Mil\u00edmetros<\/li>\n<li>Dimensiones (profundidad): 14.5 Mil\u00edmetros<\/li>\n<li>Peso: 72 grs.<\/li>\n<\/ul>\n<h4><\/h4>\n<h4>\u00b7\u00a0 GPS<\/h4>\n<ul>\n<li>GPS: A-GPS, Si<\/li>\n<\/ul>\n<h4><\/h4>\n<h4>\u00b7\u00a0 Memoria<\/h4>\n<ul>\n<li>Expansi\u00f3n memoria: microSD (hasta 32 Gb)<\/li>\n<li>Memoria RAM: 512 Mb<\/li>\n<li>Memoria tel\u00e9fono: 512 Mb<\/li>\n<\/ul>\n<h4><\/h4>\n<h4>\u00b7\u00a0 Pantalla<\/h4>\n<ul>\n<li>Densidad de p\u00edxeles: 167 ppi<\/li>\n<li>Pantalla colores: 256000<\/li>\n<li>Pantalla tipo: TFT<\/li>\n<li>Resoluci\u00f3n pantalla (Ancho): 240 Pixels<\/li>\n<li>Resoluci\u00f3n pantalla (Largo): 320 Pixels<\/li>\n<li>Tama\u00f1o: 2.4 Pulgadas<\/li>\n<\/ul>\n<h4><\/h4>\n<h4>\u00b7\u00a0 Red<\/h4>\n<ul>\n<li>Red 3G (HSDPA): 2100, 900<\/li>\n<li>Red GSM: 1800, 1900, 850, 900<\/li>\n<\/ul>\n<h4><\/h4>\n<h4>\u00b7\u00a0 Sistema<\/h4>\n<ul>\n<li>Dual SIM: Dual SIM<\/li>\n<li>Procesador: Mali-820, Quad-core 1.3 GHz Cortex-A53, Spreadtrum SC7731E<\/li>\n<li>Sistema operativo: Kai OS<\/li>\n<li>Tipo de SIM: Mini Sim<\/li>\n<li>Se incluyen los siguientes accesorios: <strong>Cargador y Manual<\/strong><\/li>\n<li><strong>Garant\u00eda:<\/strong> 12 meses contra defecto de fabricaci\u00f3n<\/li>\n<\/ul>\n<h4><\/h4>\n<h5><strong>*Las im\u00e1genes son a modo ilustrativo.<\/strong><\/h5>\n","protected":false},"excerpt":{"rendered":"<h3><span style=\"color: #ff0000;\"><strong>\u00abArt\u00edculo Agotado\u00bb<\/strong><\/span><\/h3>\n<h3><span style=\"color: #339966;\"><strong>\u00a0<\/strong><\/span><\/h3>\n","protected":false},"featured_media":3114,"comment_status":"open","ping_status":"closed","template":"","meta":[],"_links":{"self":[{"href":"https:\/\/www.appoloviracel.com.uy\/index.php\/wp-json\/wp\/v2\/product\/3113"}],"collection":[{"href":"https:\/\/www.appoloviracel.com.uy\/index.php\/wp-json\/wp\/v2\/product"}],"about":[{"href":"https:\/\/www.appoloviracel.com.uy\/index.php\/wp-json\/wp\/v2\/types\/product"}],"replies":[{"embeddable":true,"href":"https:\/\/www.appoloviracel.com.uy\/index.php\/wp-json\/wp\/v2\/comments?post=3113"}],"wp:featuredmedia":[{"embeddable":true,"href":"https:\/\/www.appoloviracel.com.uy\/index.php\/wp-json\/wp\/v2\/media\/3114"}],"wp:attachment":[{"href":"https:\/\/www.appoloviracel.com.uy\/index.php\/wp-json\/wp\/v2\/media?parent=3113"}],"curies":[{"name":"wp","href":"https:\/\/api.w.org\/{rel}","templated":true}]}}