{"id":3107,"date":"2020-12-15T16:07:20","date_gmt":"2020-12-15T19:07:20","guid":{"rendered":"https:\/\/www.appoloviracel.com.uy\/?post_type=product&#038;p=3107"},"modified":"2021-06-19T14:08:54","modified_gmt":"2021-06-19T17:08:54","slug":"energizer-energy-e11-2ghz-32mb-32mb","status":"publish","type":"product","link":"https:\/\/www.appoloviracel.com.uy\/index.php\/product\/energizer-energy-e11-2ghz-32mb-32mb\/","title":{"rendered":"Celular Energizer \u00abEnergy E11\u00bb 2GHz (32Mb-32Mb)"},"content":{"rendered":"<ul>\n<li>Tiene un sistema GSM.<\/li>\n<li><strong>Memoria ROM: <\/strong>32 MB<\/li>\n<li><strong>Memoria RAM:<\/strong>32 MB<\/li>\n<li>Tiene incorporado 32 MB de memoria para datos (fotos, m\u00fasica, v\u00eddeo, etc.).<\/li>\n<li>Est\u00e1 equipado con un chipset Mediatek MT6261D.<\/li>\n<li>La pantalla ocupa alrededor de 18.6% de la superficie total del dispositivo.<\/li>\n<li>El tama\u00f1o de la pantalla principal es de displaysize1.8 pulgadas, 10.2 cm2 con la resoluci\u00f3n 128 * 160 p\u00edxeles<\/li>\n<li>El n\u00famero de p\u00edxeles por una pulgada (ppi) es de aproximadamente 114 ppi density)<\/li>\n<li>.<strong>Bater\u00eda: <\/strong>Extra\u00edble<\/li>\n<li>Bater\u00eda de larga duraci\u00f3n en un celular de formato peque\u00f1o.<\/li>\n<li>Gran capacidad de bater\u00eda de 1800 mAh: hasta 12 horas de uso continuo y hasta 9 d\u00edas de uso en stand by.<\/li>\n<li>Funciones de linterna y vibraci\u00f3n. Encendido f\u00e1cil de linterna con un solo bot\u00f3n.<\/li>\n<li>Dual SIM + microSD de hasta 16 Gb<\/li>\n<li><strong>Dimensiones: <\/strong>114 * 48 * 25.9 mm<\/li>\n<li><strong>Peso: <\/strong>90 grs.<\/li>\n<li>Se incluyen los siguientes accesorios: <strong>Cargador y Manual<\/strong><\/li>\n<li><strong>Garant\u00eda:<\/strong> 12 meses contra defecto de fabricaci\u00f3n<\/li>\n<\/ul>\n<h4><\/h4>\n<h5><strong>*Las im\u00e1genes son a modo ilustrativo.<\/strong><\/h5>\n","protected":false},"excerpt":{"rendered":"<h3><span style=\"color: #ff0000;\"><strong>\u00abArt\u00edculo Agotado\u00bb<\/strong><\/span><\/h3>\n","protected":false},"featured_media":3108,"comment_status":"open","ping_status":"closed","template":"","meta":[],"_links":{"self":[{"href":"https:\/\/www.appoloviracel.com.uy\/index.php\/wp-json\/wp\/v2\/product\/3107"}],"collection":[{"href":"https:\/\/www.appoloviracel.com.uy\/index.php\/wp-json\/wp\/v2\/product"}],"about":[{"href":"https:\/\/www.appoloviracel.com.uy\/index.php\/wp-json\/wp\/v2\/types\/product"}],"replies":[{"embeddable":true,"href":"https:\/\/www.appoloviracel.com.uy\/index.php\/wp-json\/wp\/v2\/comments?post=3107"}],"wp:featuredmedia":[{"embeddable":true,"href":"https:\/\/www.appoloviracel.com.uy\/index.php\/wp-json\/wp\/v2\/media\/3108"}],"wp:attachment":[{"href":"https:\/\/www.appoloviracel.com.uy\/index.php\/wp-json\/wp\/v2\/media?parent=3107"}],"curies":[{"name":"wp","href":"https:\/\/api.w.org\/{rel}","templated":true}]}}