{"id":3099,"date":"2020-12-14T23:59:50","date_gmt":"2020-12-15T02:59:50","guid":{"rendered":"https:\/\/www.appoloviracel.com.uy\/?post_type=product&#038;p=3099"},"modified":"2025-08-26T11:39:44","modified_gmt":"2025-08-26T14:39:44","slug":"alcatel-1b-32gb-2gb","status":"publish","type":"product","link":"https:\/\/www.appoloviracel.com.uy\/index.php\/product\/alcatel-1b-32gb-2gb\/","title":{"rendered":"Celular Alcatel \u00ab1B\u00bb (32Gb-2Gb)"},"content":{"rendered":"<h4>Caracter\u00edsticas y especificaciones:<\/h4>\n<p>El <strong>Alcatel 1B (2020)<\/strong> es un smartphone Android Go sencillo, con una pantalla HD+ de 5.5 pulgadas, procesador de cuatro n\u00facleos con 2GB de memoria RAM y 32GB de espacio de almacenamiento, c\u00e1mara trasera de 8 megapixels, c\u00e1mara frontal de 5 megapixels, bater\u00eda de 3000 mAh, y Android 10 Go Edition a bordo.<\/p>\n<ul>\n<li><strong>Pantalla: 5.5&#8243;, 720 * 1440 pixels<\/strong><\/li>\n<li><strong>Procesador: Snapdragon 215 1.3GHz<\/strong><\/li>\n<li><strong>RAM: 2GB<\/strong><\/li>\n<li><strong>Almacenamiento: 32Gb<\/strong><\/li>\n<li><strong>Expansi\u00f3n: microSD <\/strong><\/li>\n<li><strong>C\u00e1mara: 8 MP<\/strong><\/li>\n<li><strong>Bater\u00eda: 3000 mAh<\/strong><\/li>\n<li><strong>OS: Android 10 (Go Edition)<\/strong><\/li>\n<li><strong>Perfil: 9.9 mm<\/strong><\/li>\n<li><strong>Peso: 168 g <\/strong><\/li>\n<li>Se incluyen los siguientes accesorios: <strong>Cargador y Manual<\/strong><\/li>\n<li><strong>Garant\u00eda:<\/strong> 12 meses contra defecto de fabricaci\u00f3n<\/li>\n<\/ul>\n<h3><\/h3>\n<h4><span style=\"color: #ff0000;\"><strong>Contado efectivo: 10% de Descuento<\/strong><\/span><\/h4>\n<h5><strong>*Las im\u00e1genes son a modo ilustrativo.<\/strong><\/h5>\n","protected":false},"excerpt":{"rendered":"<h3><span style=\"color: #ff0000;\"><strong>\u00abArt\u00edculo Agotado\u00bb<\/strong><\/span><\/h3>\n","protected":false},"featured_media":3103,"comment_status":"open","ping_status":"closed","template":"","meta":[],"_links":{"self":[{"href":"https:\/\/www.appoloviracel.com.uy\/index.php\/wp-json\/wp\/v2\/product\/3099"}],"collection":[{"href":"https:\/\/www.appoloviracel.com.uy\/index.php\/wp-json\/wp\/v2\/product"}],"about":[{"href":"https:\/\/www.appoloviracel.com.uy\/index.php\/wp-json\/wp\/v2\/types\/product"}],"replies":[{"embeddable":true,"href":"https:\/\/www.appoloviracel.com.uy\/index.php\/wp-json\/wp\/v2\/comments?post=3099"}],"wp:featuredmedia":[{"embeddable":true,"href":"https:\/\/www.appoloviracel.com.uy\/index.php\/wp-json\/wp\/v2\/media\/3103"}],"wp:attachment":[{"href":"https:\/\/www.appoloviracel.com.uy\/index.php\/wp-json\/wp\/v2\/media?parent=3099"}],"curies":[{"name":"wp","href":"https:\/\/api.w.org\/{rel}","templated":true}]}}