{"id":3042,"date":"2020-12-11T10:12:18","date_gmt":"2020-12-11T13:12:18","guid":{"rendered":"https:\/\/www.appoloviracel.com.uy\/?post_type=product&#038;p=3042"},"modified":"2021-07-16T12:03:11","modified_gmt":"2021-07-16T15:03:11","slug":"tangka-tk-06-auricular-unicornio","status":"publish","type":"product","link":"https:\/\/www.appoloviracel.com.uy\/index.php\/product\/tangka-tk-06-auricular-unicornio\/","title":{"rendered":"Auricular Tangka \u00abTK-06\u00bb (Unicornio-Vincha)"},"content":{"rendered":"<h4>Caracter\u00edsticas y especificaciones:<\/h4>\n<p>Auriculares brillantes on-ear. Modelo ajustable con diadema acolchada. Limitador de volumen integrado a 85dB para proteger el o\u00eddo de los ni\u00f1os. Indicado para tel\u00e9fonos m\u00f3viles con una toma de 3,5 mm. Largo del cable aprox. 120 cm.<\/p>\n<h6><span style=\"color: #ff0000;\"><strong>* No indicados para menores de 3 a\u00f1os<\/strong><\/span>.<\/h6>\n<ul>\n<li>Dise\u00f1ado y pensado para ni\u00f1os\/as y adolescentes por su calce ajustable<\/li>\n<li>Las almohadillas blandas que se ajustan al l\u00f3bulo a\u00edslan el sonido ambiente, permitiendo aprovechar al m\u00e1ximo el sonido<\/li>\n<li>Amplia almohadilla 40mm de di\u00e1metro<\/li>\n<li>Impedancia 32 \u03a9<\/li>\n<li>Frecuencia 20Hz-20,000Hz<\/li>\n<li>Sensibilidad 110dB \u00b1\u00a0 3 dB (a 1kHz)<\/li>\n<li>M\u00e1xima potencia 80mW<\/li>\n<li>Conector: 3.5mm est\u00e9reo plug<\/li>\n<li>Largo del Cable 1.2mts<\/li>\n<\/ul>\n<p>&nbsp;<\/p>\n<p><strong>Composici\u00f3n<\/strong><\/p>\n<ul>\n<li>Acrilonitrilo-butadieno-estireno cat 50%, Cobre 20%, Hierro 20%, Poliuretano 5%, Poliamida 5%<\/li>\n<\/ul>\n<p>&nbsp;<\/p>\n<h5><strong>*Las im\u00e1genes son a modo ilustrativo.<\/strong><\/h5>\n","protected":false},"excerpt":{"rendered":"<h3><span style=\"color: #339966;\">$ 820<\/span><\/h3>\n","protected":false},"featured_media":3043,"comment_status":"open","ping_status":"closed","template":"","meta":[],"_links":{"self":[{"href":"https:\/\/www.appoloviracel.com.uy\/index.php\/wp-json\/wp\/v2\/product\/3042"}],"collection":[{"href":"https:\/\/www.appoloviracel.com.uy\/index.php\/wp-json\/wp\/v2\/product"}],"about":[{"href":"https:\/\/www.appoloviracel.com.uy\/index.php\/wp-json\/wp\/v2\/types\/product"}],"replies":[{"embeddable":true,"href":"https:\/\/www.appoloviracel.com.uy\/index.php\/wp-json\/wp\/v2\/comments?post=3042"}],"wp:featuredmedia":[{"embeddable":true,"href":"https:\/\/www.appoloviracel.com.uy\/index.php\/wp-json\/wp\/v2\/media\/3043"}],"wp:attachment":[{"href":"https:\/\/www.appoloviracel.com.uy\/index.php\/wp-json\/wp\/v2\/media?parent=3042"}],"curies":[{"name":"wp","href":"https:\/\/api.w.org\/{rel}","templated":true}]}}