{"id":299,"date":"2020-10-12T19:00:59","date_gmt":"2020-10-12T22:00:59","guid":{"rendered":"https:\/\/www.appoloviracel.com.uy\/?post_type=product&#038;p=299"},"modified":"2021-03-29T12:45:23","modified_gmt":"2021-03-29T15:45:23","slug":"samsung-galaxy-a20s","status":"publish","type":"product","link":"https:\/\/www.appoloviracel.com.uy\/index.php\/product\/samsung-galaxy-a20s\/","title":{"rendered":"Celular Samsung \u00abGalaxy A20s\u00bb (32Gb-3Gb)"},"content":{"rendered":"<h4>Caracter\u00edsticas y especificaciones:<\/h4>\n<ul>\n<li><strong>Conectividad:\u00a0<\/strong>4G\/LTE, Bluetooth 4.2, WiFi, jack de 3,5 mm<\/li>\n<li><strong>Procesador <\/strong>: Qualcomm Snapdragon 450.<\/li>\n<li><strong>Memoria RAM:\u00a0<\/strong>3 GB.<\/li>\n<li><strong>Almacenamiento<\/strong>.\n<ul>\n<li>Interno: 32 GB.<\/li>\n<li>MicroSD: s\u00ed, hasta 512 GB.<\/li>\n<\/ul>\n<\/li>\n<li><strong>Gr\u00e1fica<\/strong>: Adreno 506.<\/li>\n<li><strong>Pantalla<\/strong>.\n<ul>\n<li>Tama\u00f1o: 5 pulgadas Infinity-V.<\/li>\n<li>Resoluci\u00f3n: 720 \u00d7 1560 p\u00edxeles.<\/li>\n<li>Tecnolog\u00eda TFT.<\/li>\n<\/ul>\n<\/li>\n<li><strong>C\u00e1mara trasera.<\/strong>\n<ul>\n<li>Resoluci\u00f3n: 13 + 8 + 5 Mpx.<\/li>\n<li>Aperturas: f\/1.8, f\/2.2 y f\/2.2.<\/li>\n<li>Otros: LED Flash.<\/li>\n<\/ul>\n<\/li>\n<li><strong>C\u00e1mara delantera.<\/strong>\n<ul>\n<li>Resoluci\u00f3n:\u00a08 Mpx.<\/li>\n<li>Apertura: f\/2.0.<\/li>\n<\/ul>\n<\/li>\n<li><strong>Otros:<\/strong>\n<ul>\n<li>Sensor de huellas en zona trasera.<\/li>\n<\/ul>\n<\/li>\n<li><strong>Bater\u00eda:<\/strong> 4000 mAh.<\/li>\n<li><strong>Dimensiones:<\/strong> 163,3 * 77,5 * 8,0 mm.<\/li>\n<li>Peso: 183 g.<\/li>\n<li><strong>Sistema:<\/strong>\n<ul>\n<li>Versi\u00f3n de Android: 9.0 Pie.<\/li>\n<li>Interfaz del fabricante: One UI.<\/li>\n<\/ul>\n<\/li>\n<li>Se incluyen los siguientes accesorios: <strong>Cargador y Manual<\/strong><\/li>\n<li><strong>Garant\u00eda:<\/strong> 12 meses contra defecto de fabricaci\u00f3n<\/li>\n<\/ul>\n<p>&nbsp;<\/p>\n<h4><span style=\"color: #ff0000;\"><strong>Contado efectivo: 10% de Descuento<\/strong><\/span><\/h4>\n<h5><strong>*Las im\u00e1genes son a modo ilustrativo.<\/strong><\/h5>\n","protected":false},"excerpt":{"rendered":"<h3><span style=\"color: #ff0000;\">\u00abArt\u00edculo Agotado\u00bb<\/span><\/h3>\n","protected":false},"featured_media":300,"comment_status":"open","ping_status":"closed","template":"","meta":[],"_links":{"self":[{"href":"https:\/\/www.appoloviracel.com.uy\/index.php\/wp-json\/wp\/v2\/product\/299"}],"collection":[{"href":"https:\/\/www.appoloviracel.com.uy\/index.php\/wp-json\/wp\/v2\/product"}],"about":[{"href":"https:\/\/www.appoloviracel.com.uy\/index.php\/wp-json\/wp\/v2\/types\/product"}],"replies":[{"embeddable":true,"href":"https:\/\/www.appoloviracel.com.uy\/index.php\/wp-json\/wp\/v2\/comments?post=299"}],"wp:featuredmedia":[{"embeddable":true,"href":"https:\/\/www.appoloviracel.com.uy\/index.php\/wp-json\/wp\/v2\/media\/300"}],"wp:attachment":[{"href":"https:\/\/www.appoloviracel.com.uy\/index.php\/wp-json\/wp\/v2\/media?parent=299"}],"curies":[{"name":"wp","href":"https:\/\/api.w.org\/{rel}","templated":true}]}}