{"id":29895,"date":"2023-01-18T21:41:54","date_gmt":"2023-01-19T00:41:54","guid":{"rendered":"https:\/\/www.appoloviracel.com.uy\/?post_type=product&#038;p=29895"},"modified":"2023-03-29T14:14:14","modified_gmt":"2023-03-29T17:14:14","slug":"auricular-motorola-moto-sp105-intrauditivos","status":"publish","type":"product","link":"https:\/\/www.appoloviracel.com.uy\/index.php\/product\/auricular-motorola-moto-sp105-intrauditivos\/","title":{"rendered":"Auricular Motorola \u00abMoto SP105\u00bb (Intrauditivos)"},"content":{"rendered":"<h4>Caracter\u00edsticas y especificaciones:<\/h4>\n<p>&nbsp;<\/p>\n<h5><strong>MOTO SP105 Auriculares internos inal\u00e1mbricos deportivos <\/strong><\/h5>\n<p>Ultraligeros y sin enredos, dise\u00f1o resistente al sudor que ofrece la libertad de movimiento sin l\u00edmites con una experiencia de escucha sin interrupciones. Sus caracter\u00edsticas incluyen aletas para el o\u00eddo para un ajuste seguro, micr\u00f3fono integrado y controles t\u00e1ctiles, y auriculares magn\u00e9ticos que se unen cuando no se usen.<\/p>\n<h5>Calidad de sonido suprema<\/h5>\n<p>Dise\u00f1ados con motores din\u00e1micos de 10mm para ofrecer un sonido claro y potentes graves para experimentar una calidad de sonido \u00f3ptima sin cesiones.<\/p>\n<h5>Ajuste ligero y seguro<\/h5>\n<p>Las aletas para o\u00eddo integradas ofrecen un ajuste ligero y seguro para una comodidad superior, dise\u00f1adas para un uso prolongado y riguroso.<\/p>\n<h5>Resistente al sudor y el agua<\/h5>\n<p>La protecci\u00f3n de clasificaci\u00f3n IPX5 contra el sudor y la humedad le permite superar cualquier situaci\u00f3n sin restringir su experiencia de escucha.<\/p>\n<h5>Reproducci\u00f3n prolongada<\/h5>\n<p>Equipados con 8 horas de reproducci\u00f3n continua, micr\u00f3fono integrado y controles de botones para adaptarse a las exigencias de su estilo de vida activo.<\/p>\n<p>&nbsp;<\/p>\n<h5><strong>*Las im\u00e1genes son a modo ilustrativo.<\/strong><\/h5>\n","protected":false},"excerpt":{"rendered":"<h3><span style=\"color: #339966;\"><strong>$ 1.150<\/strong><\/span><\/h3>\n","protected":false},"featured_media":29896,"comment_status":"open","ping_status":"closed","template":"","meta":[],"_links":{"self":[{"href":"https:\/\/www.appoloviracel.com.uy\/index.php\/wp-json\/wp\/v2\/product\/29895"}],"collection":[{"href":"https:\/\/www.appoloviracel.com.uy\/index.php\/wp-json\/wp\/v2\/product"}],"about":[{"href":"https:\/\/www.appoloviracel.com.uy\/index.php\/wp-json\/wp\/v2\/types\/product"}],"replies":[{"embeddable":true,"href":"https:\/\/www.appoloviracel.com.uy\/index.php\/wp-json\/wp\/v2\/comments?post=29895"}],"wp:featuredmedia":[{"embeddable":true,"href":"https:\/\/www.appoloviracel.com.uy\/index.php\/wp-json\/wp\/v2\/media\/29896"}],"wp:attachment":[{"href":"https:\/\/www.appoloviracel.com.uy\/index.php\/wp-json\/wp\/v2\/media?parent=29895"}],"curies":[{"name":"wp","href":"https:\/\/api.w.org\/{rel}","templated":true}]}}