{"id":2885,"date":"2020-12-07T17:23:17","date_gmt":"2020-12-07T20:23:17","guid":{"rendered":"https:\/\/www.appoloviracel.com.uy\/?post_type=product&#038;p=2885"},"modified":"2021-11-02T11:36:43","modified_gmt":"2021-11-02T14:36:43","slug":"tg-183","status":"publish","type":"product","link":"https:\/\/www.appoloviracel.com.uy\/index.php\/product\/tg-183\/","title":{"rendered":"Parlante T&#038;G \u00abTG183\u00bb"},"content":{"rendered":"<h4>Caracter\u00edsticas y especificaciones:<\/h4>\n<ul>\n<li>T\u00e9cnicas de dise\u00f1o de circuitos y chips inal\u00e1mbricos avanzados internacionales, compatible con todos los dispositivos inal\u00e1mbricos&gt;<\/li>\n<li>Con la funci\u00f3n FM, puede buscar emisoras de radio transmitidas autom\u00e1ticamente.<\/li>\n<li>Con altavoz Hi-Fi, para asegurarse de que el sonido sea claro y brillante.<\/li>\n<li>Admite tarjeta Micro SD y tarjeta USB, reproduce audio en formato MP3.<\/li>\n<li>La distancia de trabajo inal\u00e1mbrica es de 10 metros.<\/li>\n<li>Se cerrar\u00e1 autom\u00e1ticamente despu\u00e9s de 30 minutos si desconecta la conexi\u00f3n inal\u00e1mbrica.<\/li>\n<li>Con la entrada de l\u00ednea AUX, puede conectar directamente los dispositivos externos, por ejemplo, tableta \/ TV \/ tel\u00e9fonos celulares.<\/li>\n<li>Apoyo TWS<\/li>\n<li>Potencia de salida: 5 W * 2<\/li>\n<li>Voltaje incorporado: 3,7 V<\/li>\n<li>Respuesta de frecuencia: 80 HZ-20 KHZ<\/li>\n<li>SNR:&gt; 90db<\/li>\n<li>Voltaje de carga: 5 V \/ 1A<\/li>\n<li><strong>Garant\u00eda:<\/strong> 6 meses contra defecto de fabricaci\u00f3n<\/li>\n<\/ul>\n<p>&nbsp;<\/p>\n<h5>*Las im\u00e1genes son a modo ilustrativo.<\/h5>\n","protected":false},"excerpt":{"rendered":"<h3><span style=\"color: #339966;\">$ 1150<\/span><\/h3>\n","protected":false},"featured_media":2886,"comment_status":"open","ping_status":"closed","template":"","meta":[],"_links":{"self":[{"href":"https:\/\/www.appoloviracel.com.uy\/index.php\/wp-json\/wp\/v2\/product\/2885"}],"collection":[{"href":"https:\/\/www.appoloviracel.com.uy\/index.php\/wp-json\/wp\/v2\/product"}],"about":[{"href":"https:\/\/www.appoloviracel.com.uy\/index.php\/wp-json\/wp\/v2\/types\/product"}],"replies":[{"embeddable":true,"href":"https:\/\/www.appoloviracel.com.uy\/index.php\/wp-json\/wp\/v2\/comments?post=2885"}],"wp:featuredmedia":[{"embeddable":true,"href":"https:\/\/www.appoloviracel.com.uy\/index.php\/wp-json\/wp\/v2\/media\/2886"}],"wp:attachment":[{"href":"https:\/\/www.appoloviracel.com.uy\/index.php\/wp-json\/wp\/v2\/media?parent=2885"}],"curies":[{"name":"wp","href":"https:\/\/api.w.org\/{rel}","templated":true}]}}