{"id":2872,"date":"2020-12-07T17:17:24","date_gmt":"2020-12-07T20:17:24","guid":{"rendered":"https:\/\/www.appoloviracel.com.uy\/?post_type=product&#038;p=2872"},"modified":"2025-06-02T12:32:35","modified_gmt":"2025-06-02T15:32:35","slug":"tg-162","status":"publish","type":"product","link":"https:\/\/www.appoloviracel.com.uy\/index.php\/product\/tg-162\/","title":{"rendered":"Parlante T&#038;G \u00abTG162\u00bb"},"content":{"rendered":"<h4>Caracter\u00edsticas y especificaciones:<\/h4>\n<p>PARLANTE BLUETOOTH \/ FM \/ USB O MICROSD \/ TG-162. Con este parlante se podr\u00e1 escuchar m\u00fasica en cualquier parte ya que por su tama\u00f1o se puede llevar a todas partes sin que sea complicado, cuenta con la opci\u00f3n de escuchar m\u00fasica tanto en USB o microSD como en dispositivos que tengan Bluetooth, tambi\u00e9n tiene un bot\u00f3n que permite activar o desactivar la iluminaci\u00f3n colores mientras se est\u00e1 escuchando m\u00fasica.<\/p>\n<ul>\n<li>Distancia de trabajo: 10 metros aproximadamente<\/li>\n<li>Tiempo de uso con volumen normal: 3 horas aproximadamente<\/li>\n<li>Bater\u00eda: 3.7V \u2013 1200mAh<\/li>\n<li>Potencia: 5W*1<\/li>\n<li>Frecuencia de respuesta: 120Hz \u2013 20KHz<\/li>\n<li>Controlador de altavoz: 52mm*1<\/li>\n<li>Dimensiones: 108mm* 84.1mm*83.6mm<\/li>\n<li>COLOR: ROJO, GRIS, TURQUESA, NEGRO Y AZUL.<\/li>\n<li><strong>Garant\u00eda:<\/strong> 6 meses contra defecto de fabricaci\u00f3n<\/li>\n<\/ul>\n<p>&nbsp;<\/p>\n<h5>*Las im\u00e1genes son a modo ilustrativo.<\/h5>\n","protected":false},"excerpt":{"rendered":"<h3><span style=\"color: #339966;\">$ 750<\/span><\/h3>\n","protected":false},"featured_media":2873,"comment_status":"open","ping_status":"closed","template":"","meta":[],"_links":{"self":[{"href":"https:\/\/www.appoloviracel.com.uy\/index.php\/wp-json\/wp\/v2\/product\/2872"}],"collection":[{"href":"https:\/\/www.appoloviracel.com.uy\/index.php\/wp-json\/wp\/v2\/product"}],"about":[{"href":"https:\/\/www.appoloviracel.com.uy\/index.php\/wp-json\/wp\/v2\/types\/product"}],"replies":[{"embeddable":true,"href":"https:\/\/www.appoloviracel.com.uy\/index.php\/wp-json\/wp\/v2\/comments?post=2872"}],"wp:featuredmedia":[{"embeddable":true,"href":"https:\/\/www.appoloviracel.com.uy\/index.php\/wp-json\/wp\/v2\/media\/2873"}],"wp:attachment":[{"href":"https:\/\/www.appoloviracel.com.uy\/index.php\/wp-json\/wp\/v2\/media?parent=2872"}],"curies":[{"name":"wp","href":"https:\/\/api.w.org\/{rel}","templated":true}]}}