{"id":2856,"date":"2020-12-07T17:01:10","date_gmt":"2020-12-07T20:01:10","guid":{"rendered":"https:\/\/www.appoloviracel.com.uy\/?post_type=product&#038;p=2856"},"modified":"2021-11-02T11:44:42","modified_gmt":"2021-11-02T14:44:42","slug":"tg-106","status":"publish","type":"product","link":"https:\/\/www.appoloviracel.com.uy\/index.php\/product\/tg-106\/","title":{"rendered":"Parlante T&#038;G \u00abTG106\u00bb"},"content":{"rendered":"<h4>Caracter\u00edsticas y especificaciones:<\/h4>\n<ul>\n<li>Radiantes de baja frecuencia incorporados, ganancia de presi\u00f3n sonora s\u00faper din\u00e1mica de baja frecuencia, audici\u00f3n transparente y flexible<\/li>\n<li>Bluetooth: con\u00e9ctese de forma inal\u00e1mbrica a tel\u00e9fonos inteligentes o tabletas al altavoz bluetooth y se turnan para reproducir un potente sonido est\u00e9reo<\/li>\n<li>T\u00e9cnicas de dise\u00f1o de circuitos y chips BT avanzados internacionales, admiten todos los dispositivos BT, reproducen m\u00fasica despu\u00e9s del emparejamiento con dispositivo BT, por ejemplo, m\u00f3vil \/ MID \/ TV, la distancia de trabajo es de m\u00e1s de 10 m<\/li>\n<li>Con micr\u00f3fono para la funci\u00f3n de llamada manos libres<\/li>\n<li>Decodificaci\u00f3n MP3 integrada, puede reproducir directamente la tarjeta TF, U disco, dispositivo m\u00f3vil y otros dispositivos de almacenamiento USB archivos de m\u00fasica en formato MP3 almacenados<\/li>\n<li>Incorpora el m\u00f3dulo de radio FM, conveniente para escanear autom\u00e1ticamente y guardar canales de radio<\/li>\n<li>Admite entrada de audio AUX IN<\/li>\n<li>Tipo de bater\u00eda: pol\u00edmero de iones de litio de 1200 mah 4 ~ 6 horas de tiempo de reproducci\u00f3n (var\u00eda seg\u00fan el nivel de volumen y el contenido)<\/li>\n<li>Reciba llamadas n\u00edtidas desde su altavoz HiFi<\/li>\n<li>Dise\u00f1o port\u00e1til con tira para colgar, perfecto para viajes al aire libre, en interiores<\/li>\n<li>Admite tarjeta Micro SD, este altavoz bluetooth no solo es un altavoz Bluetooth sino tambi\u00e9n un reproductor MP3<\/li>\n<li>Con el cable AUX, este altavoz se puede conectar con TV, computadora, computadoras port\u00e1tiles, tabletas, todo tipo de tel\u00e9fonos celulares que tienen un puerto de audio de 3.5 mm<\/li>\n<li>Sistema de ahorro de energ\u00eda inteligente construido, este altavoz Bluetooth se apagar\u00e1 autom\u00e1ticamente<\/li>\n<li><strong>Garant\u00eda:<\/strong> 6 meses contra defecto de fabricaci\u00f3n<\/li>\n<\/ul>\n<p>&nbsp;<\/p>\n<h5>*Las im\u00e1genes son a modo ilustrativo.<\/h5>\n","protected":false},"excerpt":{"rendered":"<h3><span style=\"color: #339966;\">$ 850<\/span><\/h3>\n","protected":false},"featured_media":2857,"comment_status":"open","ping_status":"closed","template":"","meta":[],"_links":{"self":[{"href":"https:\/\/www.appoloviracel.com.uy\/index.php\/wp-json\/wp\/v2\/product\/2856"}],"collection":[{"href":"https:\/\/www.appoloviracel.com.uy\/index.php\/wp-json\/wp\/v2\/product"}],"about":[{"href":"https:\/\/www.appoloviracel.com.uy\/index.php\/wp-json\/wp\/v2\/types\/product"}],"replies":[{"embeddable":true,"href":"https:\/\/www.appoloviracel.com.uy\/index.php\/wp-json\/wp\/v2\/comments?post=2856"}],"wp:featuredmedia":[{"embeddable":true,"href":"https:\/\/www.appoloviracel.com.uy\/index.php\/wp-json\/wp\/v2\/media\/2857"}],"wp:attachment":[{"href":"https:\/\/www.appoloviracel.com.uy\/index.php\/wp-json\/wp\/v2\/media?parent=2856"}],"curies":[{"name":"wp","href":"https:\/\/api.w.org\/{rel}","templated":true}]}}