{"id":2850,"date":"2020-12-07T16:52:39","date_gmt":"2020-12-07T19:52:39","guid":{"rendered":"https:\/\/www.appoloviracel.com.uy\/?post_type=product&#038;p=2850"},"modified":"2021-03-29T21:21:34","modified_gmt":"2021-03-30T00:21:34","slug":"tg-13-auriculares-inalambricos","status":"publish","type":"product","link":"https:\/\/www.appoloviracel.com.uy\/index.php\/product\/tg-13-auriculares-inalambricos\/","title":{"rendered":"Auricular T&#038;G \u00ab13\u00bb (Bluetooth)"},"content":{"rendered":"<h4>Caracter\u00edsticas y especificaciones:<\/h4>\n<ul>\n<li>Marca: T&amp;G<\/li>\n<li>Versi\u00f3n de Bluetooth: 5.0<\/li>\n<li>Rango de transmisi\u00f3n: 2.402 GHz-2.480 GHz<\/li>\n<li>Distancia de comunicaci\u00f3n: 10 m<\/li>\n<li>Tiempo de espera de los auriculares: aproximadamente 60 h<\/li>\n<li>Voltaje de funcionamiento: entre 3 V y 4,2 V<\/li>\n<li>Tiempo de escucha de la canci\u00f3n: 5-6h<\/li>\n<li>Sensibilidad del micr\u00f3fono: -42dB<\/li>\n<li>Tiempo de llamada: 5h<\/li>\n<li>Frecuencia: 20Hz-20kHz<\/li>\n<li>Compartimento de carga para tiempos de carga de auriculares: 8 veces<\/li>\n<li>Soporta A2DP, AVRCP, HFP<\/li>\n<li>Tama\u00f1o: 80 * 56,5 * 33 mm<\/li>\n<li>Capacidad de la bater\u00eda de los auriculares: 50 mAh<\/li>\n<li>Capacidad de carga de la bater\u00eda: 1.200 mAh<\/li>\n<li>H1 es una serie TWS de auriculares inal\u00e1mbricos Bluetooth, peque\u00f1os y port\u00e1tiles, solo un tercio de un tel\u00e9fono m\u00f3vil, auriculares para juegos, auriculares de m\u00fasica, sonido envolvente 3D, subwoofer pesado, efectos de sonido, graves HIFI, nuevo nivel de actualizaci\u00f3n 5 resistente al agua A prueba de polvo, dos- canal de llamada binaural HD, calidad ingeniosa.<\/li>\n<\/ul>\n<p>&nbsp;<\/p>\n<h5><strong>*Las im\u00e1genes son a modo ilustrativo.<\/strong><\/h5>\n","protected":false},"excerpt":{"rendered":"<h3><span style=\"color: #339966;\">$ 890<\/span><\/h3>\n","protected":false},"featured_media":3691,"comment_status":"open","ping_status":"closed","template":"","meta":[],"_links":{"self":[{"href":"https:\/\/www.appoloviracel.com.uy\/index.php\/wp-json\/wp\/v2\/product\/2850"}],"collection":[{"href":"https:\/\/www.appoloviracel.com.uy\/index.php\/wp-json\/wp\/v2\/product"}],"about":[{"href":"https:\/\/www.appoloviracel.com.uy\/index.php\/wp-json\/wp\/v2\/types\/product"}],"replies":[{"embeddable":true,"href":"https:\/\/www.appoloviracel.com.uy\/index.php\/wp-json\/wp\/v2\/comments?post=2850"}],"wp:featuredmedia":[{"embeddable":true,"href":"https:\/\/www.appoloviracel.com.uy\/index.php\/wp-json\/wp\/v2\/media\/3691"}],"wp:attachment":[{"href":"https:\/\/www.appoloviracel.com.uy\/index.php\/wp-json\/wp\/v2\/media?parent=2850"}],"curies":[{"name":"wp","href":"https:\/\/api.w.org\/{rel}","templated":true}]}}