{"id":2835,"date":"2020-12-07T16:40:42","date_gmt":"2020-12-07T19:40:42","guid":{"rendered":"https:\/\/www.appoloviracel.com.uy\/?post_type=product&#038;p=2835"},"modified":"2021-03-30T22:38:15","modified_gmt":"2021-03-31T01:38:15","slug":"denver-bts-110-blue","status":"publish","type":"product","link":"https:\/\/www.appoloviracel.com.uy\/index.php\/product\/denver-bts-110-blue\/","title":{"rendered":"Parlante Denver \u00abBTS-110\u00bb Blue"},"content":{"rendered":"<h4>Caracter\u00edsticas y especificaciones:<\/h4>\n<ul>\n<li>Altavoz Bluetooth inal\u00e1mbrico con bater\u00eda recargable incorporada (1200 mAh)<\/li>\n<li>Sintonizador de radio FM<\/li>\n<li>F\u00e1cil de usar, solo con\u00e9ctese a su tel\u00e9fono inteligente y reproduzca m\u00fasica<\/li>\n<li>Alcance operativo de 8 a 10 metros<\/li>\n<li>Entrada AUX para conexi\u00f3n de reproductor MP3, etc.<\/li>\n<li>Ranura para tarjeta USB y MicroSD para reproducci\u00f3n de MP3<\/li>\n<li>Salida de volumen: 2 x 5 W RMS<\/li>\n<\/ul>\n<p>&nbsp;<\/p>\n<h5>*Las im\u00e1genes son a modo ilustrativo.<\/h5>\n","protected":false},"excerpt":{"rendered":"<h3><span style=\"color: #339966;\"><strong> U$S 35<\/strong><\/span><\/h3>\n","protected":false},"featured_media":2836,"comment_status":"open","ping_status":"closed","template":"","meta":[],"_links":{"self":[{"href":"https:\/\/www.appoloviracel.com.uy\/index.php\/wp-json\/wp\/v2\/product\/2835"}],"collection":[{"href":"https:\/\/www.appoloviracel.com.uy\/index.php\/wp-json\/wp\/v2\/product"}],"about":[{"href":"https:\/\/www.appoloviracel.com.uy\/index.php\/wp-json\/wp\/v2\/types\/product"}],"replies":[{"embeddable":true,"href":"https:\/\/www.appoloviracel.com.uy\/index.php\/wp-json\/wp\/v2\/comments?post=2835"}],"wp:featuredmedia":[{"embeddable":true,"href":"https:\/\/www.appoloviracel.com.uy\/index.php\/wp-json\/wp\/v2\/media\/2836"}],"wp:attachment":[{"href":"https:\/\/www.appoloviracel.com.uy\/index.php\/wp-json\/wp\/v2\/media?parent=2835"}],"curies":[{"name":"wp","href":"https:\/\/api.w.org\/{rel}","templated":true}]}}