{"id":2829,"date":"2020-12-07T16:35:40","date_gmt":"2020-12-07T19:35:40","guid":{"rendered":"https:\/\/www.appoloviracel.com.uy\/?post_type=product&#038;p=2829"},"modified":"2021-03-30T22:36:39","modified_gmt":"2021-03-31T01:36:39","slug":"denver-bps-455-nr","status":"publish","type":"product","link":"https:\/\/www.appoloviracel.com.uy\/index.php\/product\/denver-bps-455-nr\/","title":{"rendered":"Parlante Denver \u00abBPS-455 NR\u00bb"},"content":{"rendered":"<h4>Caracter\u00edsticas y especificaciones:<\/h4>\n<ul>\n<li>Altavoz Bluetooth para fiestas<\/li>\n<li>Salida de volumen de 72 W (2 x 36 W RMS)<\/li>\n<li>2 woofers de 10 \u00ab+ tweeter de 2\u00bb<\/li>\n<li>Sintonizadores: sintonizador de FM<\/li>\n<li>Ranura para tarjeta USB \/ MicroSD para MP3 directo<\/li>\n<li>Entrada de micr\u00f3fono y guitarra<\/li>\n<li>Entrada auxiliar<\/li>\n<li>Ajuste de graves, agudos y megagraves<\/li>\n<li>Funci\u00f3n TWS (emparejar dos altavoces juntos)<\/li>\n<li>Bater\u00eda recargable incorporada (4500 mAh)<\/li>\n<li>Funci\u00f3n de luz LED alrededor de los altavoces: espect\u00e1culo de luces con funci\u00f3n de ritmo<\/li>\n<li>Pantalla con luz azul<\/li>\n<li>2 ruedas integradas para facilitar el transporte<\/li>\n<li>Mando a distancia incluido<\/li>\n<li>Alimentaci\u00f3n: cable de alimentaci\u00f3n incluido<\/li>\n<li>Bater\u00eda: bater\u00eda recargable incorporada &#8211; 4500 mAh<strong><br \/>\n<\/strong><\/li>\n<\/ul>\n<p>&nbsp;<\/p>\n<h5><strong>*Las im\u00e1genes son a modo ilustrativo.<\/strong><\/h5>\n","protected":false},"excerpt":{"rendered":"<h3><span style=\"color: #339966;\"><strong> U$S 295<\/strong><\/span><\/h3>\n","protected":false},"featured_media":2830,"comment_status":"open","ping_status":"closed","template":"","meta":[],"_links":{"self":[{"href":"https:\/\/www.appoloviracel.com.uy\/index.php\/wp-json\/wp\/v2\/product\/2829"}],"collection":[{"href":"https:\/\/www.appoloviracel.com.uy\/index.php\/wp-json\/wp\/v2\/product"}],"about":[{"href":"https:\/\/www.appoloviracel.com.uy\/index.php\/wp-json\/wp\/v2\/types\/product"}],"replies":[{"embeddable":true,"href":"https:\/\/www.appoloviracel.com.uy\/index.php\/wp-json\/wp\/v2\/comments?post=2829"}],"wp:featuredmedia":[{"embeddable":true,"href":"https:\/\/www.appoloviracel.com.uy\/index.php\/wp-json\/wp\/v2\/media\/2830"}],"wp:attachment":[{"href":"https:\/\/www.appoloviracel.com.uy\/index.php\/wp-json\/wp\/v2\/media?parent=2829"}],"curies":[{"name":"wp","href":"https:\/\/api.w.org\/{rel}","templated":true}]}}