{"id":27769,"date":"2022-12-19T21:37:36","date_gmt":"2022-12-20T00:37:36","guid":{"rendered":"https:\/\/www.appoloviracel.com.uy\/?post_type=product&#038;p=27769"},"modified":"2024-12-04T06:41:12","modified_gmt":"2024-12-04T09:41:12","slug":"celular-samsung-s20-fe-5g-256gb-8gb","status":"publish","type":"product","link":"https:\/\/www.appoloviracel.com.uy\/index.php\/product\/celular-samsung-s20-fe-5g-256gb-8gb\/","title":{"rendered":"Celular Samsung \u00abGalaxy s20FE\u00bb 5G (256Gb-8Gb)"},"content":{"rendered":"<h4><em>\u00a0<\/em>Caracter\u00edsticas y especificaciones:<\/h4>\n<p>El <strong>Samsung Galaxy S20 FE<\/strong> es la propuesta del gigante coreano para cubrir un sector complicado como pocos. Su intento m\u00e1s serio viene con el nombre de la gran familia de gama alta de Samsung, mucho de su esp\u00edritu a un precio m\u00e1s accesible.<\/p>\n<ul>\n<li>\u00a0Pantalla: 6,5&#8243; Super AMOLED; 2.400 * 1.080p (20:9); 120 Hz, Gorilla Glass 3<\/li>\n<li>Procesador: Samsung Exynos 990 (4G); Qualcomm Snapdragon 865 (5G)<\/li>\n<li>Memoria RAM: 8 GB LPDDR5<\/li>\n<li>Almacenamiento: 256 GB + micro SD hasta 1 TB; UFS 3.1<\/li>\n<li>Software: Android 10; Samsung One UI 2.5<\/li>\n<li>Bater\u00eda: 4.500 mAh; Carga r\u00e1pida; Carga inal\u00e1mbrica<\/li>\n<li>Dimensiones: 159,8 * 74,5 x* 8,4 mm<\/li>\n<li>Peso: 190 gramos<\/li>\n<li>C\u00e1maras traseras:<\/li>\n<li>Principal: 12 MP, f\/1.8, OIS; Gran angular: 12 MP, f\/2.2; Teleobjetivo: 8MP, f\/2.0, OIS<\/li>\n<li>C\u00e1mara frontal: 32 MP, f\/2.0<\/li>\n<li>Conectividad: 5G (NSA), Sub6 \/ mmWave; LTE 4&#215;4 MIMO, Cat.19 (1,6 Gbps); Wi-Fi 802.11 a\/b\/g\/n\/ac\/ax 2.4G+5GHz, HE80, MIMO, 1024-QAM; Bluetooth 5.0, USB tipo C; NFC; GPS, Galileo, Glonass, BeiDou<\/li>\n<li>Se incluyen los siguientes accesorios: <strong>Cargador y Manual\u00a0 <\/strong><\/li>\n<li><strong>Garant\u00eda:<\/strong> 12 meses contra defecto de fabricaci\u00f3n<\/li>\n<\/ul>\n<p>&nbsp;<\/p>\n<h4><span style=\"color: #ff0000;\"><strong>Contado efectivo: 10% de Descuento<\/strong><\/span><\/h4>\n<h5><strong>*Las im\u00e1genes son a modo ilustrativo.<\/strong><\/h5>\n","protected":false},"excerpt":{"rendered":"<h3><strong><span style=\"color: #339966;\">U$S 710<\/span> <\/strong><\/h3>\n","protected":false},"featured_media":27980,"comment_status":"open","ping_status":"closed","template":"","meta":[],"_links":{"self":[{"href":"https:\/\/www.appoloviracel.com.uy\/index.php\/wp-json\/wp\/v2\/product\/27769"}],"collection":[{"href":"https:\/\/www.appoloviracel.com.uy\/index.php\/wp-json\/wp\/v2\/product"}],"about":[{"href":"https:\/\/www.appoloviracel.com.uy\/index.php\/wp-json\/wp\/v2\/types\/product"}],"replies":[{"embeddable":true,"href":"https:\/\/www.appoloviracel.com.uy\/index.php\/wp-json\/wp\/v2\/comments?post=27769"}],"wp:featuredmedia":[{"embeddable":true,"href":"https:\/\/www.appoloviracel.com.uy\/index.php\/wp-json\/wp\/v2\/media\/27980"}],"wp:attachment":[{"href":"https:\/\/www.appoloviracel.com.uy\/index.php\/wp-json\/wp\/v2\/media?parent=27769"}],"curies":[{"name":"wp","href":"https:\/\/api.w.org\/{rel}","templated":true}]}}