{"id":27103,"date":"2022-12-05T20:14:58","date_gmt":"2022-12-05T23:14:58","guid":{"rendered":"https:\/\/www.appoloviracel.com.uy\/?post_type=product&#038;p=27103"},"modified":"2023-03-11T21:50:37","modified_gmt":"2023-03-12T00:50:37","slug":"parlante-kolke-kpb510-8-65-pulgadas","status":"publish","type":"product","link":"https:\/\/www.appoloviracel.com.uy\/index.php\/product\/parlante-kolke-kpb510-8-65-pulgadas\/","title":{"rendered":"Parlante Kolke \u00abKPB510\u00bb  8 + 6,5 pulgadas"},"content":{"rendered":"<h4>Caracter\u00edsticas y especificaciones:<\/h4>\n<ul>\n<li><strong>Parlante Activo\u00a0de 8&#8243; +\u00a06.5&#8243;<\/strong><\/li>\n<li><strong>Funci\u00f3n TWS (True Wireless Stereo): Permite conectar de manera inal\u00e1mbrica 2 parlantes para duplicar la potencia y realizar un sistema est\u00e9reo separando los canales izquierdo y derecho (ambos parlantes deben tener esta funci\u00f3n).<\/strong><\/li>\n<li><strong>Luces audio ritmicas.<\/strong><\/li>\n<li><strong>Potencia: 220 watts | 5.500 watts PMPO.<\/strong><\/li>\n<li><strong>Bater\u00eda recargable: 3000mAh, 3.7V.<\/strong><\/li>\n<li><strong>Conexi\u00f3n inal\u00e1mbrica.<\/strong><\/li>\n<li><strong>Alcance: aprox. 10m.<\/strong><\/li>\n<li><strong>Conexi\u00f3n: USB, SD, Aux 3.5mm, Mic 6.35mm.<\/strong><\/li>\n<li><strong>Funci\u00f3n Priorizar micr\u00f3fono (Karaoke).<\/strong><\/li>\n<li><strong>Funci\u00f3n grabaci\u00f3n.<\/strong><\/li>\n<li><strong>Radio FM.<\/strong><\/li>\n<li><strong>Display Led.<\/strong><\/li>\n<li><strong>Control de Echo.<\/strong><\/li>\n<li><strong>Portable: Con manija y ruedas<\/strong><\/li>\n<li><strong>Incluye: Micr\u00f3fono cableado, control remoto, cargador.<\/strong><\/li>\n<li><strong>Dimensiones: 27 * 23 * 43 cm.<\/strong><\/li>\n<\/ul>\n<h5><\/h5>\n<h5><strong>*Las im\u00e1genes son a modo ilustrativo.<\/strong><\/h5>\n","protected":false},"excerpt":{"rendered":"<h3><span style=\"color: #339966;\"><strong>$ 4.050<\/strong><\/span><\/h3>\n","protected":false},"featured_media":27104,"comment_status":"open","ping_status":"closed","template":"","meta":[],"_links":{"self":[{"href":"https:\/\/www.appoloviracel.com.uy\/index.php\/wp-json\/wp\/v2\/product\/27103"}],"collection":[{"href":"https:\/\/www.appoloviracel.com.uy\/index.php\/wp-json\/wp\/v2\/product"}],"about":[{"href":"https:\/\/www.appoloviracel.com.uy\/index.php\/wp-json\/wp\/v2\/types\/product"}],"replies":[{"embeddable":true,"href":"https:\/\/www.appoloviracel.com.uy\/index.php\/wp-json\/wp\/v2\/comments?post=27103"}],"wp:featuredmedia":[{"embeddable":true,"href":"https:\/\/www.appoloviracel.com.uy\/index.php\/wp-json\/wp\/v2\/media\/27104"}],"wp:attachment":[{"href":"https:\/\/www.appoloviracel.com.uy\/index.php\/wp-json\/wp\/v2\/media?parent=27103"}],"curies":[{"name":"wp","href":"https:\/\/api.w.org\/{rel}","templated":true}]}}