{"id":26601,"date":"2022-12-02T12:07:33","date_gmt":"2022-12-02T15:07:33","guid":{"rendered":"https:\/\/www.appoloviracel.com.uy\/?post_type=product&#038;p=26601"},"modified":"2023-02-19T12:21:18","modified_gmt":"2023-02-19T15:21:18","slug":"parlante-kolke-kpb421-8-pulgadas","status":"publish","type":"product","link":"https:\/\/www.appoloviracel.com.uy\/index.php\/product\/parlante-kolke-kpb421-8-pulgadas\/","title":{"rendered":"Parlante Kolke \u00abKPB421\u00bb 8 pulgadas"},"content":{"rendered":"<h4>Caracter\u00edsticas y especificaciones:<\/h4>\n<ul>\n<li>Parlante Activo de 8\u201d.<\/li>\n<li>Potencia: 100 watts | 3.500 watts PMPO.<\/li>\n<li>Bater\u00eda recargable: 2.400mAh \/ 3.7V.<\/li>\n<li>Conexi\u00f3n inal\u00e1mbrica V4.2 + EDR.<\/li>\n<li>Funci\u00f3n TWS (True Wireless Stereo): Permite conectar de manera inal\u00e1mbrica 2 parlantes para duplicar la potencia y realizar un sistema\u00a0 est\u00e9reo separando los canales izquierdo y derecho (ambos parlantes deben tener esta funci\u00f3n).<\/li>\n<li>Funci\u00f3n Priorizar micr\u00f3fono (Karaoke).<\/li>\n<li>Funci\u00f3n Grabaci\u00f3n.<\/li>\n<li>Conexi\u00f3n: USB (hasta 64Gb), SD (hasta 64Gb), Audio 3.5mm, Mic 6.35mm.<\/li>\n<li>Luces Led.<\/li>\n<li>Radio FM.<\/li>\n<li>Portable: con manija.<\/li>\n<li>Con conexi\u00f3n para tr\u00edpode (Tr\u00edpode no incluido).<\/li>\n<li>Luz Led indicadora de carga (Rojo &#8211; bater\u00eda baja, Azul &#8211; Carga completa).<\/li>\n<li>Respuesta en frecuencia: 20Hz &#8211; 20KHz.<\/li>\n<li>Relaci\u00f3n se\u00f1al\/ruido: &gt;80dB.<\/li>\n<li>Sensibilidad: 100dB.<\/li>\n<li>Incluye: Micr\u00f3fono con cable, Control remoto, Cable de carga y Cable aux.<\/li>\n<\/ul>\n<h5><\/h5>\n<h5><strong>*Las im\u00e1genes son a modo ilustrativo.<\/strong><\/h5>\n","protected":false},"excerpt":{"rendered":"<h3><span style=\"color: #008000;\"><strong>$ 2.590<\/strong><\/span><\/h3>\n","protected":false},"featured_media":26602,"comment_status":"open","ping_status":"closed","template":"","meta":[],"_links":{"self":[{"href":"https:\/\/www.appoloviracel.com.uy\/index.php\/wp-json\/wp\/v2\/product\/26601"}],"collection":[{"href":"https:\/\/www.appoloviracel.com.uy\/index.php\/wp-json\/wp\/v2\/product"}],"about":[{"href":"https:\/\/www.appoloviracel.com.uy\/index.php\/wp-json\/wp\/v2\/types\/product"}],"replies":[{"embeddable":true,"href":"https:\/\/www.appoloviracel.com.uy\/index.php\/wp-json\/wp\/v2\/comments?post=26601"}],"wp:featuredmedia":[{"embeddable":true,"href":"https:\/\/www.appoloviracel.com.uy\/index.php\/wp-json\/wp\/v2\/media\/26602"}],"wp:attachment":[{"href":"https:\/\/www.appoloviracel.com.uy\/index.php\/wp-json\/wp\/v2\/media?parent=26601"}],"curies":[{"name":"wp","href":"https:\/\/api.w.org\/{rel}","templated":true}]}}