{"id":26578,"date":"2022-11-30T22:05:15","date_gmt":"2022-12-01T01:05:15","guid":{"rendered":"https:\/\/www.appoloviracel.com.uy\/?post_type=product&#038;p=26578"},"modified":"2023-02-17T19:46:02","modified_gmt":"2023-02-17T22:46:02","slug":"smartwatch-gravity-z08","status":"publish","type":"product","link":"https:\/\/www.appoloviracel.com.uy\/index.php\/product\/smartwatch-gravity-z08\/","title":{"rendered":"Smartwatch Gravity \u00abZ08\u00bb"},"content":{"rendered":"<h4>Caracter\u00edsticas y especificaciones:<\/h4>\n<ul>\n<li>Recordatorios SMS a llamadas; Mensajes push; Recordatorios importantes; Mensajes; Llamadas entrantes; Notificaciones de mensajes de aplicaciones; Todo disponible; IM a recordatorios de vibraci\u00f3n para evitar la p\u00e9rdida de informaci\u00f3n importante.<\/li>\n<li>La frecuencia card\u00edaca y la presi\u00f3n arterial se pueden medir sin conectar un tel\u00e9fono m\u00f3vil. Despu\u00e9s de encender la funci\u00f3n de frecuencia card\u00edaca y presi\u00f3n arterial del reloj, puede ver los datos directamente en el reloj para conocer su salud f\u00edsica y mental en cualquier momento y en cualquier lugar.<\/li>\n<li>Entrenamiento de modo independiente que registra autom\u00e1ticamente datos de manos como el n\u00famero de pasos caminando, calor\u00edas consumidas, kil\u00f3metros de transporte y otros datos de manos transmitidos a trav\u00e9s del reloj todos los d\u00edas y prepara su FitnessPlan en consecuencia.<\/li>\n<li>Sleep Monitor ajusta su trabajo y descanso, material agradable para la piel, monitorea simult\u00e1neamente la duraci\u00f3n y la calidad del sue\u00f1o, registra el sue\u00f1o profundo, no el sue\u00f1o, muestra las tendencias del sue\u00f1o a trav\u00e9s de la aplicaci\u00f3n y mejora la calidad del sue\u00f1o.<\/li>\n<li>Una carga, modo de espera a largo plazo, se puede usar durante m\u00e1s de 5 d\u00edas sin ning\u00fan problema, lo que lo ayuda a desarrollar buenos h\u00e1bitos de vida.<\/li>\n<li>Pantalla: pantalla a color HD IPS de 1,3 pulgadas<\/li>\n<li>Resoluci\u00f3n: 240*240px<\/li>\n<li>Pantalla t\u00e1ctil completa.<\/li>\n<li>Esfera: vidrio templado antica\u00edda.<\/li>\n<li>Bater\u00eda de pol\u00edmero de 300 mAh; en espera 10~15 d\u00edas, uso normal 6~8 d\u00edas.<\/li>\n<li>UPC: Rtl8762+BK3266 64KB+512KB Flash 64MB.<\/li>\n<li>Bluetooth 5.0. Permite marcar, escuchar y hablar.<\/li>\n<li>IP67 a prueba de agua.<\/li>\n<li>Sensor de aceleraci\u00f3n: SC7A20.<\/li>\n<li>Carcasa: Aleaci\u00f3n de zinc + vidrio &#8212; IP67<\/li>\n<li>Garant\u00eda: 3 meses contra defecto de fabricaci\u00f3n<\/li>\n<\/ul>\n<h4><\/h4>\n<h4><span style=\"color: #ff0000;\"><strong>* La garant\u00eda no cubre falla que se pueda dar por un uso intensivo.<\/strong><\/span><\/h4>\n<h5><strong>*Las im\u00e1genes son a modo ilustrativo.<\/strong><\/h5>\n","protected":false},"excerpt":{"rendered":"<h3><span style=\"color: #339966;\"><strong>U$S 59<\/strong><\/span><\/h3>\n","protected":false},"featured_media":26579,"comment_status":"open","ping_status":"closed","template":"","meta":[],"_links":{"self":[{"href":"https:\/\/www.appoloviracel.com.uy\/index.php\/wp-json\/wp\/v2\/product\/26578"}],"collection":[{"href":"https:\/\/www.appoloviracel.com.uy\/index.php\/wp-json\/wp\/v2\/product"}],"about":[{"href":"https:\/\/www.appoloviracel.com.uy\/index.php\/wp-json\/wp\/v2\/types\/product"}],"replies":[{"embeddable":true,"href":"https:\/\/www.appoloviracel.com.uy\/index.php\/wp-json\/wp\/v2\/comments?post=26578"}],"wp:featuredmedia":[{"embeddable":true,"href":"https:\/\/www.appoloviracel.com.uy\/index.php\/wp-json\/wp\/v2\/media\/26579"}],"wp:attachment":[{"href":"https:\/\/www.appoloviracel.com.uy\/index.php\/wp-json\/wp\/v2\/media?parent=26578"}],"curies":[{"name":"wp","href":"https:\/\/api.w.org\/{rel}","templated":true}]}}