{"id":26555,"date":"2022-11-26T00:31:50","date_gmt":"2022-11-26T03:31:50","guid":{"rendered":"https:\/\/www.appoloviracel.com.uy\/?post_type=product&#038;p=26555"},"modified":"2023-02-16T20:13:09","modified_gmt":"2023-02-16T23:13:09","slug":"smartwatch-kieslect-calling-watch-kr","status":"publish","type":"product","link":"https:\/\/www.appoloviracel.com.uy\/index.php\/product\/smartwatch-kieslect-calling-watch-kr\/","title":{"rendered":"Smartwatch Kieslect \u00abCalling Watch KR\u00bb"},"content":{"rendered":"<h4>Caracter\u00edsticas y especificaciones:<\/h4>\n<ul>\n<li><strong>Reloj Smartwatch Xiaomi Kieslect Kr Calling<\/strong><\/li>\n<li><strong>Kieslect inteligente llamando\u2122Reloj Kr, (responder\/hacer llamadas) reloj inteligente, Control de voz AI, reproductor de m\u00fasica, rastreador de Fitness multifuncional curvo 3D con micr\u00f3fono y altavoz incorporado, Monitor de ox\u00edgeno en sangre de frecuencia card\u00edaca, reloj semi-AMOLED IP68 resistente al agua con Monitor de sue\u00f1o, pod\u00f3metro cron\u00f3metro 70 entrenamientos, notificaci\u00f3n de mensajes, Android e IOS para negocios e informal<\/strong><\/li>\n<li><strong>Reloj inteligente Kieslect Kr para llamadas, Dial\/recibir llamadas con asistente de voz AI, bater\u00eda de 30 d\u00edas IP68 a prueba de agua, correr ciclismo 70 modos deportivos reloj inteligente semiamoled 1,32 \u00abFull Touch Fitness al aire libre Rastreador con Monitor de ox\u00edgeno en sangre de frecuencia card\u00edaca 24\/7, an\u00e1lisis del sue\u00f1o, cron\u00f3metro con pod\u00f3metro de calor\u00edas, altavoz BT, notificaci\u00f3n de llamadas y mensajes, micr\u00f3fono y altavoz, para Android y iPhone<\/strong><strong><br \/>\n<\/strong><\/li>\n<\/ul>\n<p>&nbsp;<\/p>\n<ul>\n<li><strong>Pantalla: 1.32 Semi \u2013 Amoled.<\/strong><\/li>\n<li><strong>Bluetooth 5.0 Bluetooth<\/strong><\/li>\n<li><strong>Resistencia al agua: IP68.<\/strong><\/li>\n<li><strong>Compatibilidad: ANDROID 5.0 o superior, IOS 10.10 o superior.<\/strong><\/li>\n<li><strong>Material de la Carcaza: Policarbonato.<\/strong><\/li>\n<li><strong>Correa: Silicona y TPU.<\/strong><\/li>\n<li><strong>Dimensiones: 45.7 x 45.7 x 10. 7 mm.<\/strong><\/li>\n<li><strong>Bater\u00eda: Li-ion \u2013 330 mAh.<\/strong><\/li>\n<li><strong>Peso: 37g.<\/strong><\/li>\n<li><strong>Color: Negro.<\/strong><\/li>\n<li><strong>Garant\u00eda<\/strong>: 6 meses contra defecto de fabricaci\u00f3n<\/li>\n<li><\/li>\n<\/ul>\n<h4><span style=\"color: #ff0000;\"><strong>* La garant\u00eda no cubre falla que se pueda dar por un uso intensivo.<\/strong><\/span><\/h4>\n<h5><strong>\u00a0<\/strong><strong>*Las im\u00e1genes son a modo ilustrativo.<\/strong><\/h5>\n","protected":false},"excerpt":{"rendered":"<h3><span style=\"color: #339966;\"><strong>U$S 79<\/strong><\/span><\/h3>\n","protected":false},"featured_media":26556,"comment_status":"open","ping_status":"closed","template":"","meta":[],"_links":{"self":[{"href":"https:\/\/www.appoloviracel.com.uy\/index.php\/wp-json\/wp\/v2\/product\/26555"}],"collection":[{"href":"https:\/\/www.appoloviracel.com.uy\/index.php\/wp-json\/wp\/v2\/product"}],"about":[{"href":"https:\/\/www.appoloviracel.com.uy\/index.php\/wp-json\/wp\/v2\/types\/product"}],"replies":[{"embeddable":true,"href":"https:\/\/www.appoloviracel.com.uy\/index.php\/wp-json\/wp\/v2\/comments?post=26555"}],"wp:featuredmedia":[{"embeddable":true,"href":"https:\/\/www.appoloviracel.com.uy\/index.php\/wp-json\/wp\/v2\/media\/26556"}],"wp:attachment":[{"href":"https:\/\/www.appoloviracel.com.uy\/index.php\/wp-json\/wp\/v2\/media?parent=26555"}],"curies":[{"name":"wp","href":"https:\/\/api.w.org\/{rel}","templated":true}]}}