{"id":26455,"date":"2022-11-24T23:24:49","date_gmt":"2022-11-25T02:24:49","guid":{"rendered":"https:\/\/www.appoloviracel.com.uy\/?post_type=product&#038;p=26455"},"modified":"2023-02-12T16:37:40","modified_gmt":"2023-02-12T19:37:40","slug":"smartwatch-kieslect-k11","status":"publish","type":"product","link":"https:\/\/www.appoloviracel.com.uy\/index.php\/product\/smartwatch-kieslect-k11\/","title":{"rendered":"Smartwatch Kieslect \u00abK11\u00bb"},"content":{"rendered":"<h4>Caracter\u00edsticas y especificaciones:<\/h4>\n<h5><strong>Visi\u00f3n vibrante de alta definici\u00f3n y flexible<\/strong><\/h5>\n<p><strong>Kieslect K11 cuenta con una pantalla Ultra Amoled de 1.39\u201d, lo que significa que su pantalla ser\u00e1 emocionante, vibrante y pr\u00e1ctica cada vez que mires la hora.<\/strong><\/p>\n<p><strong>Cuenta con una alta resoluci\u00f3n de 454 x 454px, por lo que se muestran m\u00e1s detalles y posee una mayor relaci\u00f3n pantalla-cuerpo, 10% m\u00e1s que el modelo anterior. Mejor experiencia de control visual y t\u00e1ctil.<\/strong><\/p>\n<h5><strong>Pantalla siempre activa<\/strong><\/h5>\n<p><strong>La pantalla siempre encendida te permite ver la hora incluso cuando las otras funciones del reloj est\u00e1n inactivas, manteni\u00e9ndote al tanto de cada momento importante de tu vida. Pod\u00e9s ver la pantalla que te gusta en cualquier momento.<\/strong><\/p>\n<h5><strong>Cuerpo de metal extremadamente delgado<\/strong><\/h5>\n<p><strong>Su pantalla Ultra Amoled utiliza muy poca energ\u00eda debido a su mayor tama\u00f1o y est\u00e1 dise\u00f1ada para ser ultradelgada.<\/strong><strong>Tecnolog\u00eda Super Power Saving <\/strong><\/p>\n<p><strong>Always-on Display superpone una pantalla de bajo consumo en la parte superior de una pantalla AMOLED brillante, impulsando tus aventuras con hasta 5-7 d\u00edas de duraci\u00f3n de la bater\u00eda en modo Esencial y hasta 40 d\u00edas en Stand By. Ahora pod\u00e9s emprender un viaje sin preocuparte por quedarte sin bater\u00eda.<\/strong><\/p>\n<h5><strong>20 modos deportivos incorporados<\/strong><\/h5>\n<p><strong>Realiz\u00e1 un seguimiento de tus ejercicios como un experto con los 20 modos deportivos incorporados, incluido yoga, para ayudarte a lograr el objetivo de acondicionamiento f\u00edsico que deseabas.<\/strong><\/p>\n<h5><strong>Monitor de sue\u00f1o<\/strong><\/h5>\n<p><strong>Supervisa tu sue\u00f1o las 24 horas y proporciona informes detallados sobre el sue\u00f1o profundo y el sue\u00f1o ligero para ayudarte a descubrir qu\u00e9 sucede durante tu sue\u00f1o.<\/strong><\/p>\n<h5><strong>Monitor de pulso card\u00edaco<\/strong><\/h5>\n<p><strong>El sensor de frecuencia card\u00edaca avanzado controla la misma con precisi\u00f3n en tiempo real cuando est\u00e1 activo y en reposo. Env\u00eda una alerta cuando se detecta una frecuencia card\u00edaca anormal.<\/strong><\/p>\n<h5><strong>Monitor de ox\u00edgeno en sangre<\/strong><\/h5>\n<p><strong>El nivel de saturaci\u00f3n de ox\u00edgeno en la sangre (SpO2) indica la cantidad de ox\u00edgeno en la sangre. Brind\u00e1ndote informaci\u00f3n sobre qu\u00e9 tan bien tu cuerpo est\u00e1 absorbiendo ox\u00edgeno y ayud\u00e1ndote a comprender su salud en general.<\/strong><\/p>\n<h5><strong>IP68 a prueba de agua<\/strong><\/h5>\n<p><strong>Kieslect K11 es resistente al agua, pod\u00e9s usarlo sin preocupaciones cuando te lav\u00e1s las manos o hac\u00e9s ejercicio. Puede satisfacer las necesidades impermeables diarias de sudoraci\u00f3n, lluvia, lavado, etc. Aunque no es compatible con el surf, el sauna y el buceo. <\/strong><\/p>\n<p>&nbsp;<\/p>\n<ul>\n<li><strong>Reloj inteligente Kieslect K11 AMOLED<\/strong><\/li>\n<li>Pantalla: Ultra Amoled de 1,39\u201d, t\u00e1ctil.<\/li>\n<li><strong>Pantalla siempre activa<\/strong><\/li>\n<li>Resoluci\u00f3n: FHD 454x 454px.<\/li>\n<li>Bluetooth: 5.0.<\/li>\n<li>Resistencia al agua: IP68.<\/li>\n<li><strong>Monitor de frecuencia card\u00edaca, ox\u00edgeno en sangre,<\/strong> monitor de sue\u00f1o, pod\u00f3metro<\/li>\n<li>Movimiento: sensor de aceleraci\u00f3n y sensor de giroscopio.<\/li>\n<li>Modos de entrenamiento: caminar, correr, correr en interiores, andar en bicicleta, monta\u00f1ismo, spinning, yoga, remo, gimnasia, salto, b\u00e1dminton, rugby, f\u00fatbol, baloncesto, tenis, hockey, abdominales, tenis de mesa, saltos a la cuerda y entrenamiento libre.<\/li>\n<li>Compatibilidad: Android 5.0 o superior, IOS 10.10 o superior.<\/li>\n<li>20 modos de entrenamientos incorporados.<\/li>\n<li>Material de la carcasa: policarbonato.<\/li>\n<li>Correa: silicona TPU.<\/li>\n<li>Bater\u00eda: Li-ion 330mAh.<\/li>\n<li>Duraci\u00f3n de la bater\u00eda: 5-7 d\u00edas en modo Esencial y hasta 40 d\u00edas en Stand By.<\/li>\n<li><strong>S\u00faper ahorro de energ\u00eda durante 40 d\u00edas<\/strong><\/li>\n<li>Carga magn\u00e9tica.<\/li>\n<li>Ancho de la correa: 2.2cm.<\/li>\n<li>2 botones.<\/li>\n<li>Color: negro<\/li>\n<li><strong>Garant\u00eda<\/strong>: 6 meses contra defecto de fabricaci\u00f3n<\/li>\n<\/ul>\n<h4><\/h4>\n<h4><span style=\"color: #ff0000;\"><strong>* La garant\u00eda no cubre falla que se pueda dar por un uso intensivo.<\/strong><\/span><\/h4>\n<p><strong>\u00a0<\/strong><strong>*Las im\u00e1genes son a modo ilustrativo.<\/strong><\/p>\n","protected":false},"excerpt":{"rendered":"<h3><span style=\"color: #339966;\"><strong>U$S 75<\/strong><\/span><\/h3>\n","protected":false},"featured_media":26456,"comment_status":"open","ping_status":"closed","template":"","meta":[],"_links":{"self":[{"href":"https:\/\/www.appoloviracel.com.uy\/index.php\/wp-json\/wp\/v2\/product\/26455"}],"collection":[{"href":"https:\/\/www.appoloviracel.com.uy\/index.php\/wp-json\/wp\/v2\/product"}],"about":[{"href":"https:\/\/www.appoloviracel.com.uy\/index.php\/wp-json\/wp\/v2\/types\/product"}],"replies":[{"embeddable":true,"href":"https:\/\/www.appoloviracel.com.uy\/index.php\/wp-json\/wp\/v2\/comments?post=26455"}],"wp:featuredmedia":[{"embeddable":true,"href":"https:\/\/www.appoloviracel.com.uy\/index.php\/wp-json\/wp\/v2\/media\/26456"}],"wp:attachment":[{"href":"https:\/\/www.appoloviracel.com.uy\/index.php\/wp-json\/wp\/v2\/media?parent=26455"}],"curies":[{"name":"wp","href":"https:\/\/api.w.org\/{rel}","templated":true}]}}