{"id":26439,"date":"2022-11-23T22:59:18","date_gmt":"2022-11-24T01:59:18","guid":{"rendered":"https:\/\/www.appoloviracel.com.uy\/?post_type=product&#038;p=26439"},"modified":"2023-02-10T23:51:58","modified_gmt":"2023-02-11T02:51:58","slug":"parlante-xiaomi-mi-portable-bluetooth","status":"publish","type":"product","link":"https:\/\/www.appoloviracel.com.uy\/index.php\/product\/parlante-xiaomi-mi-portable-bluetooth\/","title":{"rendered":"Parlante Xiaomi \u00abMi Portable\u00bb (Bluetooth)"},"content":{"rendered":"<h4>Caracter\u00edsticas y especificaciones:<\/h4>\n<ul>\n<li>Calidad de sonido din\u00e1mica siempre contigo<\/li>\n<\/ul>\n<p>Resistente al agua y al polvo, bater\u00eda de larga duraci\u00f3n, Interconexi\u00f3n de caja dual Bluetooth 5.0, Clase IP67 a prueba de polvo e impermeable: nivel de soporte 6 a prueba de polvo y nivel 7 de impermeabilizaci\u00f3n, puede prevenir eficazmente el sudor, las gotas de lluvia y el da\u00f1o por acumulaci\u00f3n de polvo en los componentes, lidiar f\u00e1cilmente con el complejo entorno exterior, que puede jugar sin ninguna molestia<\/p>\n<ul>\n<li>Mini y port\u00e1til<\/li>\n<\/ul>\n<p>El altavoz Bluetooth port\u00e1til Xiaomi tiene un cuerpo peque\u00f1o, que puede llevarse en la bolsa o sostenerse f\u00e1cilmente en la mano.<\/p>\n<ul>\n<li>Duraci\u00f3n de la bater\u00eda de 10 horas:<\/li>\n<\/ul>\n<p>equipada con una bater\u00eda de alta capacidad de 2000 mAh, puede reproducir m\u00fasica hasta 10 horas cuando est\u00e1 completamente cargada. Bater\u00eda grande, bater\u00eda de larga duraci\u00f3n, hace que la m\u00fasica acompa\u00f1e m\u00e1s tiempo.<\/p>\n<ul>\n<li>Una clave para llamar:<\/li>\n<\/ul>\n<p>micr\u00f3fono incorporado de alta sensibilidad y alta relaci\u00f3n se\u00f1al \/ ruido, tecnolog\u00eda de cancelaci\u00f3n de eco integrada, para garantizar llamadas transparentes y claras, de modo que cada llamada sea como una comunicaci\u00f3n cara a cara.<\/p>\n<ul>\n<li>Sonido din\u00e1mico:<\/li>\n<\/ul>\n<p>uso de cuernos magn\u00e9ticos duales de tierras raras, diafragma canadiense de fibra larga y radiador pasivo pasivo, tama\u00f1o peque\u00f1o y gran energ\u00eda.<br \/>\nInterconexi\u00f3n est\u00e9reo inal\u00e1mbrica verdadera: admite la funci\u00f3n de interconexi\u00f3n est\u00e9reo inal\u00e1mbrica verdadera. Se pueden interconectar y combinar dos altavoces en un altavoz est\u00e9reo inal\u00e1mbrico para realizar el efecto est\u00e9reo de la reproducci\u00f3n de los canales izquierdo y derecho, y el efecto de m\u00fasica es m\u00e1s impactante.<\/p>\n<ul>\n<li>Modos de operaci\u00f3n:<\/li>\n<\/ul>\n<p>Encendido \/ apagado: Mantenga presionado el bot\u00f3n de encendido durante 2 segundos<br \/>\nPara conectar: \u200b\u200bEn el estado apagado, mantenga presionado el bot\u00f3n de encendido durante 2 segundos, el altavoz se enciende, la luz indicadora azul parpadea, busque dispositivos Bluetooth y enlace. Despu\u00e9s de una conexi\u00f3n exitosa, la luz indicadora azul se enciende.<br \/>\nPara responder \/ colgar una llamada: Presione el bot\u00f3n de encendido<br \/>\nPara reproducir \/ pausar m\u00fasica: Presione el bot\u00f3n de encendido<br \/>\nPara silenciar el micr\u00f3fono \/ interconexi\u00f3n est\u00e9reo inal\u00e1mbrica verdadera: Presione el bot\u00f3n de encendido dos veces<br \/>\nPara reiniciar: Si el altavoz tiene problemas con el sonido, Bluetooth o la carga, puede mantener presionado el bot\u00f3n de encendido durante 12 segundos y la luz indicadora naranja permanecer\u00e1 encendida durante 1 segundo para completar el reinicio del altavoz.<\/p>\n<ul>\n<li><strong>Modelo: XMYX04WM.<\/strong><\/li>\n<li><strong>Color del producto: Gris oscuro con detalle naranja<\/strong><\/li>\n<li><strong>Dimensiones: 86 * 86 * 45 mm<\/strong><\/li>\n<li><strong>Versi\u00f3n de Bluetooth: 5.0<\/strong><\/li>\n<li><strong>Conectividad de Bluetooth: Hfp \/ A2DP \/ Avrcp<\/strong><\/li>\n<li><strong>Capacidad de la bater\u00eda:\u00a02000 mAh<\/strong><\/li>\n<li><strong>Conexi\u00f3n de Audio: Dual<\/strong><\/li>\n<li><strong>Peso: 185 Gramos<\/strong><\/li>\n<li><strong>Resistencia al Polvo y al AGUA:\u00a0IP67<\/strong><\/li>\n<li><strong>Puerto de carga: tipo C<\/strong><\/li>\n<li><strong>Alimentaci\u00f3n: 5V <\/strong><\/li>\n<li><strong>Rango de Comunicaci\u00f3n 10 metros <\/strong><\/li>\n<li><strong>Tiempo de Reproducci\u00f3n: 10 Horas (60% Volumen)<\/strong><\/li>\n<\/ul>\n<h5><\/h5>\n<h5><strong>*Las im\u00e1genes son a modo ilustrativo.<\/strong><\/h5>\n","protected":false},"excerpt":{"rendered":"<h3><span style=\"color: #339966;\"><strong>$ 1.550<\/strong><\/span><\/h3>\n","protected":false},"featured_media":26440,"comment_status":"open","ping_status":"closed","template":"","meta":[],"_links":{"self":[{"href":"https:\/\/www.appoloviracel.com.uy\/index.php\/wp-json\/wp\/v2\/product\/26439"}],"collection":[{"href":"https:\/\/www.appoloviracel.com.uy\/index.php\/wp-json\/wp\/v2\/product"}],"about":[{"href":"https:\/\/www.appoloviracel.com.uy\/index.php\/wp-json\/wp\/v2\/types\/product"}],"replies":[{"embeddable":true,"href":"https:\/\/www.appoloviracel.com.uy\/index.php\/wp-json\/wp\/v2\/comments?post=26439"}],"wp:featuredmedia":[{"embeddable":true,"href":"https:\/\/www.appoloviracel.com.uy\/index.php\/wp-json\/wp\/v2\/media\/26440"}],"wp:attachment":[{"href":"https:\/\/www.appoloviracel.com.uy\/index.php\/wp-json\/wp\/v2\/media?parent=26439"}],"curies":[{"name":"wp","href":"https:\/\/api.w.org\/{rel}","templated":true}]}}