{"id":26232,"date":"2022-11-22T18:38:36","date_gmt":"2022-11-22T21:38:36","guid":{"rendered":"https:\/\/www.appoloviracel.com.uy\/?post_type=product&#038;p=26232"},"modified":"2023-02-03T19:13:18","modified_gmt":"2023-02-03T22:13:18","slug":"celular-samsung-galaxy-a22-5g-128gb-4gb","status":"publish","type":"product","link":"https:\/\/www.appoloviracel.com.uy\/index.php\/product\/celular-samsung-galaxy-a22-5g-128gb-4gb\/","title":{"rendered":"Celular Samsung \u00abGalaxy A22\u00bb 5G (128Gb-4Gb)"},"content":{"rendered":"<h4>Caracter\u00edsticas y especificaciones:<\/h4>\n<p>Las \u00faltimas actualizaciones de la red de datos m\u00f3viles traen consigo un 5G m\u00e1s potente y veloz, que cambia la forma en la que consumes y compartes contenido. Desde una experiencia de juego y streaming sin interferencias hasta la posibilidad de descargar y compartir contenidos de forma ultra r\u00e1pida. R\u00edndete a Galaxy A22 5G y acelera el uso de tu smartphone.<\/p>\n<ul>\n<li>Una pantalla incre\u00edble para el scroll m\u00e1s fluido<\/li>\n<\/ul>\n<p>Ampl\u00eda tu perspectiva hasta 6,6\u201d con la Infinity-V Display de Galaxy A22 5G para que no se te escape ni un detalle. Gracias a su tecnolog\u00eda FHD+, descubrir\u00e1s una la mejor forma de disfrutar cada d\u00eda de tu contenido: n\u00edtido, claro e impresionante. Adem\u00e1s, su Real Smooth mantiene una vista sin interrupciones mientras juegas o haces scroll, con una tasa de refresco de 90Hz.<\/p>\n<ul>\n<li>Suave al tacto con detalles que captan todas las miradas<\/li>\n<\/ul>\n<p>No podr\u00e1s apartar la mirada de la textura adoquinada y los colores sutiles de Galaxy A22 5G, que brillar\u00e1n con luz propia. Sus curvas refinadas hacen que se adapte perfectamente a tus manos, facilitando la navegaci\u00f3n en la pantalla. Elige el color que m\u00e1s te guste: violeta, blanco o gris. T\u00fa decides.<\/p>\n<ul>\n<li>Inmortaliza tu mundo de todas las formas posibles con la C\u00e1mara Triple<\/li>\n<\/ul>\n<p>Captura momentos \u00fanicos al detalle gracias a la c\u00e1mara principal de 48MP. Ampl\u00eda el \u00e1ngulo de visi\u00f3n con la c\u00e1mara Ultra Gran Angular o personaliza el enfoque de fondo con la c\u00e1mara de profundidad.<\/p>\n<ul>\n<li>Consigue una imagen completa con la c\u00e1mara Ultra Gran Angular<\/li>\n<\/ul>\n<p>La c\u00e1mara Ultra Gran Angular de 5MP capta el mundo como si de nuestra propia vista se tratara. Con un \u00e1ngulo de visi\u00f3n de 115 grados conseguir\u00e1s una perspectiva \u00fanica en cada disparo.<\/p>\n<ul>\n<li>Sigue avanzando con la bater\u00eda m\u00e1s potente<\/li>\n<\/ul>\n<p>Que tu bater\u00eda no frene tu d\u00eda a d\u00eda. Ve un paso por delante con la bater\u00eda de 5.000 mAh, que te ayudar\u00e1 a terminar tus tareas de principio a fin. Adem\u00e1s, con casi 15 W de carga r\u00e1pida adaptativa, Galaxy A22 5G consigue la m\u00e1xima potencia de una forma m\u00e1s r\u00e1pida.<\/p>\n<ul>\n<li>M\u00e1s velocidad, m\u00e1s capacidad<\/li>\n<\/ul>\n<p>Galaxy A22 5G combina la potencia de procesamiento Octa-core con hasta 4GB de RAM a elegir para desempe\u00f1ar tu trabajo desde el m\u00f3vil de forma m\u00e1s eficiente. No solo puedes disfrutar de 64GB o 128GB de memoria interna, sino que adem\u00e1s puedes conseguir m\u00e1s espacio con una tarjeta microSD de hasta 1TB.<\/p>\n<ul>\n<li>PANTALLA: TFT de 6,6 pulgadas; Ratio 20:9; Resoluci\u00f3n FHD+ de 2.400 * 1.080; Refresco de 90Hz<\/li>\n<li>PROCESADOR: MediaTek Dimensity 700; GPU ARM Mali-G57 MC2<\/li>\n<li>VERSIONES: 4GB\/128GB<\/li>\n<li>C\u00c1MARAS TRASERAS: Principal: 48 megap\u00edxeles f\/1.8; Angular: 5 megap\u00edxeles f\/2.2; Profundidad: 2 megap\u00edxeles f\/2.4<\/li>\n<li>C\u00c1MARA DELANTERA: 8 megap\u00edxeles f\/2.0<\/li>\n<li>BATER\u00cdA: 5.000 mAh; Carga r\u00e1pida de 15W<\/li>\n<li>SISTEMA OPERATIVO: Android 11; One UI 3.1<\/li>\n<li>CONECTIVIDAD: 4G; WiFi 5; Bluetooth 5.0; NFC; GPS; Conector de auriculares; USB tipo C<\/li>\n<li>OTROS: Lector de huellas lateral; Bandeja SIM triple (2 SIMs + SD Card)<\/li>\n<li>DIMENSIONES: 167,2 * 76,4 * 9 mil\u00edmetros<\/li>\n<li>PESO: 203 gramos<\/li>\n<li>Se incluyen los siguientes accesorios: <strong>Cargador y Manual\u00a0 <\/strong><\/li>\n<li><strong>Garant\u00eda:<\/strong> 12 meses contra defecto de fabricaci\u00f3n<\/li>\n<\/ul>\n<h4><\/h4>\n<h4><span style=\"color: #ff0000;\"><strong>Contado efectivo: 10% de Descuento<\/strong><\/span><\/h4>\n<h5><strong>*Las im\u00e1genes son a modo ilustrativo.<\/strong><\/h5>\n","protected":false},"excerpt":{"rendered":"<h3><span style=\"color: #339966;\"><strong>U$S 279<\/strong><\/span><\/h3>\n","protected":false},"featured_media":26233,"comment_status":"open","ping_status":"closed","template":"","meta":[],"_links":{"self":[{"href":"https:\/\/www.appoloviracel.com.uy\/index.php\/wp-json\/wp\/v2\/product\/26232"}],"collection":[{"href":"https:\/\/www.appoloviracel.com.uy\/index.php\/wp-json\/wp\/v2\/product"}],"about":[{"href":"https:\/\/www.appoloviracel.com.uy\/index.php\/wp-json\/wp\/v2\/types\/product"}],"replies":[{"embeddable":true,"href":"https:\/\/www.appoloviracel.com.uy\/index.php\/wp-json\/wp\/v2\/comments?post=26232"}],"wp:featuredmedia":[{"embeddable":true,"href":"https:\/\/www.appoloviracel.com.uy\/index.php\/wp-json\/wp\/v2\/media\/26233"}],"wp:attachment":[{"href":"https:\/\/www.appoloviracel.com.uy\/index.php\/wp-json\/wp\/v2\/media?parent=26232"}],"curies":[{"name":"wp","href":"https:\/\/api.w.org\/{rel}","templated":true}]}}