{"id":26014,"date":"2022-11-19T17:38:03","date_gmt":"2022-11-19T20:38:03","guid":{"rendered":"https:\/\/www.appoloviracel.com.uy\/?post_type=product&#038;p=26014"},"modified":"2023-01-18T21:54:24","modified_gmt":"2023-01-19T00:54:24","slug":"celular-samsung-galaxy-s22-ultra-5g-256gb-12gb","status":"publish","type":"product","link":"https:\/\/www.appoloviracel.com.uy\/index.php\/product\/celular-samsung-galaxy-s22-ultra-5g-256gb-12gb\/","title":{"rendered":"Celular Samsung \u00abGalaxy s22 Ultra\u00bb 5G (256Gb-12Gb)"},"content":{"rendered":"<h4><em>\u00a0<\/em>Caracter\u00edsticas y especificaciones:<\/h4>\n<p><em>\u00a0<\/em>El Samsung Galaxy S22 Ultra supone uno de los movimientos m\u00e1s importantes de la compa\u00f1\u00eda en los \u00faltimos a\u00f1os. Muere el Galaxy Note, en pos de un modelo Ultra que hereda tanto su dise\u00f1o como el aspecto m\u00e1s diferencial de esta familia, el S-Pen. Los modelos de dise\u00f1o redondeado, los Galaxy S22 y S22+, quedan lejos del apellido Ultra (aunque no tan lejos en especificaciones), pero si queremos el Samsung con mejor hardware, tenemos que olvidarnos del dise\u00f1o anterior.<br \/>\nPero no solo de dise\u00f1o vive un tel\u00e9fono. El Samsung Galaxy S22 Ultra es un avanzado a nivel de hardware. Tiene la pantalla m\u00e1s luminosa del mercado, un procesador Exynos con una GPU de AMD, sensor de c\u00e1mara m\u00e1s luminoso y alguna que otra sorpresa en fotograf\u00eda que no se refleja en la hoja t\u00e9cnica, pero est\u00e1 presente. Analizamos a fondo el Galaxy S22 Ultra, candidato a rey de la gama alta en este 2022 y uno de los mejores m\u00f3viles del momento.<\/p>\n<ul>\n<li>Pantalla: AMOLED de 6,8 pulgadas; Resoluci\u00f3n QHD+ a 3.080 x 1.440; Refresco adaptativo de 1 a 120Hz; Refresco t\u00e1ctil de 240Hz en Modo Juego; Brillo de 1.750 nits; Contraste de 3.000.000:1; 100% DCI-P3<\/li>\n<li>Panel perforado: Gorilla Glass Victus<\/li>\n<li>Procesador: Exynos 2200 a 2,8GHz; GPU AMD<\/li>\n<li>Versiones: 256GB\/12GB<\/li>\n<li>C\u00e1maras traseras: Principal: 108 megap\u00edxeles f\/1.8 OIS; Angular: 12 megap\u00edxeles f\/.22 120\u00ba 13mm; Zoom: 10 megap\u00edxeles f\/2.4 OIS 3X 69mm; Zoom: 10 megap\u00edxeles f\/4.9 OIS 10X 230mm<\/li>\n<li>C\u00e1mara frontal: 40 megap\u00edxeles f\/2.2 25mm<\/li>\n<li>Bater\u00eda: 5.000 mAh; Carga r\u00e1pida de 45W; Carga inal\u00e1mbrica de 15W<\/li>\n<li>Sistema: Android 12; One UI 4.1<\/li>\n<li>Conectividad: 5G (2xNano + eSIM); WiFi 6E; Bluetooth 5.2; GPS; NFC; UWB; USB tipo C 3.2<\/li>\n<li>Dimensiones: 163,3 x 77,9 x 8,9 mil\u00edmetros<\/li>\n<li>Peso: 227 gramos<\/li>\n<li>Otros: IP68; Compatible con Samsung DeX; S-Pen con 2,8ms de latenciaSe incluyen los siguientes accesorios: <strong>Cargador y Manual\u00a0 <\/strong><\/li>\n<li><strong>Garant\u00eda:<\/strong> 12 meses contra defecto de fabricaci\u00f3n<\/li>\n<\/ul>\n<p>&nbsp;<\/p>\n<h4><span style=\"color: #ff0000;\"><strong>Contado efectivo: 10% de Descuento<\/strong><\/span><\/h4>\n<h5><strong>*Las im\u00e1genes son a modo ilustrativo.<\/strong><\/h5>\n<h2><\/h2>\n","protected":false},"excerpt":{"rendered":"<h3><span style=\"color: #ff0000;\"><strong>\u00abArt\u00edculo Agotado\u00bb<\/strong><\/span><\/h3>\n<h3><span style=\"color: #ff0000;\">\u00a0<\/span><\/h3>\n","protected":false},"featured_media":26015,"comment_status":"open","ping_status":"closed","template":"","meta":[],"_links":{"self":[{"href":"https:\/\/www.appoloviracel.com.uy\/index.php\/wp-json\/wp\/v2\/product\/26014"}],"collection":[{"href":"https:\/\/www.appoloviracel.com.uy\/index.php\/wp-json\/wp\/v2\/product"}],"about":[{"href":"https:\/\/www.appoloviracel.com.uy\/index.php\/wp-json\/wp\/v2\/types\/product"}],"replies":[{"embeddable":true,"href":"https:\/\/www.appoloviracel.com.uy\/index.php\/wp-json\/wp\/v2\/comments?post=26014"}],"wp:featuredmedia":[{"embeddable":true,"href":"https:\/\/www.appoloviracel.com.uy\/index.php\/wp-json\/wp\/v2\/media\/26015"}],"wp:attachment":[{"href":"https:\/\/www.appoloviracel.com.uy\/index.php\/wp-json\/wp\/v2\/media?parent=26014"}],"curies":[{"name":"wp","href":"https:\/\/api.w.org\/{rel}","templated":true}]}}