{"id":2601,"date":"2020-12-02T14:15:25","date_gmt":"2020-12-02T17:15:25","guid":{"rendered":"https:\/\/www.appoloviracel.com.uy\/?post_type=product&#038;p=2601"},"modified":"2021-06-05T23:43:48","modified_gmt":"2021-06-06T02:43:48","slug":"funda-p-xiaomi-note-10-lite","status":"publish","type":"product","link":"https:\/\/www.appoloviracel.com.uy\/index.php\/product\/funda-p-xiaomi-note-10-lite\/","title":{"rendered":"Funda para Xiaomi \u00abNote 10Lite\u00bb"},"content":{"rendered":"<h5><strong>*Las im\u00e1genes son a modo ilustrativo<\/strong><strong>.<\/strong><\/h5>\n","protected":false},"excerpt":{"rendered":"<h3><span lang=\"ES\" style=\"color: #339966;\">* El precio var\u00eda seg\u00fan el dise\u00f1o y la disponibilidad del stock.<\/span><\/h3>\n","protected":false},"featured_media":2602,"comment_status":"open","ping_status":"closed","template":"","meta":[],"_links":{"self":[{"href":"https:\/\/www.appoloviracel.com.uy\/index.php\/wp-json\/wp\/v2\/product\/2601"}],"collection":[{"href":"https:\/\/www.appoloviracel.com.uy\/index.php\/wp-json\/wp\/v2\/product"}],"about":[{"href":"https:\/\/www.appoloviracel.com.uy\/index.php\/wp-json\/wp\/v2\/types\/product"}],"replies":[{"embeddable":true,"href":"https:\/\/www.appoloviracel.com.uy\/index.php\/wp-json\/wp\/v2\/comments?post=2601"}],"wp:featuredmedia":[{"embeddable":true,"href":"https:\/\/www.appoloviracel.com.uy\/index.php\/wp-json\/wp\/v2\/media\/2602"}],"wp:attachment":[{"href":"https:\/\/www.appoloviracel.com.uy\/index.php\/wp-json\/wp\/v2\/media?parent=2601"}],"curies":[{"name":"wp","href":"https:\/\/api.w.org\/{rel}","templated":true}]}}