{"id":2574,"date":"2020-12-02T09:40:58","date_gmt":"2020-12-02T12:40:58","guid":{"rendered":"https:\/\/www.appoloviracel.com.uy\/?post_type=product&#038;p=2574"},"modified":"2021-04-05T23:54:26","modified_gmt":"2021-04-06T02:54:26","slug":"funda-p-xiaomi-note-8t","status":"publish","type":"product","link":"https:\/\/www.appoloviracel.com.uy\/index.php\/product\/funda-p-xiaomi-note-8t\/","title":{"rendered":"Funda para Xiaomi \u00abNote 8T\u00bb"},"content":{"rendered":"<h5><strong>*Las im\u00e1genes son a modo ilustrativo<\/strong><strong>.<\/strong><\/h5>\n","protected":false},"excerpt":{"rendered":"<h3><span lang=\"ES\" style=\"color: #339966;\">* El precio var\u00eda seg\u00fan el dise\u00f1o y la disponibilidad del stock.<\/span><\/h3>\n","protected":false},"featured_media":2575,"comment_status":"open","ping_status":"closed","template":"","meta":[],"_links":{"self":[{"href":"https:\/\/www.appoloviracel.com.uy\/index.php\/wp-json\/wp\/v2\/product\/2574"}],"collection":[{"href":"https:\/\/www.appoloviracel.com.uy\/index.php\/wp-json\/wp\/v2\/product"}],"about":[{"href":"https:\/\/www.appoloviracel.com.uy\/index.php\/wp-json\/wp\/v2\/types\/product"}],"replies":[{"embeddable":true,"href":"https:\/\/www.appoloviracel.com.uy\/index.php\/wp-json\/wp\/v2\/comments?post=2574"}],"wp:featuredmedia":[{"embeddable":true,"href":"https:\/\/www.appoloviracel.com.uy\/index.php\/wp-json\/wp\/v2\/media\/2575"}],"wp:attachment":[{"href":"https:\/\/www.appoloviracel.com.uy\/index.php\/wp-json\/wp\/v2\/media?parent=2574"}],"curies":[{"name":"wp","href":"https:\/\/api.w.org\/{rel}","templated":true}]}}