{"id":25379,"date":"2022-11-08T20:51:45","date_gmt":"2022-11-08T23:51:45","guid":{"rendered":"https:\/\/www.appoloviracel.com.uy\/?post_type=product&#038;p=25379"},"modified":"2024-10-03T19:51:42","modified_gmt":"2024-10-03T22:51:42","slug":"extensor-xiaomi-r03-de-senal-wifi-300mbs","status":"publish","type":"product","link":"https:\/\/www.appoloviracel.com.uy\/index.php\/product\/extensor-xiaomi-r03-de-senal-wifi-300mbs\/","title":{"rendered":"Extensor Xiaomi \u00abR03\u00bb Mi Wi-Fi Ranger Extender PRO de se\u00f1al WiFi (300Mbps)"},"content":{"rendered":"<h4>Caracter\u00edsticas y especificaciones:<\/h4>\n<ul>\n<li>Mi WI-FI RANGER EXTENDER PRO DE XIAOMI est\u00e1 dise\u00f1ado para ampliar la cobertura WIFI y fortalecer la se\u00f1al, este modelo de repetidor ampl\u00eda la cobertura de nuestra conexi\u00f3n wifi en nuestro hogar, oficina. solamente conect\u00e1ndolo a la red el\u00e9ctrica y haciendo unas simples configuraciones con la app mi home desde el celular.<\/li>\n<li>Con una velocidad de hasta 300 mbps y un rango adicional de hasta 120 metros en espacios abiertos y 80 metros en \u00e1reas cerradas. sus antenas duales integradas, elimina las zonas muertas de WI-FI y te permite disfrutar de streaming de alta definici\u00f3n sin problemas, juegos en l\u00ednea en todas partes. funciona con cualquier enrutador WI-FI est\u00e1ndar.<\/li>\n<li>Velocidad de transmisi\u00f3n: <strong>300Mbps<\/strong><\/li>\n<li>Frecuencia de la red WiFi: <strong>4GHz<\/strong><\/li>\n<li>Dos potentes antenas externas de alta ganancia proporcionan una cobertura m\u00e1s amplia y un mejor rendimiento<\/li>\n<li>Funci\u00f3n inal\u00e1mbrica para aumentar la cobertura inal\u00e1mbrica<\/li>\n<li>Router Compatible con otras marcas router<\/li>\n<li>Soporta hasta 64 dispositivos para satisfacer las necesidades de toda la familia<\/li>\n<li>Administra tu configuraci\u00f3n de red f\u00e1cilmente con la aplicaci\u00f3n Xiaomi mi WiFi<\/li>\n<li>Este amplificador se actualizar\u00e1 autom\u00e1ticamente sin ning\u00fan ajuste<\/li>\n<li>Plug and play, f\u00e1cil de usar<\/li>\n<\/ul>\n<p>&nbsp;<\/p>\n<h5><strong>*Las im\u00e1genes son a modo ilustrativo.<\/strong><\/h5>\n","protected":false},"excerpt":{"rendered":"<h3><span style=\"color: #339966;\"><strong>$ 990<\/strong><\/span><\/h3>\n","protected":false},"featured_media":25380,"comment_status":"open","ping_status":"closed","template":"","meta":[],"_links":{"self":[{"href":"https:\/\/www.appoloviracel.com.uy\/index.php\/wp-json\/wp\/v2\/product\/25379"}],"collection":[{"href":"https:\/\/www.appoloviracel.com.uy\/index.php\/wp-json\/wp\/v2\/product"}],"about":[{"href":"https:\/\/www.appoloviracel.com.uy\/index.php\/wp-json\/wp\/v2\/types\/product"}],"replies":[{"embeddable":true,"href":"https:\/\/www.appoloviracel.com.uy\/index.php\/wp-json\/wp\/v2\/comments?post=25379"}],"wp:featuredmedia":[{"embeddable":true,"href":"https:\/\/www.appoloviracel.com.uy\/index.php\/wp-json\/wp\/v2\/media\/25380"}],"wp:attachment":[{"href":"https:\/\/www.appoloviracel.com.uy\/index.php\/wp-json\/wp\/v2\/media?parent=25379"}],"curies":[{"name":"wp","href":"https:\/\/api.w.org\/{rel}","templated":true}]}}