{"id":24754,"date":"2022-10-28T21:53:13","date_gmt":"2022-10-29T00:53:13","guid":{"rendered":"https:\/\/www.appoloviracel.com.uy\/?post_type=product&#038;p=24754"},"modified":"2023-01-13T16:11:06","modified_gmt":"2023-01-13T19:11:06","slug":"celular-iphone-12pro-512gb","status":"publish","type":"product","link":"https:\/\/www.appoloviracel.com.uy\/index.php\/product\/celular-iphone-12pro-512gb\/","title":{"rendered":"Celular iPhone \u00ab12Pro\u00bbA+ (512Gb)"},"content":{"rendered":"<h4>Caracter\u00edsticas y especificaciones:<\/h4>\n<p>El iPhone 12 Pro tiene una espectacular pantalla Super Retina XDR de 6.1 pulgadas. Con el nuevo Ceramic Shield, es cuatro veces m\u00e1s resistente a las ca\u00eddas (2). Y te permite tomar fotos incre\u00edbles con poca luz gracias a un nuevo sistema de c\u00e1maras Pro y un rango de zoom \u00f3ptico de 4x. Tambi\u00e9n puedes grabar, editar y reproducir video en Dolby Vision con calidad cinematogr\u00e1fica, tomar retratos con modo Noche y disfrutar experiencias de realidad aumentada de \u00faltima generaci\u00f3n con el esc\u00e1ner LiDAR.<\/p>\n<ul>\n<li>Capacidad: Memoria interna: 512 Gb<\/li>\n<li>Pantalla: 1170 px * 2532 pixeles;\u00a0 6.1 pulgadas; OLED;\u00a0 460 ppi<\/li>\n<li>Procesador: Apple A14 Bionic<\/li>\n<li>C\u00e1mara: Frontal: 12 Mpx; Trasera:12 Mpx\/12 Mpx\/12 Mpx<\/li>\n<li>Sistema operativo: iOS 14<\/li>\n<li>Conectividad: Lightning; Wi Fi; Bluetooth; GPS; NFC<\/li>\n<li>Bater\u00eda: 2815 mAh; Ion de Litio; Carga r\u00e1pida; Carga inal\u00e1mbrica<\/li>\n<li>Se incluyen los siguientes accesorios: Cable original y Manual<\/li>\n<li>Garant\u00eda: 6 meses contra defecto de fabricaci\u00f3n<\/li>\n<\/ul>\n<h4><span style=\"color: #ff0000;\">\u00a0<\/span><\/h4>\n<h4><span style=\"color: #ff0000;\"><strong>Contado efectivo: 10% de Descuento<\/strong><\/span><\/h4>\n<h5><strong>*Las im\u00e1genes son a modo ilustrativo.<\/strong><\/h5>\n","protected":false},"excerpt":{"rendered":"<h3><span style=\"color: #339966;\"><strong>U$S \u00a01.250<\/strong><\/span><\/h3>\n","protected":false},"featured_media":24755,"comment_status":"open","ping_status":"closed","template":"","meta":[],"_links":{"self":[{"href":"https:\/\/www.appoloviracel.com.uy\/index.php\/wp-json\/wp\/v2\/product\/24754"}],"collection":[{"href":"https:\/\/www.appoloviracel.com.uy\/index.php\/wp-json\/wp\/v2\/product"}],"about":[{"href":"https:\/\/www.appoloviracel.com.uy\/index.php\/wp-json\/wp\/v2\/types\/product"}],"replies":[{"embeddable":true,"href":"https:\/\/www.appoloviracel.com.uy\/index.php\/wp-json\/wp\/v2\/comments?post=24754"}],"wp:featuredmedia":[{"embeddable":true,"href":"https:\/\/www.appoloviracel.com.uy\/index.php\/wp-json\/wp\/v2\/media\/24755"}],"wp:attachment":[{"href":"https:\/\/www.appoloviracel.com.uy\/index.php\/wp-json\/wp\/v2\/media?parent=24754"}],"curies":[{"name":"wp","href":"https:\/\/api.w.org\/{rel}","templated":true}]}}