{"id":23683,"date":"2022-10-12T20:37:30","date_gmt":"2022-10-12T23:37:30","guid":{"rendered":"https:\/\/www.appoloviracel.com.uy\/?post_type=product&#038;p=23683"},"modified":"2022-12-19T21:45:17","modified_gmt":"2022-12-20T00:45:17","slug":"celular-xiaomi-redmi-note-11-128gb-6gb","status":"publish","type":"product","link":"https:\/\/www.appoloviracel.com.uy\/index.php\/product\/celular-xiaomi-redmi-note-11-128gb-6gb\/","title":{"rendered":"Celular Xiaomi \u00abRedmi Note11\u00bb (128Gb-6Gb)"},"content":{"rendered":"<h4>Caracter\u00edsticas y especificaciones:<strong>\u00a0<\/strong><\/h4>\n<p>Xiaomi Redmi Note 11 es un smartphone con excelente relaci\u00f3n calidad-precio.<\/p>\n<p>Ofrece una pantalla de 6.43 pulgadas AMOLED DotDisplay con resoluci\u00f3n FHD+ y frecuencia de actualizaci\u00f3n de 90 Hz para que disfrutes tus videojuegos con la fluidez que esperas y detalles impecables, adem\u00e1s de que complementa la experiencia visual con altavoces est\u00e9reo duales para un sonido envolvente.<\/p>\n<p>Integra una potente bater\u00eda de 5000 mAh con carga r\u00e1pida de 33W Pro que te permite m\u00e1s horas de uso, ya sea que veas pel\u00edculas, navegues, trabajes o produzcas contenido para tus redes sociales con el poder de sus cuatro c\u00e1maras de 50 + 8 + 2 + 2 megapixeles con IA y su c\u00e1mara frontal de 13 megapixeles<\/p>\n<p>&nbsp;<\/p>\n<h4><span style=\"color: #ff0000;\"><strong>Apto para LTE de todas las compa\u00f1\u00edas.<\/strong><\/span><\/h4>\n<ul>\n<li><strong>Pantalla: AMOLED 6,43&#8243;, Full HD+, 90 Hz<\/strong><\/li>\n<li><strong>Respuesta t\u00e1ctil 180 Hz<\/strong><\/li>\n<li><strong>Dimensiones: 159,87 x 73,87 x 8,09 mm<\/strong><\/li>\n<li><strong>Peso: 179 grs.<\/strong><\/li>\n<li><strong>Procesador: Snapdragon 680<\/strong><\/li>\n<li><strong>RAM: 6GB<\/strong><\/li>\n<li><strong>Almacenamiento: 128GB<\/strong><\/li>\n<li><strong>MicroSD: hasta 1 TB<\/strong><\/li>\n<li><strong>C\u00e1mara frontal: 13 MP f\/2.4<\/strong><\/li>\n<li><strong>C\u00e1mara trasera: 50 MP f\/1.8, 8 MP f\/2.2 UGA, 2 MP f\/2.4 macro, 2 MP f\/2.4 bokeh<\/strong><\/li>\n<li><strong>Bater\u00eda: 5.000 mAh<\/strong><\/li>\n<li><strong>Carga r\u00e1pida: 33W<\/strong><\/li>\n<li><strong>Sistema operativo: Android 11, MIUI 13<\/strong><\/li>\n<li><strong>Conectividad: 4G LTE, Wi-Fi, Bluetooth 5.0, NFC, IR Blaster, Minijack<\/strong><\/li>\n<li><strong>Otros: IP53, Lector de huellas en un lateral, Altavoces est\u00e9reo <\/strong><\/li>\n<li>Se incluyen los siguientes accesorios: <strong>Cargador y Manual<\/strong><\/li>\n<li><strong>Garant\u00eda:<\/strong> 12 meses contra defecto de fabricaci\u00f3n<\/li>\n<\/ul>\n<h4><\/h4>\n<h4><span style=\"color: #ff0000;\"><strong>Contado efectivo: 10% de Descuento<\/strong><\/span><\/h4>\n<h5><strong>*Las im\u00e1genes son a modo ilustrativo.<\/strong><\/h5>\n","protected":false},"excerpt":{"rendered":"<h3><span style=\"color: #339966;\"><strong>U$S 309<\/strong><\/span><\/h3>\n","protected":false},"featured_media":23685,"comment_status":"open","ping_status":"closed","template":"","meta":[],"_links":{"self":[{"href":"https:\/\/www.appoloviracel.com.uy\/index.php\/wp-json\/wp\/v2\/product\/23683"}],"collection":[{"href":"https:\/\/www.appoloviracel.com.uy\/index.php\/wp-json\/wp\/v2\/product"}],"about":[{"href":"https:\/\/www.appoloviracel.com.uy\/index.php\/wp-json\/wp\/v2\/types\/product"}],"replies":[{"embeddable":true,"href":"https:\/\/www.appoloviracel.com.uy\/index.php\/wp-json\/wp\/v2\/comments?post=23683"}],"wp:featuredmedia":[{"embeddable":true,"href":"https:\/\/www.appoloviracel.com.uy\/index.php\/wp-json\/wp\/v2\/media\/23685"}],"wp:attachment":[{"href":"https:\/\/www.appoloviracel.com.uy\/index.php\/wp-json\/wp\/v2\/media?parent=23683"}],"curies":[{"name":"wp","href":"https:\/\/api.w.org\/{rel}","templated":true}]}}