{"id":22130,"date":"2022-09-17T10:10:32","date_gmt":"2022-09-17T13:10:32","guid":{"rendered":"https:\/\/www.appoloviracel.com.uy\/?post_type=product&#038;p=22130"},"modified":"2022-12-05T20:18:42","modified_gmt":"2022-12-05T23:18:42","slug":"auricular-xiaomi-redmi-air-2-se-bluetooth","status":"publish","type":"product","link":"https:\/\/www.appoloviracel.com.uy\/index.php\/product\/auricular-xiaomi-redmi-air-2-se-bluetooth\/","title":{"rendered":"Auricular Xiaomi \u00abRedmi Air 2 SE\u00bb (Bluetooth)"},"content":{"rendered":"<h4>Caracter\u00edsticas y especificaciones:<\/h4>\n<p>De forma detallada, los Xiaomi Mi True Wireless Earphones 2 Basic cuentan con un c<strong>ontrolador din\u00e1mico de gran diafragma de 14.2mm<\/strong>. Esto hace que su sonido sea m\u00e1s completo, abarcando de forma concisa m\u00e1s frecuencias de sonido.<\/p>\n<p>A la vez, estos auriculares inal\u00e1mbricos emplean la tecnolog\u00eda de <strong>c\u00f3dec de audio AAC<\/strong> garantizando una calidad n\u00edtida y u<strong>na latencia bastante ajustada<\/strong> que en mi caso personal no he notado, ni a la hora de visualizar v\u00eddeos, ver series en Netflix o incluso jugando.<\/p>\n<p>Adem\u00e1s, cada auricular cuenta con dos peque\u00f1os bornes de conexi\u00f3n que quedan totalmente imantados al introducirlos en el estuche a fin de que se carguen f\u00e1cilmente. As\u00ed mismo, en cada auricular se ubica un micr\u00f3fono (<strong>micr\u00f3fono dual<\/strong>) a fin de poder realizar llamadas de voz y adem\u00e1s mejorar el ruido exterior<\/p>\n<p>La sincronizaci\u00f3n funciona muy bien de forma bastante sorprendente. Es m\u00e1s, si solo sacamos un auricular tan solo se escuchar\u00e1 el audio por este. Despu\u00e9s de ello podemos sacar otro auricular, colocarnos en nuestra oreja en apenas <strong>1 o 2 segundos<\/strong> ya estaremos disfrutando de su sonido por ambos<\/p>\n<h5><strong>*Las im\u00e1genes son a modo ilustrativo.<\/strong><\/h5>\n","protected":false},"excerpt":{"rendered":"<h3><span style=\"color: #339966;\"><strong>$ 2.090<\/strong><\/span><\/h3>\n","protected":false},"featured_media":22131,"comment_status":"open","ping_status":"closed","template":"","meta":[],"_links":{"self":[{"href":"https:\/\/www.appoloviracel.com.uy\/index.php\/wp-json\/wp\/v2\/product\/22130"}],"collection":[{"href":"https:\/\/www.appoloviracel.com.uy\/index.php\/wp-json\/wp\/v2\/product"}],"about":[{"href":"https:\/\/www.appoloviracel.com.uy\/index.php\/wp-json\/wp\/v2\/types\/product"}],"replies":[{"embeddable":true,"href":"https:\/\/www.appoloviracel.com.uy\/index.php\/wp-json\/wp\/v2\/comments?post=22130"}],"wp:featuredmedia":[{"embeddable":true,"href":"https:\/\/www.appoloviracel.com.uy\/index.php\/wp-json\/wp\/v2\/media\/22131"}],"wp:attachment":[{"href":"https:\/\/www.appoloviracel.com.uy\/index.php\/wp-json\/wp\/v2\/media?parent=22130"}],"curies":[{"name":"wp","href":"https:\/\/api.w.org\/{rel}","templated":true}]}}