{"id":21847,"date":"2022-09-12T18:20:21","date_gmt":"2022-09-12T21:20:21","guid":{"rendered":"https:\/\/www.appoloviracel.com.uy\/?post_type=product&#038;p=21847"},"modified":"2022-12-04T23:37:36","modified_gmt":"2022-12-05T02:37:36","slug":"smartwatch-xiaomi-smart-band-7","status":"publish","type":"product","link":"https:\/\/www.appoloviracel.com.uy\/index.php\/product\/smartwatch-xiaomi-smart-band-7\/","title":{"rendered":"Smartwatch Xiaomi \u00abSmart Band 7\u00bb"},"content":{"rendered":"<h4>Caracter\u00edsticas y especificaciones:<\/h4>\n<ul>\n<li>PANTALLA AMOLED: \u00a1Comencemos por su pantalla! Esta sigue siendo de tipo AMOLED, aunque esta vez su resoluci\u00f3n queda fijada en los 192 x 490 p\u00edxeles. Tambi\u00e9n presenta un tama\u00f1o de 1.62 pulgadas. Esto significa que la Mi Smart Band 7 cuenta con un \u00e1rea visible un 25% superior a la de la Mi Smart Band 6.<\/li>\n<li>12 MODOS ENTRENAMIENTO: Xiaomi Smart Band 7 incluye 120 modos de entrenamiento. Es la primera pulsera smartband de Xiaomi en proporcionar un an\u00e1lisis profesional de los datos recabados, indicando incluso el consumo m\u00e1ximo de ox\u00edgeno (VO\u2082m\u00e1x), la carga del entrenamiento (TL), el efecto del entrenamiento (TE) y el tiempo de recuperaci\u00f3n total.<\/li>\n<li>SEGUIMIENTO SALUD: Xiaomi Smart Band 7 contar\u00e1 con un seguimiento del porcentaje de ox\u00edgeno en sangre (SpO2) durante todo el d\u00eda, con alertas por niveles descompensados. Por supuesto, seguir\u00e1 realizando una monitorizaci\u00f3n de la frecuencia card\u00edaca las 24 horas del d\u00eda. Tambi\u00e9n a\u00f1ade un seguimiento de la respiraci\u00f3n durante las horas del sue\u00f1o, del estr\u00e9s y del ciclo femenino.<\/li>\n<li>IMPERMEABLE: Adem\u00e1s la Xiaomi Mi Smart Band 7 cuenta con resistencia al agua 5 ATM (5 atm\u00f3sferas).<\/li>\n<\/ul>\n<p>&nbsp;<\/p>\n<ul>\n<li>Pantalla:AMOLED de 1,62 pulgadas; Resoluci\u00f3n 192 * 490 p\u00edxeles; 326 ppp, 500 nits; &#8216;Always-On-Display&#8217;<\/li>\n<li>Sensores: Sensor de frecuencia card\u00edaca PPG; Aceler\u00f3metro de tres ejes; Giroscopio de tres ejes<\/li>\n<li>Bater\u00eda: 180 mAh; Hasta 14 d\u00edas; Carga en dos horas; Carga magn\u00e9tica<\/li>\n<li>Dimensiones: 46,5 * 20,7 * 12,25 mm<\/li>\n<li>Peso: 13.5 grs.<\/li>\n<li>Conectividad: Bluetooth 5.2; Compatibilidad iOS y Android<\/li>\n<li>Resistencia: 5 ATM (50 metros)<\/li>\n<li>Otros: Monitorizaci\u00f3n de frecuencia card\u00edaca; Monitorizaci\u00f3n del sue\u00f1o; Seguimiento SpO2; Seguimiento de salud femenina; Monitorizaci\u00f3n de estr\u00e9s; PAI; Notificaciones; Control musical; Obturador remoto de c\u00e1mara; 120 modos deportivos; Versi\u00f3n sin NFC<\/li>\n<li>Garant\u00eda: 6 meses contra defecto de fabricaci\u00f3n<\/li>\n<\/ul>\n<h4><\/h4>\n<h4><span style=\"color: #ff0000;\"><strong>* La garant\u00eda no cubre falla que se pueda dar por un uso intensivo.<\/strong><\/span><\/h4>\n<h5><strong>*Las im\u00e1genes son a modo ilustrativo.<\/strong><\/h5>\n<p>&nbsp;<\/p>\n","protected":false},"excerpt":{"rendered":"<h3><span style=\"color: #339966;\"><strong>U$S 79<\/strong><\/span><\/h3>\n","protected":false},"featured_media":21848,"comment_status":"open","ping_status":"closed","template":"","meta":[],"_links":{"self":[{"href":"https:\/\/www.appoloviracel.com.uy\/index.php\/wp-json\/wp\/v2\/product\/21847"}],"collection":[{"href":"https:\/\/www.appoloviracel.com.uy\/index.php\/wp-json\/wp\/v2\/product"}],"about":[{"href":"https:\/\/www.appoloviracel.com.uy\/index.php\/wp-json\/wp\/v2\/types\/product"}],"replies":[{"embeddable":true,"href":"https:\/\/www.appoloviracel.com.uy\/index.php\/wp-json\/wp\/v2\/comments?post=21847"}],"wp:featuredmedia":[{"embeddable":true,"href":"https:\/\/www.appoloviracel.com.uy\/index.php\/wp-json\/wp\/v2\/media\/21848"}],"wp:attachment":[{"href":"https:\/\/www.appoloviracel.com.uy\/index.php\/wp-json\/wp\/v2\/media?parent=21847"}],"curies":[{"name":"wp","href":"https:\/\/api.w.org\/{rel}","templated":true}]}}