{"id":21771,"date":"2022-09-11T10:38:43","date_gmt":"2022-09-11T13:38:43","guid":{"rendered":"https:\/\/www.appoloviracel.com.uy\/?post_type=product&#038;p=21771"},"modified":"2022-12-02T12:21:31","modified_gmt":"2022-12-02T15:21:31","slug":"smartwatch-amazfit-a2017-bip-u","status":"publish","type":"product","link":"https:\/\/www.appoloviracel.com.uy\/index.php\/product\/smartwatch-amazfit-a2017-bip-u\/","title":{"rendered":"Smartwatch Amazfit \u00abA2017\u00bb BIP U"},"content":{"rendered":"<h4>Caracter\u00edsticas y especificaciones:<\/h4>\n<p>Amazfit acaba de anunciar el <strong>nuevo Amazfit Bip U<\/strong><strong>,<\/strong> su nuevo smartwatch accesible. El dispositivo mantiene el dise\u00f1o de sus (muchos) antecesores, pero a\u00f1ade una funci\u00f3n que hasta el momento no hab\u00eda hecho acto de presencia en la gama Bip que es la\u00a0 medici\u00f3n de ox\u00edgeno en sangre.<\/p>\n<ul>\n<li>DIMENSIONE gaS: 40,9 * 35,5 * 11,4 mm<\/li>\n<li>PESO: 31 gramos<\/li>\n<li>PANTALLA: TFT a color de 1,43 pulgadas; Resoluci\u00f3n 320 * 302 p\u00edxeles; Cristal 2,5D; Recubrimiento antihuellas<\/li>\n<li>CORREA: Silicona; Larga: 118 mm; Corta: 76 mm<\/li>\n<li>GEOPOSICIONAMIENTO: S\u00ed (versi\u00f3n Pro)<\/li>\n<li>SENSORES: BioTrack 2 PPG; Aceler\u00f3metro; Giroscopio; Geomagn\u00e9tico (versi\u00f3n Pro)<\/li>\n<li>BOTONES: S\u00ed<\/li>\n<li>RESISTENCIA AL AGUA: 5 ATM<\/li>\n<li>BATER\u00cdA: 230 mAh; Carga en dos horas<\/li>\n<li>CONECTIVIDAD: Bluetooth 5.0<\/li>\n<li>REQUISITOS: Android 5.0 o superior; iOS 10 o superior<\/li>\n<li>EXTRAS: M\u00e9trica PAI; Monitorizaci\u00f3n del sue\u00f1o; +60 modos deportivos; SpO2<\/li>\n<li>Garant\u00eda: 6 meses contra defecto de fabricaci\u00f3n<\/li>\n<\/ul>\n<h4><\/h4>\n<h4><span style=\"color: #ff0000;\"><strong>* La garant\u00eda no cubre falla que se pueda dar por un uso intensivo.<\/strong><\/span><\/h4>\n<h5><strong>*Las im\u00e1genes son a modo ilustrativo.<\/strong><\/h5>\n","protected":false},"excerpt":{"rendered":"<h3><span style=\"color: #339966;\"><strong>U$S 69<\/strong><\/span><\/h3>\n","protected":false},"featured_media":21772,"comment_status":"open","ping_status":"closed","template":"","meta":[],"_links":{"self":[{"href":"https:\/\/www.appoloviracel.com.uy\/index.php\/wp-json\/wp\/v2\/product\/21771"}],"collection":[{"href":"https:\/\/www.appoloviracel.com.uy\/index.php\/wp-json\/wp\/v2\/product"}],"about":[{"href":"https:\/\/www.appoloviracel.com.uy\/index.php\/wp-json\/wp\/v2\/types\/product"}],"replies":[{"embeddable":true,"href":"https:\/\/www.appoloviracel.com.uy\/index.php\/wp-json\/wp\/v2\/comments?post=21771"}],"wp:featuredmedia":[{"embeddable":true,"href":"https:\/\/www.appoloviracel.com.uy\/index.php\/wp-json\/wp\/v2\/media\/21772"}],"wp:attachment":[{"href":"https:\/\/www.appoloviracel.com.uy\/index.php\/wp-json\/wp\/v2\/media?parent=21771"}],"curies":[{"name":"wp","href":"https:\/\/api.w.org\/{rel}","templated":true}]}}