{"id":21690,"date":"2022-09-09T22:17:55","date_gmt":"2022-09-10T01:17:55","guid":{"rendered":"https:\/\/www.appoloviracel.com.uy\/?post_type=product&#038;p=21690"},"modified":"2024-12-03T17:51:35","modified_gmt":"2024-12-03T20:51:35","slug":"cargador-iphone-mag-safe-original-20w","status":"publish","type":"product","link":"https:\/\/www.appoloviracel.com.uy\/index.php\/product\/cargador-iphone-mag-safe-original-20w\/","title":{"rendered":"Cargador iPhone \u00abMagSafe\u00bb Original (20w)"},"content":{"rendered":"<h4>Caracter\u00edsticas y especificaciones:<\/h4>\n<ul>\n<li>Proporciona una carga inal\u00e1mbrica m\u00e1s r\u00e1pida.<\/li>\n<li>Los imanes perfectamente alineados se fijan a tus AirPods o iPhone.<\/li>\n<li>El cargador MagSafe mantiene compatibilidad con la carga Qi, por lo que se puede utilizar para cargar de forma inal\u00e1mbrica tu iPhone 8 o posterior, as\u00ed como modelos de AirPods con estuche de carga inal\u00e1mbrica, como lo har\u00eda con cualquier cargador certificado Qi.<\/li>\n<li>Compatible con AirPods Pro, AirPods con estuche de carga inal\u00e1mbrica.<\/li>\n<li>Compatible con iPhone 12 Pro, iPhone 12 Pro Max, iPhone 12 Mini, iPhone 12, iPhone 11 Pro, iPhone 11 Pro Max, iPhone 11, iPhone SE (2da generaci\u00f3n), iPhone XS, iPhone XS Max, iPhone XR, iPhone X, iPhone 8, iPhone 8 Plus.<\/li>\n<li>Contenido del paquete: Cargador MagSafe, cable integrado USB-C de 3.28 pies (1 m).<\/li>\n<li>Dimensiones del producto: 3.24 * 3.24 * 0.72 pulgadas<\/li>\n<\/ul>\n<h5><\/h5>\n<h5><strong>*Las im\u00e1genes son a modo ilustrativo.<\/strong><\/h5>\n","protected":false},"excerpt":{"rendered":"<h3><span style=\"color: #339966;\">$ 2.190<\/span><\/h3>\n","protected":false},"featured_media":21691,"comment_status":"open","ping_status":"closed","template":"","meta":[],"_links":{"self":[{"href":"https:\/\/www.appoloviracel.com.uy\/index.php\/wp-json\/wp\/v2\/product\/21690"}],"collection":[{"href":"https:\/\/www.appoloviracel.com.uy\/index.php\/wp-json\/wp\/v2\/product"}],"about":[{"href":"https:\/\/www.appoloviracel.com.uy\/index.php\/wp-json\/wp\/v2\/types\/product"}],"replies":[{"embeddable":true,"href":"https:\/\/www.appoloviracel.com.uy\/index.php\/wp-json\/wp\/v2\/comments?post=21690"}],"wp:featuredmedia":[{"embeddable":true,"href":"https:\/\/www.appoloviracel.com.uy\/index.php\/wp-json\/wp\/v2\/media\/21691"}],"wp:attachment":[{"href":"https:\/\/www.appoloviracel.com.uy\/index.php\/wp-json\/wp\/v2\/media?parent=21690"}],"curies":[{"name":"wp","href":"https:\/\/api.w.org\/{rel}","templated":true}]}}