{"id":21534,"date":"2022-09-08T17:18:19","date_gmt":"2022-09-08T20:18:19","guid":{"rendered":"https:\/\/www.appoloviracel.com.uy\/?post_type=product&#038;p=21534"},"modified":"2022-11-26T00:48:13","modified_gmt":"2022-11-26T03:48:13","slug":"adaptador-tenda-u9-ac650-usb-200mb-s-doble-banda","status":"publish","type":"product","link":"https:\/\/www.appoloviracel.com.uy\/index.php\/product\/adaptador-tenda-u9-ac650-usb-200mb-s-doble-banda\/","title":{"rendered":"Adaptador Tenda \u00abU9-AC650\u00bb USB (200Mb\/s) Doble Banda"},"content":{"rendered":"<h4>Caracter\u00edsticas y especificaciones:<\/h4>\n<p>U9 es un adaptador Wi-Fi de doble banda 11ac. La velocidad inal\u00e1mbrica de 5 GHz del U9 puede ser de hasta 433 Mbps y la de 2,4 GHz puede ser de hasta 200 Mbps. La tecnolog\u00eda avanzada MU-MIMO se ha utilizado en U9, lo que puede mejorar la eficiencia de la transferencia de datos y proporcionar una transmisi\u00f3n m\u00e1s fluida. Con la unidad interna, puede completar autom\u00e1ticamente la instalaci\u00f3n una vez conectado a su computadora. Con un dise\u00f1o compacto y mini, U9 no tiene efecto en el uso de los puertos vecinos. U9 tambi\u00e9n es compatible con Windows (XP\/7\/8\/8.1\/10), puede satisfacer varios requisitos de usuario.<\/p>\n<p>Interfaz: USB 2.0<br \/>\nMedidas 3.6 * 1.8 * 0.7 cm<br \/>\nAntena: Antena interna<br \/>\nTasa de frecuencia 5 GHz: 433 Mbps<br \/>\nTasa de frecuencia 2.4 GHz: 200 Mbps<br \/>\nEst\u00e1ndares inal\u00e1mbricos: IEEE802.11b, IEEE 802.11g, IEEE 802.11n, IEEE 802.11a, IEEE 802.11ac<br \/>\nCompatible con: Windows 10, 8.1, 8, 7 y XP<\/p>\n<h5><strong>*Las im\u00e1genes son a modo ilustrativo.<\/strong><\/h5>\n","protected":false},"excerpt":{"rendered":"<h3><strong><span style=\"color: #339966;\">$ 930<\/span> <\/strong><\/h3>\n","protected":false},"featured_media":21535,"comment_status":"open","ping_status":"closed","template":"","meta":[],"_links":{"self":[{"href":"https:\/\/www.appoloviracel.com.uy\/index.php\/wp-json\/wp\/v2\/product\/21534"}],"collection":[{"href":"https:\/\/www.appoloviracel.com.uy\/index.php\/wp-json\/wp\/v2\/product"}],"about":[{"href":"https:\/\/www.appoloviracel.com.uy\/index.php\/wp-json\/wp\/v2\/types\/product"}],"replies":[{"embeddable":true,"href":"https:\/\/www.appoloviracel.com.uy\/index.php\/wp-json\/wp\/v2\/comments?post=21534"}],"wp:featuredmedia":[{"embeddable":true,"href":"https:\/\/www.appoloviracel.com.uy\/index.php\/wp-json\/wp\/v2\/media\/21535"}],"wp:attachment":[{"href":"https:\/\/www.appoloviracel.com.uy\/index.php\/wp-json\/wp\/v2\/media?parent=21534"}],"curies":[{"name":"wp","href":"https:\/\/api.w.org\/{rel}","templated":true}]}}