{"id":21503,"date":"2022-09-07T18:39:28","date_gmt":"2022-09-07T21:39:28","guid":{"rendered":"https:\/\/www.appoloviracel.com.uy\/?post_type=product&#038;p=21503"},"modified":"2025-06-16T18:36:05","modified_gmt":"2025-06-16T21:36:05","slug":"auricular-xiaomi-redmi-bud-3-bluetooth","status":"publish","type":"product","link":"https:\/\/www.appoloviracel.com.uy\/index.php\/product\/auricular-xiaomi-redmi-bud-3-bluetooth\/","title":{"rendered":"Auricular Xiaomi \u00abRedmi Buds 3\u00bb (Bluetooth)"},"content":{"rendered":"<h4>Caracter\u00edsticas y especificaciones:<\/h4>\n<p>Los auriculares,\u00a0Redmi Buds 3, cuentan con\u00a0cancelaci\u00f3n del ruido ambiental, para que puedas disfrutar de la mejor experiencia de sonido. La tecnolog\u00eda de cancelaci\u00f3n del ruido dual, mediante el algoritmo de sus 3 micr\u00f3fonos de retroalimentaci\u00f3n, se encargan de anular el ruido ambiental\u00a0 en diferentes grados, de una forma eficaz,\u00a0reduciendo el ruido hasta 35 dB. Disfruta del sonido como por ejemplo en un avi\u00f3n, una cafeter\u00eda, en bibliotecas, etc. Los Redmi Buds 3, se adaptaran a cualquier circunstancia para que puedas disfrutar de una experiencia de sonido superior.<\/p>\n<p>Con los Redmi Buds 3, podr\u00e1s disfrutar de hasta\u00a06 horas de m\u00fasica\u00a0con una sola carga (con cancelaci\u00f3n de ruido desactivada)\u00a0 y hasta\u00a0\u00a028 horas de m\u00fasica\u00a0(con cancelaci\u00f3n de ruido desactivada) , con la ayuda de su estuche de carga. Para que puedas disfrutar durante horas del mejor sonido. Adem\u00e1s, cuentan con carga r\u00e1pida, para que puedas escuchar m\u00fasica durante 3 horas con una carga r\u00e1pida de 10 minutos.<\/p>\n<p><u>Audio<\/u>:<\/p>\n<ul>\n<li>Unidad de diafragma: 9 mm<\/li>\n<li>Impedancia: 32 Ohm<\/li>\n<li>Cancelaci\u00f3n de ruido<\/li>\n<\/ul>\n<p>&nbsp;<\/p>\n<p><u>Bater\u00eda<\/u>:<\/p>\n<ul>\n<li>35 mAh (cada auricular)<\/li>\n<li>310 mAh (estuche de carga)<\/li>\n<\/ul>\n<p>&nbsp;<\/p>\n<p><u>Conectividad inal\u00e1mbrica<\/u>: Bluetooth v5.2<\/p>\n<p><strong>\u00a0<\/strong><\/p>\n<h5><strong>*Las im\u00e1genes son a modo ilustrativo.<\/strong><\/h5>\n","protected":false},"excerpt":{"rendered":"<h3><span style=\"color: #339966;\"><strong>$ 1.090<\/strong><\/span><\/h3>\n","protected":false},"featured_media":21504,"comment_status":"open","ping_status":"closed","template":"","meta":[],"_links":{"self":[{"href":"https:\/\/www.appoloviracel.com.uy\/index.php\/wp-json\/wp\/v2\/product\/21503"}],"collection":[{"href":"https:\/\/www.appoloviracel.com.uy\/index.php\/wp-json\/wp\/v2\/product"}],"about":[{"href":"https:\/\/www.appoloviracel.com.uy\/index.php\/wp-json\/wp\/v2\/types\/product"}],"replies":[{"embeddable":true,"href":"https:\/\/www.appoloviracel.com.uy\/index.php\/wp-json\/wp\/v2\/comments?post=21503"}],"wp:featuredmedia":[{"embeddable":true,"href":"https:\/\/www.appoloviracel.com.uy\/index.php\/wp-json\/wp\/v2\/media\/21504"}],"wp:attachment":[{"href":"https:\/\/www.appoloviracel.com.uy\/index.php\/wp-json\/wp\/v2\/media?parent=21503"}],"curies":[{"name":"wp","href":"https:\/\/api.w.org\/{rel}","templated":true}]}}