{"id":21059,"date":"2022-08-31T22:44:15","date_gmt":"2022-09-01T01:44:15","guid":{"rendered":"https:\/\/www.appoloviracel.com.uy\/?post_type=product&#038;p=21059"},"modified":"2023-03-22T17:23:10","modified_gmt":"2023-03-22T20:23:10","slug":"parlante-zealot-s67","status":"publish","type":"product","link":"https:\/\/www.appoloviracel.com.uy\/index.php\/product\/parlante-zealot-s67\/","title":{"rendered":"Parlante Zealot \u00abs67\u00bb"},"content":{"rendered":"<h4>Caracter\u00edsticas y especificaciones:<\/h4>\n<h5>Zealot S67 Port\u00e1til 60W Inal\u00e1mbrico Bluetooth Altavoz Al Aire Libre HiFi Est\u00e9reo Subwoofer Con Correa De Hombro<\/h5>\n<ul>\n<li>La combinaci\u00f3n de tres altavoces principales y diafragmas de bajos duales trae la calidad de sonido extraordinaria.<\/li>\n<li>60W de alta potencia de salida, alto volumen y sonido potente<\/li>\n<li>Tuning profesional, con tres efectos de sonido especiales.<\/li>\n<li>Con una correa para el hombro para facilitar el transporte.<\/li>\n<li>Soporte TWS, 2 altavoces pueden interconectarse<\/li>\n<li>Interfaz de fuente de alimentaci\u00f3n Dual USB Tipo A y Tipo C, conveniente para cargar su tel\u00e9fono m\u00f3vil<\/li>\n<li>con una bater\u00eda incorporada de 14400mAh, proporciona tiempo largo usando<\/li>\n<li>Bluetooth 5.0 Conexi\u00f3n estable y r\u00e1pida<\/li>\n<li>Con micr\u00f3fono de cancelaci\u00f3n de ruido incorporado, traiga llamadas sin manos libres<\/li>\n<li>AUX-IN, TF TARD, reproducci\u00f3n de m\u00fasica de disco U<\/li>\n<\/ul>\n<p>&nbsp;<\/p>\n<p><strong>Especificaci\u00f3n:<\/strong><\/p>\n<ul>\n<li>Versi\u00f3n Bluetooth: 5.0<\/li>\n<li>Capacidad De La Bater\u00eda: 1800mAh * 8, Total 14400mAh<\/li>\n<li>Voltaje De Entrada: 5V \/ 1A<\/li>\n<li>Distancia De Transmisi\u00f3n: 10m<\/li>\n<li>Respuesta De Frecuencia: 20Hz-20kHz<\/li>\n<li>Relaci\u00f3n de la se\u00f1al al ruido: \u226590dB<\/li>\n<li>Voltaje De Trabajo: 7.4V<\/li>\n<li>Distorsi\u00f3n: 1%<\/li>\n<li>Puerto De Carga: Tipo-C<\/li>\n<li>Tiempo de juego: 40 horas.<\/li>\n<li>Tiempo de espera:&gt; 90 d\u00edas<\/li>\n<li>Tiempo de carga: 6-10H (el adaptador de cargador diferente tiene tiempo diferente)<\/li>\n<\/ul>\n<h5><\/h5>\n<h5><strong>*Las im\u00e1genes son a modo ilustrativo.<\/strong><\/h5>\n","protected":false},"excerpt":{"rendered":"<h3><span style=\"color: #339966;\"><strong>$ 4.790<\/strong><\/span><\/h3>\n","protected":false},"featured_media":21060,"comment_status":"open","ping_status":"closed","template":"","meta":[],"_links":{"self":[{"href":"https:\/\/www.appoloviracel.com.uy\/index.php\/wp-json\/wp\/v2\/product\/21059"}],"collection":[{"href":"https:\/\/www.appoloviracel.com.uy\/index.php\/wp-json\/wp\/v2\/product"}],"about":[{"href":"https:\/\/www.appoloviracel.com.uy\/index.php\/wp-json\/wp\/v2\/types\/product"}],"replies":[{"embeddable":true,"href":"https:\/\/www.appoloviracel.com.uy\/index.php\/wp-json\/wp\/v2\/comments?post=21059"}],"wp:featuredmedia":[{"embeddable":true,"href":"https:\/\/www.appoloviracel.com.uy\/index.php\/wp-json\/wp\/v2\/media\/21060"}],"wp:attachment":[{"href":"https:\/\/www.appoloviracel.com.uy\/index.php\/wp-json\/wp\/v2\/media?parent=21059"}],"curies":[{"name":"wp","href":"https:\/\/api.w.org\/{rel}","templated":true}]}}