{"id":20978,"date":"2022-08-30T20:28:17","date_gmt":"2022-08-30T23:28:17","guid":{"rendered":"https:\/\/www.appoloviracel.com.uy\/?post_type=product&#038;p=20978"},"modified":"2022-12-16T10:41:20","modified_gmt":"2022-12-16T13:41:20","slug":"celular-samsung-galaxy-a33-128gb-6gb","status":"publish","type":"product","link":"https:\/\/www.appoloviracel.com.uy\/index.php\/product\/celular-samsung-galaxy-a33-128gb-6gb\/","title":{"rendered":"Celular Samsung \u00abGalaxy A33\u00bb (128Gb-6Gb)"},"content":{"rendered":"<h4>Caracter\u00edsticas y especificaciones:<\/h4>\n<p>Samsung llevaba tiempo avisando de que su l\u00ednea econ\u00f3mica y su l\u00ednea media se preparaban para recibir a nuevos integrantes, y finalmente ya est\u00e1n entre nosotros. Ya tenemos aqu\u00ed, presentado de forma oficial y ya lejos de filtraciones, al <strong>nuevo Samsung Galaxy A33 5G<\/strong> para situarse en las franjas m\u00e1s econ\u00f3micas de la serie A de la firma coreana.<\/p>\n<p>Como era de esperar, el Galaxy A33 5G no es un dechado de potencia pero s\u00ed ofrece caracter\u00edsticas m\u00e1s que interesantes. Como la presencia de una gran bater\u00eda con carga r\u00e1pida, de una pantalla de calidad y protegida con Gorilla Glass 5 o de <strong>los 90Hz de refresco que nos acercan mucho al mundo &#8216;gaming&#8217;<\/strong>.<\/p>\n<ul>\n<li>Pantalla: Super AMOLED de 6,4 pulgadas; FullHD+; Refresco a 90Hz; Gorilla Glass 5<\/li>\n<li>Procesador: Octa-core a 2,4GHz<\/li>\n<li>Version: 6GB\/128GB<\/li>\n<li>MicroSD: hasta 1TB<\/li>\n<li>C\u00e1maras traseras: Principal: 48 megap\u00edxeles f\/1.8, OIS; Angular: 8 megap\u00edxeles f\/2.2; Profundidad: 2 megap\u00edxeles f\/2.4; Macro: 5 megap\u00edxeles f\/2.4<\/li>\n<li>C\u00e1mara frontal: 13 megap\u00edxeles f\/2.2<\/li>\n<li>Bater\u00eda: 5.000 mAh; Carga r\u00e1pida de 25W<\/li>\n<li>Sistema: Android 12; One UI 4.1<\/li>\n<li>Conectividad: 5G; WiFi 5; Bluetooth 5.1; GPS; USB tipo C<\/li>\n<li>Dimensiones: 159,7 * 74 * 8,1 mil\u00edmetros<\/li>\n<li>Peso: 186 gramos<\/li>\n<li>Otros: IP67; Sensor de huellas dactilares<\/li>\n<li>Se incluyen los siguientes accesorios: <strong>Cargador y Manual<\/strong><\/li>\n<li><strong>Garant\u00eda:<\/strong> 12 meses contra defecto de fabricaci\u00f3n<\/li>\n<\/ul>\n<h3><\/h3>\n<h3><strong>\u00a0<\/strong><span style=\"color: #ff0000;\"><strong>Contado efectivo: 10% de Descuento<\/strong><\/span><\/h3>\n<h5><strong>*Las im\u00e1genes son a modo ilustrativo.<\/strong><\/h5>\n","protected":false},"excerpt":{"rendered":"<h3><span style=\"color: #339966;\"><strong>U$S 435<\/strong><\/span><\/h3>\n","protected":false},"featured_media":20979,"comment_status":"open","ping_status":"closed","template":"","meta":[],"_links":{"self":[{"href":"https:\/\/www.appoloviracel.com.uy\/index.php\/wp-json\/wp\/v2\/product\/20978"}],"collection":[{"href":"https:\/\/www.appoloviracel.com.uy\/index.php\/wp-json\/wp\/v2\/product"}],"about":[{"href":"https:\/\/www.appoloviracel.com.uy\/index.php\/wp-json\/wp\/v2\/types\/product"}],"replies":[{"embeddable":true,"href":"https:\/\/www.appoloviracel.com.uy\/index.php\/wp-json\/wp\/v2\/comments?post=20978"}],"wp:featuredmedia":[{"embeddable":true,"href":"https:\/\/www.appoloviracel.com.uy\/index.php\/wp-json\/wp\/v2\/media\/20979"}],"wp:attachment":[{"href":"https:\/\/www.appoloviracel.com.uy\/index.php\/wp-json\/wp\/v2\/media?parent=20978"}],"curies":[{"name":"wp","href":"https:\/\/api.w.org\/{rel}","templated":true}]}}