{"id":20885,"date":"2022-08-29T19:33:45","date_gmt":"2022-08-29T22:33:45","guid":{"rendered":"https:\/\/www.appoloviracel.com.uy\/?post_type=product&#038;p=20885"},"modified":"2024-06-27T19:10:30","modified_gmt":"2024-06-27T22:10:30","slug":"parlante-zealot-s32","status":"publish","type":"product","link":"https:\/\/www.appoloviracel.com.uy\/index.php\/product\/parlante-zealot-s32\/","title":{"rendered":"Parlante Zealot \u00abs32\u00bb"},"content":{"rendered":"<h4>Caracter\u00edsticas y especificaciones:<\/h4>\n<ul>\n<li>Sonido impresionante y fuerte: compacto pero potente, el Bluetooth Zealot S32 Parlantes cuenta con un potente controlador con amplificador para un sonido claro con graves en auge Emparejamiento dual para una experiencia est\u00e9reo de 10 W. (1. Enciende 2 altavoces S32; 2, doble clic &#8211; bot\u00f3n en cualquiera de ellos para conectar; 3, con\u00e9ctalo con tu tel\u00e9fono y reproduce m\u00fasica)<\/li>\n<li>\u3010Ampl\u00eda el tiempo de reproducci\u00f3n\u3011Con una bater\u00eda grande y de calidad de 2500 mAh, puede proporcionar un largo tiempo de placer musical de hasta 12 horas (50% de volumen para m\u00fasica ligera) con una carga completa. Sum\u00e9rgete en los altavoces Bluetooth S32 port\u00e1tiles inal\u00e1mbricos. Regalo perfecto para amigos y familiares.<\/li>\n<li>Altavoz Bluetooth port\u00e1til: el altavoz Zealot para exteriores es tan elegante como viene. El dise\u00f1o de cavidad cil\u00edndrica hace que sea agradable y elegante, el dise\u00f1o compacto maximiza la portabilidad. Col\u00f3calo en una mochila, cu\u00e9lgalo en el manillar con correa. Disfruta de la m\u00fasica en todas partes en casa.<\/li>\n<li>\u3010Todas las formas de juego\u3011 Este mini altavoz inal\u00e1mbrico soporta m\u00faltiples modos de reproducci\u00f3n como puedes imaginar: Bluetooth, unidades flash, tarjeta micro SD (32G MAX)\/ entrada de l\u00ednea AUX. Nunca te pierdas un buen tono en ning\u00fan lugar.<\/li>\n<li>Micr\u00f3fono HD integrado: \u00bfNecesitas hacer una llamada? No hay problema, S32 puede garantizar llamadas de calidad con su altavoz con cancelaci\u00f3n de ruido. Es perfecto para uso en interiores o exteriores: gimnasio, oficina, trabajo o lectura, pesca, senderismo, yoga, etc. No est\u00e1s solo con esta peque\u00f1a cosa.<\/li>\n<\/ul>\n<p>&nbsp;<\/p>\n<ul>\n<li>Parlante port\u00e1til resistente al agua<\/li>\n<li>Bluetooth 5.0 \/ Distancia de transmisi\u00f3n: 10m<\/li>\n<li>Funci\u00f3n TWS<\/li>\n<li>Micr\u00f3fono integrado, compatible con llamadas manos libres<\/li>\n<li>Admite tarjeta micro TF, USB y conector de audio 3.5<\/li>\n<li>Radio FM<\/li>\n<li>5W RMS<\/li>\n<li>IPX5 Waterproof<\/li>\n<li>Fuente de alimentaci\u00f3n: DC 5V-500mA<\/li>\n<li>Bater\u00eda de iones de litio integrada de 2000 mAh<\/li>\n<\/ul>\n<p>&nbsp;<\/p>\n<h5><strong>*Las im\u00e1genes son a modo ilustrativo.<\/strong><\/h5>\n","protected":false},"excerpt":{"rendered":"<h3><span style=\"color: #339966;\"><strong>$ 990<\/strong><\/span><\/h3>\n","protected":false},"featured_media":20886,"comment_status":"open","ping_status":"closed","template":"","meta":[],"_links":{"self":[{"href":"https:\/\/www.appoloviracel.com.uy\/index.php\/wp-json\/wp\/v2\/product\/20885"}],"collection":[{"href":"https:\/\/www.appoloviracel.com.uy\/index.php\/wp-json\/wp\/v2\/product"}],"about":[{"href":"https:\/\/www.appoloviracel.com.uy\/index.php\/wp-json\/wp\/v2\/types\/product"}],"replies":[{"embeddable":true,"href":"https:\/\/www.appoloviracel.com.uy\/index.php\/wp-json\/wp\/v2\/comments?post=20885"}],"wp:featuredmedia":[{"embeddable":true,"href":"https:\/\/www.appoloviracel.com.uy\/index.php\/wp-json\/wp\/v2\/media\/20886"}],"wp:attachment":[{"href":"https:\/\/www.appoloviracel.com.uy\/index.php\/wp-json\/wp\/v2\/media?parent=20885"}],"curies":[{"name":"wp","href":"https:\/\/api.w.org\/{rel}","templated":true}]}}