{"id":20771,"date":"2022-08-28T12:38:48","date_gmt":"2022-08-28T15:38:48","guid":{"rendered":"https:\/\/www.appoloviracel.com.uy\/?post_type=product&#038;p=20771"},"modified":"2022-10-15T15:55:15","modified_gmt":"2022-10-15T18:55:15","slug":"parlante-zealot-s55","status":"publish","type":"product","link":"https:\/\/www.appoloviracel.com.uy\/index.php\/product\/parlante-zealot-s55\/","title":{"rendered":"Parlante Zealot \u00abs55\u00bb"},"content":{"rendered":"<h4>Caracter\u00edsticas y especificaciones:<\/h4>\n<ol>\n<li>Cord\u00f3n port\u00e1til, f\u00e1cil de llevar<br \/>\nAltavoz magn\u00e9tico doble de 2,52 mm, se puede conectar mediante TWS, sonido envolvente est\u00e9reo<br \/>\nAdmite tarjeta TF y reproducci\u00f3n de disco U, tambi\u00e9n se puede utilizar sin Bluetooth<br \/>\nMicr\u00f3fono sensible incorporado, llamada inteligente y clara<br \/>\nEntrada de audio AUX, f\u00e1cil conexi\u00f3n por cable<br \/>\nBot\u00f3n redondo de fondo c\u00f3ncavo, antideslizante y sensible<\/li>\n<\/ol>\n<ol>\n<li>Altavoz est\u00e9reo fuerte con graves ricos: los altavoces est\u00e9reo Bluetooth S55 pueden producir un sonido est\u00e9reo fuerte de salida de 20 W con sus 2 controladores de rango completo y subwoofers duales. Disfruta de graves mejorados sin distorsi\u00f3n.<\/li>\n<li>Altavoces de dientes azules de alta fidelidad de doble emparejamiento: conecta 2 altavoces inal\u00e1mbricos S55 con 1 dispositivo para lograr una experiencia de audio Bluetooth extra fuerte de 40 W. Bluetooth 5.0 garantiza una conexi\u00f3n estable y r\u00e1pida con iPhone, iPod, Samsung, NOKIA, XIAOMI, MI, HUAWEI en 66 pies.<\/li>\n<li>\u3010Ampl\u00eda el tiempo de reproducci\u00f3n\/espect\u00e1culo de luz de fiesta RGB\u3011 Bater\u00eda de calidad adoptada, altavoz Bluetooth S55 con micr\u00f3fono que proporciona hasta 20 horas de duraci\u00f3n de la bater\u00eda y el maravilloso patr\u00f3n de luz de color que recoge con un potente ritmo de graves profundos. Disfruta tanto para la audici\u00f3n como para la visi\u00f3n.<\/li>\n<li>Reproduce como quieras: 4 modos de reproducci\u00f3n para tu elecci\u00f3n: Bluetooth, tarjeta TF (solo archivo MP3), conector de audio de 0.138\u00a0in, USB. Tambi\u00e9n soporta llamadas claras manos libres con micr\u00f3fono HD integrado. Adecuado para todas las ocasiones: relajaci\u00f3n en casa, entrenamiento de gimnasio, camping, reuni\u00f3n familiar.<\/li>\n<li>Resistente al agua IPX5: el altavoz Bluetooth impermeable ZEALOT <strong><span style=\"color: #ff0000;\">es resistente a salpicaduras, lluvia, pulverizaci\u00f3n suave.<\/span><\/strong> (<strong><span style=\"color: #ff0000;\">No tirar al agua<\/span><\/strong>) Es perfecto para piscina, fiesta, barbacoa, cocina, ducha.<\/li>\n<\/ol>\n<p>&nbsp;<\/p>\n<h4>Especificaci\u00f3n:<\/h4>\n<p>1. Versi\u00f3n de Bluetooth: V5.0<br \/>\n2. Altavoz: 5 W x2<br \/>\n3. Distancia de transmisi\u00f3n: unos 10 m<br \/>\n4. Respuesta de frecuencia: 100Hz-20KHz<br \/>\n5. Relaci\u00f3n se\u00f1al \/ ruido: 90dB<br \/>\n6. Voltaje de funcionamiento: 3,7 V<br \/>\n7. Voltaje de carga: DC5V<br \/>\n8. Puerto de carga: Micro USB<br \/>\n9. Capacidad de la bater\u00eda: 1800 mAh<br \/>\n10. Tiempo de conversaci\u00f3n: alrededor de 3 h.<br \/>\n11. Reproducci\u00f3n de m\u00fasica: aproximadamente 3,5 h<br \/>\n12. Tiempo en espera: unos 30 d\u00edas.<br \/>\n13. Tiempo de carga: aproximadamente 2.5 h (el tiempo de especificaciones del cargador es diferente)<br \/>\n14.Entrada USB: 5V 1A<br \/>\n15. Tama\u00f1o: 80 *80 *192mm<\/p>\n<h5><strong>*Las im\u00e1genes son a modo ilustrativo.<\/strong><\/h5>\n","protected":false},"excerpt":{"rendered":"<h3><span style=\"color: #339966;\"><strong>$ 1.750<\/strong><\/span><\/h3>\n","protected":false},"featured_media":20772,"comment_status":"open","ping_status":"closed","template":"","meta":[],"_links":{"self":[{"href":"https:\/\/www.appoloviracel.com.uy\/index.php\/wp-json\/wp\/v2\/product\/20771"}],"collection":[{"href":"https:\/\/www.appoloviracel.com.uy\/index.php\/wp-json\/wp\/v2\/product"}],"about":[{"href":"https:\/\/www.appoloviracel.com.uy\/index.php\/wp-json\/wp\/v2\/types\/product"}],"replies":[{"embeddable":true,"href":"https:\/\/www.appoloviracel.com.uy\/index.php\/wp-json\/wp\/v2\/comments?post=20771"}],"wp:featuredmedia":[{"embeddable":true,"href":"https:\/\/www.appoloviracel.com.uy\/index.php\/wp-json\/wp\/v2\/media\/20772"}],"wp:attachment":[{"href":"https:\/\/www.appoloviracel.com.uy\/index.php\/wp-json\/wp\/v2\/media?parent=20771"}],"curies":[{"name":"wp","href":"https:\/\/api.w.org\/{rel}","templated":true}]}}