{"id":20741,"date":"2022-08-27T16:55:49","date_gmt":"2022-08-27T19:55:49","guid":{"rendered":"https:\/\/www.appoloviracel.com.uy\/?post_type=product&#038;p=20741"},"modified":"2024-04-22T19:03:55","modified_gmt":"2024-04-22T22:03:55","slug":"teclado-mecanico-meetion-mk005-gamer-60","status":"publish","type":"product","link":"https:\/\/www.appoloviracel.com.uy\/index.php\/product\/teclado-mecanico-meetion-mk005-gamer-60\/","title":{"rendered":"Teclado Meetion \u00abMK005\u00bb Mec\u00e1nico  Gamer"},"content":{"rendered":"<h4>Caracter\u00edsticas y especificaciones:<\/h4>\n<p>El teclado MT &#8211; MK007, es un teclado gamer con un dise\u00f1o totalmente limpio est\u00e1 compuesto por 104 teclas todas equipadas con interruptores mec\u00e1nicos \u201cBLUE SWITCH\u201d OUTEMU, todas las teclas cuentan con iluminaci\u00f3n RGB y con Anti-Ghosting. Entre las funciones especiales, podemos destacar las 13 modalidades de colores que trae, junto a otras 7 pre-dise\u00f1adas para distintos videojuegos y otros 3 slots totalmente personalizables. Adem\u00e1s, tambi\u00e9n nos encontramos que cuenta con las ya t\u00edpicas teclas de funciones especiales como la regulaci\u00f3n de volumen, botones multimedia, entre otros. Tambi\u00e9n, tenemos la posibilidad de bloquear la tecla de Windows para que cuando estemos jugando no pasemos a minimizar la ventana que tengamos en frente.<\/p>\n<ul>\n<li>Anti-Ghosting: Todas las teclas<\/li>\n<li>Cantidad de accesos directos: 12 Botones<\/li>\n<li>Tipo de teclas: Teclas mec\u00e1nicas \u201cBLUE SWITCH\u201d OUTEMU<\/li>\n<li>Sistemas Compatibles: WINDOWS XP\/VISTA\/7\/8\/10 MAC OS X<\/li>\n<li>Tiempo de funcionamiento sin errores: M\u00e1s de 50 millones de veces<\/li>\n<li>Interface: GOLD-PLATING USB<\/li>\n<li>Longitud de cable: 180 \u00b1 1 CM<\/li>\n<li>Dimensiones: 437*136*38 MM<\/li>\n<li>Peso: 905\u00b15G<\/li>\n<\/ul>\n<p>&nbsp;<\/p>\n<h5><strong>*Las im\u00e1genes son a modo ilustrativo.<\/strong><\/h5>\n","protected":false},"excerpt":{"rendered":"<h3><span style=\"color: #008000;\"><strong>$ 2.050<\/strong><\/span><\/h3>\n","protected":false},"featured_media":20742,"comment_status":"open","ping_status":"closed","template":"","meta":[],"_links":{"self":[{"href":"https:\/\/www.appoloviracel.com.uy\/index.php\/wp-json\/wp\/v2\/product\/20741"}],"collection":[{"href":"https:\/\/www.appoloviracel.com.uy\/index.php\/wp-json\/wp\/v2\/product"}],"about":[{"href":"https:\/\/www.appoloviracel.com.uy\/index.php\/wp-json\/wp\/v2\/types\/product"}],"replies":[{"embeddable":true,"href":"https:\/\/www.appoloviracel.com.uy\/index.php\/wp-json\/wp\/v2\/comments?post=20741"}],"wp:featuredmedia":[{"embeddable":true,"href":"https:\/\/www.appoloviracel.com.uy\/index.php\/wp-json\/wp\/v2\/media\/20742"}],"wp:attachment":[{"href":"https:\/\/www.appoloviracel.com.uy\/index.php\/wp-json\/wp\/v2\/media?parent=20741"}],"curies":[{"name":"wp","href":"https:\/\/api.w.org\/{rel}","templated":true}]}}