{"id":20722,"date":"2022-08-27T00:19:22","date_gmt":"2022-08-27T03:19:22","guid":{"rendered":"https:\/\/www.appoloviracel.com.uy\/?post_type=product&#038;p=20722"},"modified":"2024-04-11T20:20:56","modified_gmt":"2024-04-11T23:20:56","slug":"parlante-zealot-s16","status":"publish","type":"product","link":"https:\/\/www.appoloviracel.com.uy\/index.php\/product\/parlante-zealot-s16\/","title":{"rendered":"Parlante Zealot \u00abs16\u00bb"},"content":{"rendered":"<h4>Caracter\u00edsticas y especificaciones:<\/h4>\n<p>Compacto pero potente; El altavoz inal\u00e1mbrico Zealot S16 ofrece agudos claros y graves profundos con el <strong>controlador de precisi\u00f3n<\/strong> dual de 5 W. El altavoz tiene una sensaci\u00f3n muy premium gracias al dise\u00f1o y los materiales de alta calidad.<\/p>\n<p>El pr\u00e1ctico dispositivo no es solo un altavoz, sino <strong>que tambi\u00e9n funciona como un banco de energ\u00eda<\/strong> . Cuando su tel\u00e9fono tiene una bater\u00eda vac\u00eda, \u00a1simplemente puede cargarlo a trav\u00e9s del altavoz!<\/p>\n<p>El altavoz utiliza <strong>Bluetooth 4.2<\/strong> para transmitir m\u00fasica de forma inal\u00e1mbrica desde su tel\u00e9fono, tableta o computadora port\u00e1til. Con la ayuda de Bluetooth, este altavoz se puede controlar de forma completamente inal\u00e1mbrica hasta 10 metros de distancia a trav\u00e9s de su tel\u00e9fono inteligente.<\/p>\n<p>Incluso puede <strong>recibir y realizar llamadas<\/strong> con los dos botones en la parte superior del altavoz, y el micr\u00f3fono con cancelaci\u00f3n de ruido incorporado lo ayuda a mantener llamadas telef\u00f3nicas n\u00edtidas.<\/p>\n<p>F\u00e1cil de llevar contigo y escuchar m\u00fasica todo el d\u00eda fuera de la comodidad de tu hogar. Gracias a la bater\u00eda de 4000 mAh de Zealot, puedes disfrutar de un <strong>tiempo de juego extra largo de hasta 20 horas<\/strong> , \u00a1perfecto para estar al aire libre durante mucho tiempo!<\/p>\n<p>No solo puede usar Bluetooth para la transmisi\u00f3n de audio, sino que tambi\u00e9n hay una <strong>interfaz AUX<\/strong> para uso anal\u00f3gico. Adem\u00e1s, hay una entrada para sus tarjetas micro-SD\/TF. Para cargar, utilice el cable de carga USB suministrado. El altavoz tiene un puerto Micro-USB o USB para cargar.<\/p>\n<p>El Zealot S32 es <strong>a prueba de salpicaduras IPX5<\/strong> , lo que significa que no se da\u00f1ar\u00e1 incluso cuando se roc\u00ede con agua.<\/p>\n<p>Funciones: Altavoz inal\u00e1mbrico bluetooth, banco de energ\u00eda, compatible con tarjeta microSD y cable auxiliar de audio<\/p>\n<p>Versi\u00f3n de Bluetooth: V4.2<br \/>\nMaterial exterior: Metal<br \/>\nGrado de Impermeabilidad: IP5 resistente al agua<br \/>\nAltavoz: 4 \u03a9 x 2, 5 W * 2<br \/>\nRango de transmisi\u00f3n: 10m<br \/>\nCapacidad de la bater\u00eda: 4000mAh<br \/>\nTiempo de carga: 8 horas<br \/>\nTiempo de reproducci\u00f3n de m\u00fasica: 20 horas<br \/>\nTama\u00f1o del producto: 17,9 cm * 8cm * 8cm<br \/>\nPeso: 532grs<br \/>\nCompatible con: iPhones, tel\u00e9fonos Android como Samsung,ZTE, etc. PC port\u00e1til.<\/p>\n<h5><strong>*Las im\u00e1genes son a modo ilustrativo.<\/strong><\/h5>\n","protected":false},"excerpt":{"rendered":"<h3><span style=\"color: #339966;\"><strong>$ 1.850<\/strong><\/span><\/h3>\n","protected":false},"featured_media":20723,"comment_status":"open","ping_status":"closed","template":"","meta":[],"_links":{"self":[{"href":"https:\/\/www.appoloviracel.com.uy\/index.php\/wp-json\/wp\/v2\/product\/20722"}],"collection":[{"href":"https:\/\/www.appoloviracel.com.uy\/index.php\/wp-json\/wp\/v2\/product"}],"about":[{"href":"https:\/\/www.appoloviracel.com.uy\/index.php\/wp-json\/wp\/v2\/types\/product"}],"replies":[{"embeddable":true,"href":"https:\/\/www.appoloviracel.com.uy\/index.php\/wp-json\/wp\/v2\/comments?post=20722"}],"wp:featuredmedia":[{"embeddable":true,"href":"https:\/\/www.appoloviracel.com.uy\/index.php\/wp-json\/wp\/v2\/media\/20723"}],"wp:attachment":[{"href":"https:\/\/www.appoloviracel.com.uy\/index.php\/wp-json\/wp\/v2\/media?parent=20722"}],"curies":[{"name":"wp","href":"https:\/\/api.w.org\/{rel}","templated":true}]}}