{"id":2039,"date":"2020-11-21T22:38:25","date_gmt":"2020-11-22T01:38:25","guid":{"rendered":"https:\/\/www.appoloviracel.com.uy\/?post_type=product&#038;p=2039"},"modified":"2021-06-05T23:27:17","modified_gmt":"2021-06-06T02:27:17","slug":"funda-p-samsung-s8-plus","status":"publish","type":"product","link":"https:\/\/www.appoloviracel.com.uy\/index.php\/product\/funda-p-samsung-s8-plus\/","title":{"rendered":"Funda para Samsung \u00abs8Plus\u00bb"},"content":{"rendered":"<h5><strong>*Las im\u00e1genes son a modo ilustrativo<\/strong><strong>.<\/strong><\/h5>\n<div id=\"sconnect-is-installed\" style=\"display: none;\">2.11.0.0<\/div>\n","protected":false},"excerpt":{"rendered":"<h3><span lang=\"ES\" style=\"color: #339966;\">* El precio var\u00eda seg\u00fan el dise\u00f1o y la disponibilidad del stock.<\/span><\/h3>\n<div id=\"sconnect-is-installed\" style=\"display: none;\">2.11.0.0<\/div>\n","protected":false},"featured_media":3438,"comment_status":"open","ping_status":"closed","template":"","meta":[],"_links":{"self":[{"href":"https:\/\/www.appoloviracel.com.uy\/index.php\/wp-json\/wp\/v2\/product\/2039"}],"collection":[{"href":"https:\/\/www.appoloviracel.com.uy\/index.php\/wp-json\/wp\/v2\/product"}],"about":[{"href":"https:\/\/www.appoloviracel.com.uy\/index.php\/wp-json\/wp\/v2\/types\/product"}],"replies":[{"embeddable":true,"href":"https:\/\/www.appoloviracel.com.uy\/index.php\/wp-json\/wp\/v2\/comments?post=2039"}],"wp:featuredmedia":[{"embeddable":true,"href":"https:\/\/www.appoloviracel.com.uy\/index.php\/wp-json\/wp\/v2\/media\/3438"}],"wp:attachment":[{"href":"https:\/\/www.appoloviracel.com.uy\/index.php\/wp-json\/wp\/v2\/media?parent=2039"}],"curies":[{"name":"wp","href":"https:\/\/api.w.org\/{rel}","templated":true}]}}