{"id":20183,"date":"2022-08-19T00:21:43","date_gmt":"2022-08-19T03:21:43","guid":{"rendered":"https:\/\/www.appoloviracel.com.uy\/?post_type=product&#038;p=20183"},"modified":"2022-09-17T10:21:56","modified_gmt":"2022-09-17T13:21:56","slug":"tablet-alcatel-3t-10-pulgadas-4g-32gb-2gb","status":"publish","type":"product","link":"https:\/\/www.appoloviracel.com.uy\/index.php\/product\/tablet-alcatel-3t-10-pulgadas-4g-32gb-2gb\/","title":{"rendered":"Tablet Alcatel \u00ab3T\u00bb10 pulgadas 4G (32Gb-2Gb)"},"content":{"rendered":"<h4>Caracter\u00edsticas y especificaciones:<\/h4>\n<h4><strong>Dise\u00f1o<\/strong><\/h4>\n<ul>\n<li>\u00a0\u00a0\u00a0 Alto: 156,6 mm<\/li>\n<li>\u00a0\u00a0\u00a0 Ancho: 260 mm<\/li>\n<li>\u00a0\u00a0\u00a0 Ancho: 9 mm<\/li>\n<li>\u00a0\u00a0\u00a0 Peso: 440 g<\/li>\n<li>\u00a0\u00a0\u00a0 Lector de huellas: SI<\/li>\n<\/ul>\n<p>Alcatel presenta la tablet Alcatel 3T 10 4G. Una tablet con dise\u00f1o sencillo, delgada y con bordes pronunciados para encuadrar la pantalla de 10 pulgadas. Una de las principales caracter\u00edsticas es la inclusi\u00f3n del asistente virtual de Google gracias al sistema operativo Android 10.<\/p>\n<h4><strong>Pantalla<\/strong><\/h4>\n<ul>\n<li>\u00a0\u00a0\u00a0 Tama\u00f1o: 10,00 pulgadas<\/li>\n<li>\u00a0\u00a0\u00a0 Tipo pantalla: IPS<\/li>\n<li>\u00a0\u00a0\u00a0 Resoluci\u00f3n: 800 * 1280<\/li>\n<\/ul>\n<p>La tablet Alcatel 3T10 llega con una pantalla IPS de 10 pulgadas pensada para el entretenimiento cinematogr\u00e1fico ocupando el 77% del panel frontal. La pantalla cuenta con resoluci\u00f3n HD (800 x 1280 p\u00edxeles) y es capaz de reproducir hasta 16 millones de colores.<\/p>\n<h4><strong>Software<\/strong><\/h4>\n<ul>\n<li>\u00a0\u00a0\u00a0 Sistema operativo: Android<\/li>\n<li>\u00a0\u00a0\u00a0 Versi\u00f3n SO: 9.0<\/li>\n<\/ul>\n<p>La Alcatel 3T10 ejecuta la versi\u00f3n Andorid 9.0 de Google, en la que se incluye el asistente virtual con el que podemos controlar gran parte de los electrodom\u00e9sticos y dispositivos conectados de nuestro hogar.<\/p>\n<h4><strong>Hardware<\/strong><\/h4>\n<ul>\n<li>\u00a0\u00a0\u00a0 Procesador: Snapdragon 439<\/li>\n<li>\u00a0\u00a0\u00a0 CPU 1: Cortex-A53<\/li>\n<li>\u00a0\u00a0\u00a0 N\u00facleos: 4<\/li>\n<li>\u00a0\u00a0\u00a0 Velocidad: 1.95 Mhz<\/li>\n<li>\u00a0\u00a0\u00a0 CPU 2: Cortex-A53<\/li>\n<li>\u00a0\u00a0\u00a0 N\u00facleos: 4<\/li>\n<li>\u00a0\u00a0\u00a0 Velocidad: 1.45 Mhz<\/li>\n<\/ul>\n<h4><\/h4>\n<h4><strong>Almacenamiento: <\/strong><\/h4>\n<ul>\n<li>\u00a0\u00a0\u00a0 Memoria RAM: 2Gb<\/li>\n<li>\u00a0\u00a0\u00a0 Memoria Interna: 32Gb<\/li>\n<\/ul>\n<p>En el interior de la Alcatel 3T10 se esconde un procesador Snapdragon 439 y 2 GB de RAM, una cifra alco escasa, pero que se compensa con los 32 GB de almacenamiento interno y que se pueden ampliar a los 128 GB con tarjeta MicroSD.<\/p>\n<h4><strong>C\u00e1mara<\/strong><\/h4>\n<h5>\u00a0\u00a0\u00a0 C\u00e1mara principal:<\/h5>\n<ul>\n<li>\u00a0\u00a0\u00a0\u00a0\u00a0\u00a0\u00a0 Resoluci\u00f3n: 2 MP<\/li>\n<li>\u00a0\u00a0\u00a0\u00a0\u00a0\u00a0\u00a0 Apertura: f\/2.0<\/li>\n<li>\u00a0\u00a0\u00a0\u00a0\u00a0\u00a0\u00a0 Flash: Flash LED de un tono<\/li>\n<li>\u00a0\u00a0\u00a0\u00a0\u00a0\u00a0\u00a0 V\u00eddeo: Full HD 1080p<\/li>\n<\/ul>\n<h5><\/h5>\n<h5>C\u00e1mara dual:<\/h5>\n<ul>\n<li>\u00a0\u00a0\u00a0\u00a0\u00a0\u00a0\u00a0 Resoluci\u00f3n: 2.0<\/li>\n<li>\u00a0\u00a0\u00a0\u00a0\u00a0\u00a0\u00a0 Apertura: f\/2.4<\/li>\n<\/ul>\n<h5><\/h5>\n<h5>C\u00e1mara frontal:<\/h5>\n<ul>\n<li>\u00a0\u00a0\u00a0\u00a0\u00a0\u00a0\u00a0 Resoluci\u00f3n: 8.0<\/li>\n<li>\u00a0\u00a0\u00a0\u00a0\u00a0\u00a0\u00a0 Apertura: f\/2.0<\/li>\n<li>\u00a0\u00a0\u00a0\u00a0\u00a0\u00a0\u00a0 V\u00eddeo: HD 720p<\/li>\n<\/ul>\n<p>El apartado fotogr\u00e1fico es m\u00e1s sencillo con dos c\u00e1maras, una en la parte trasera y otra en la parte frontal. Ambas son sensores de 2 MP con apertura f\/2.8 y tama\u00f1o del p\u00edxel de 1.65\u00b5m.<\/p>\n<h4><strong>Bater\u00eda<\/strong><\/h4>\n<ul>\n<li>\u00a0\u00a0\u00a0 Capacidad: 4.080 mAh<\/li>\n<li>\u00a0\u00a0\u00a0 Duraci\u00f3n Stand-by: 670 h<\/li>\n<li>\u00a0\u00a0\u00a0 Bater\u00eda extraible: NO<\/li>\n<li>\u00a0\u00a0\u00a0 Carga r\u00e1pida: NO<\/li>\n<li>\u00a0\u00a0\u00a0 Carga inal\u00e1mbrica: NO<\/li>\n<li>\u00a0\u00a0\u00a0 Extras:<\/li>\n<li>\u00a0\u00a0\u00a0 MicroUSB 2.0<\/li>\n<\/ul>\n<p>La bater\u00eda es de 4080 mAh y garantiza una autonom\u00eda de hasta dos d\u00edas con un uso moderado y 670 horas en standby seg\u00fan el fabricante.<\/p>\n<h4><strong>Conectividad<\/strong><\/h4>\n<ul>\n<li>\u00a0\u00a0\u00a0 NFC: SI<\/li>\n<li>\u00a0\u00a0\u00a0 Bluetooth: 4.2<\/li>\n<li>\u00a0\u00a0\u00a0 WiFi: 802.11b\/g\/n<\/li>\n<li>\u00a0\u00a0\u00a0 USB: microUSB 2.0<\/li>\n<li>\u00a0\u00a0\u00a0 Conector jack: SI<\/li>\n<li>\u00a0\u00a0\u00a0 Navegaci\u00f3n por sat\u00e9lite: GPS<\/li>\n<li>\u00a0\u00a0\u00a0 Redes compatibles:<\/li>\n<li>\u00a0\u00a0\u00a0\u00a0\u00a0\u00a0 Redes 2G (GSM): GSM 850\/900\/1800\/1900 MHz<\/li>\n<li>\u00a0\u00a0\u00a0\u00a0\u00a0\u00a0 Redes 3G (HSDPA): HSPA+ (42M bit\/s DL, 11Mbit\/s UL) MHz<\/li>\n<li>\u00a0\u00a0\u00a0\u00a0\u00a0\u00a0 Compatible 3G Espa\u00f1a: SI<\/li>\n<li>\u00a0\u00a0\u00a0\u00a0\u00a0\u00a0 Redes 4G (LTE): 1\/3\/7\/8\/20\/28 MHz<\/li>\n<li>\u00a0\u00a0\u00a0\u00a0\u00a0\u00a0 Compatible 4G Espa\u00f1a: SI<\/li>\n<\/ul>\n<p>El Alcatel 3T 10 4G cuenta con compatibilidad 4G LTE, as\u00ed como con Wi-Fi 802.11 b\/g\/n, Bluetooth 4.2 y GPS. Tiene disponibilidad conmicro USB y podemos ampliar el almacenamiento con tarjetas SD.<\/p>\n<h4><strong>Sonido<\/strong><\/h4>\n<ul>\n<li>\u00a0Radio FM: SI<\/li>\n<li>Se incluyen los siguientes accesorios: <strong>Cargador y Manual <\/strong><\/li>\n<li><strong>Garant\u00eda:<\/strong> 12 meses contra defecto de fabricaci\u00f3n<\/li>\n<\/ul>\n<h4><\/h4>\n<h4><span style=\"color: #ff0000;\"><strong>Contado efectivo: 10% de Descuento<\/strong><\/span><\/h4>\n<h5><strong>*Las im\u00e1genes son a modo ilustrativo.<\/strong><\/h5>\n","protected":false},"excerpt":{"rendered":"<h3><span style=\"color: #339966;\"><strong>U$S 269<\/strong><\/span><\/h3>\n","protected":false},"featured_media":20184,"comment_status":"open","ping_status":"closed","template":"","meta":[],"_links":{"self":[{"href":"https:\/\/www.appoloviracel.com.uy\/index.php\/wp-json\/wp\/v2\/product\/20183"}],"collection":[{"href":"https:\/\/www.appoloviracel.com.uy\/index.php\/wp-json\/wp\/v2\/product"}],"about":[{"href":"https:\/\/www.appoloviracel.com.uy\/index.php\/wp-json\/wp\/v2\/types\/product"}],"replies":[{"embeddable":true,"href":"https:\/\/www.appoloviracel.com.uy\/index.php\/wp-json\/wp\/v2\/comments?post=20183"}],"wp:featuredmedia":[{"embeddable":true,"href":"https:\/\/www.appoloviracel.com.uy\/index.php\/wp-json\/wp\/v2\/media\/20184"}],"wp:attachment":[{"href":"https:\/\/www.appoloviracel.com.uy\/index.php\/wp-json\/wp\/v2\/media?parent=20183"}],"curies":[{"name":"wp","href":"https:\/\/api.w.org\/{rel}","templated":true}]}}