{"id":20022,"date":"2022-08-16T18:50:45","date_gmt":"2022-08-16T21:50:45","guid":{"rendered":"https:\/\/www.appoloviracel.com.uy\/?post_type=product&#038;p=20022"},"modified":"2023-02-03T19:14:20","modified_gmt":"2023-02-03T22:14:20","slug":"celular-samsung-galaxy-a53-5g-128gb-4gb","status":"publish","type":"product","link":"https:\/\/www.appoloviracel.com.uy\/index.php\/product\/celular-samsung-galaxy-a53-5g-128gb-4gb\/","title":{"rendered":"Celular Samsung \u00abGalaxy A53\u00bb 5G (128Gb-6Gb)"},"content":{"rendered":"<h4>Caracter\u00edsticas y especificaciones:<\/h4>\n<ul>\n<li>Pantalla: Super AMOLED Full HD+ de 6,5 pulgadas, 120 Hz (el refresco no es adaptativo) y cobertura Corning Gorilla Glass 5<\/li>\n<li>Procesador: Exynos 1280 de 8 n\u00facleos con fotolitograf\u00eda de 5 nm<\/li>\n<li>Gr\u00e1ficos: Mali G68<\/li>\n<li>Memoria: 6Gb<\/li>\n<li>Almacenamiento: 128Gb<\/li>\n<li>C\u00e1mara delantera: Sensor de 32 megap\u00edxeles y \u00f3ptica con valor de apertura f\/2.2<\/li>\n<li>C\u00e1maras traseras:<\/li>\n<li>Principal: sensor de 64 megap\u00edxeles, \u00f3ptica con valor de apertura f\/1.8 y estabilizaci\u00f3n \u00f3ptica<\/li>\n<li>Ultra gran angular: sensor de 12 megap\u00edxeles y \u00f3ptica con valor de apertura f\/2.2<\/li>\n<li>C\u00e1mara de profundidad: sensor de 5 megap\u00edxeles y \u00f3ptica con valor de apertura f\/2.4<\/li>\n<li>C\u00e1mara macro: sensor de 5 megap\u00edxeles y \u00f3ptica con valor de apertura f\/2.4<\/li>\n<li>Conectividad: USB-C<\/li>\n<li>Ranura para tarjetas micro-SD de hasta 1 TB compartida con bandeja SIM<\/li>\n<li>Conectividad inal\u00e1mbrica: 5G; Wi-Fi 802.11ac; Bluetooth 5.1; NFC<\/li>\n<li>Sistema operativo: Android 12; One UI 4.1<\/li>\n<li>Sensores: Lector de huellas dactilares bajo la pantalla, aceler\u00f3metro, sensor de luz ambiental, giroscopio, br\u00fajula y sensor de proximidad<\/li>\n<li>Bater\u00eda: 5000 mAh; Carga r\u00e1pida de 25 vatios<\/li>\n<li>Sonido: Estereof\u00f3nico; 360 Audio<\/li>\n<li>Protecci\u00f3n ip: IP67<\/li>\n<li>Dimensiones: 159,6 * 74,8 * 8,1 mm<\/li>\n<li>Peso: 189 grs.<\/li>\n<li>Se incluyen los siguientes accesorios: <strong>Cargador y Manual<\/strong><\/li>\n<li><strong>Garant\u00eda:<\/strong> 12 meses contra defecto de fabricaci\u00f3n<\/li>\n<\/ul>\n<h4><\/h4>\n<h4><span style=\"color: #ff0000;\"><strong>Contado efectivo: 10% de Descuento<\/strong><\/span><\/h4>\n<h5><strong>*Las im\u00e1genes son a modo ilustrativo.<\/strong><\/h5>\n","protected":false},"excerpt":{"rendered":"<h3><span style=\"color: #339966;\">U$S 530<\/span><\/h3>\n<h3><span style=\"color: #ff0000;\"><strong>\u00a0<\/strong><\/span><\/h3>\n","protected":false},"featured_media":20023,"comment_status":"open","ping_status":"closed","template":"","meta":[],"_links":{"self":[{"href":"https:\/\/www.appoloviracel.com.uy\/index.php\/wp-json\/wp\/v2\/product\/20022"}],"collection":[{"href":"https:\/\/www.appoloviracel.com.uy\/index.php\/wp-json\/wp\/v2\/product"}],"about":[{"href":"https:\/\/www.appoloviracel.com.uy\/index.php\/wp-json\/wp\/v2\/types\/product"}],"replies":[{"embeddable":true,"href":"https:\/\/www.appoloviracel.com.uy\/index.php\/wp-json\/wp\/v2\/comments?post=20022"}],"wp:featuredmedia":[{"embeddable":true,"href":"https:\/\/www.appoloviracel.com.uy\/index.php\/wp-json\/wp\/v2\/media\/20023"}],"wp:attachment":[{"href":"https:\/\/www.appoloviracel.com.uy\/index.php\/wp-json\/wp\/v2\/media?parent=20022"}],"curies":[{"name":"wp","href":"https:\/\/api.w.org\/{rel}","templated":true}]}}